{"id":1319,"date":"2016-02-13T16:36:00","date_gmt":"2016-02-13T14:36:00","guid":{"rendered":"http:\/\/demo1.epbilisim.net\/?page_id=1319"},"modified":"2020-03-14T23:48:03","modified_gmt":"2020-03-14T20:48:03","slug":"fuaye-ve-lobi-isitma","status":"publish","type":"page","link":"https:\/\/isitmakablosu.com\/TR\/kullanim-alanlari\/fuaye-ve-lobi-isitma\/","title":{"rendered":"Fuaye ve Lobi \u0131s\u0131tma"},"content":{"rendered":"<div class=\"fusion-fullwidth fullwidth-box fusion-builder-row-1 nonhundred-percent-fullwidth non-hundred-percent-height-scrolling\" style=\"--awb-border-radius-top-left:0px;--awb-border-radius-top-right:0px;--awb-border-radius-bottom-right:0px;--awb-border-radius-bottom-left:0px;--awb-flex-wrap:wrap;\" ><div class=\"fusion-builder-row fusion-row\"><div class=\"fusion-layout-column fusion_builder_column fusion-builder-column-0 fusion_builder_column_3_4 3_4 fusion-three-fourth fusion-column-first\" style=\"--awb-bg-size:cover;--awb-margin-bottom:0px;width:74%; margin-right: 4%;\"><div class=\"fusion-column-wrapper fusion-flex-column-wrapper-legacy\"><div class=\"fusion-text fusion-text-1\"><p style=\"text-align: justify;\"><img decoding=\"async\" class=\"alignnone size-large wp-image-2650\" src=\"http:\/\/isitmakablosu.com\/TR\/wp-content\/uploads\/2016\/02\/loby-\u0131s\u0131tma-sistemleri-resmi--1024x380.jpg\" alt=\"loby-\u0131s\u0131tma-sistemleri-resmi-\" width=\"1024\" height=\"380\" srcset=\"https:\/\/isitmakablosu.com\/TR\/wp-content\/uploads\/2016\/02\/loby-\u0131s\u0131tma-sistemleri-resmi--200x74.jpg 200w, https:\/\/isitmakablosu.com\/TR\/wp-content\/uploads\/2016\/02\/loby-\u0131s\u0131tma-sistemleri-resmi--300x111.jpg 300w, https:\/\/isitmakablosu.com\/TR\/wp-content\/uploads\/2016\/02\/loby-\u0131s\u0131tma-sistemleri-resmi--400x148.jpg 400w, https:\/\/isitmakablosu.com\/TR\/wp-content\/uploads\/2016\/02\/loby-\u0131s\u0131tma-sistemleri-resmi--600x223.jpg 600w, https:\/\/isitmakablosu.com\/TR\/wp-content\/uploads\/2016\/02\/loby-\u0131s\u0131tma-sistemleri-resmi--768x285.jpg 768w, https:\/\/isitmakablosu.com\/TR\/wp-content\/uploads\/2016\/02\/loby-\u0131s\u0131tma-sistemleri-resmi--800x297.jpg 800w, https:\/\/isitmakablosu.com\/TR\/wp-content\/uploads\/2016\/02\/loby-\u0131s\u0131tma-sistemleri-resmi--1024x380.jpg 1024w, https:\/\/isitmakablosu.com\/TR\/wp-content\/uploads\/2016\/02\/loby-\u0131s\u0131tma-sistemleri-resmi--1200x445.jpg 1200w, https:\/\/isitmakablosu.com\/TR\/wp-content\/uploads\/2016\/02\/loby-\u0131s\u0131tma-sistemleri-resmi-.jpg 1280w\" sizes=\"(max-width: 1024px) 100vw, 1024px\" \/><\/p>\n<p style=\"text-align: justify;\">Otel ve i\u015f merkezlerinin fuayeleri genellikle \u00e7ok y\u00fcksek tavanl\u0131 geni\u015f ve e\u015fyas\u0131z alanlard\u0131r. Fuayelerin y\u00fcksekli\u011finden dolay\u0131 \u00fcflemeli \u0131s\u0131tma sistemlerini yerle\u015ftirmek zor oldu\u011fu gibi, y\u00fckseklikten dolay\u0131 olu\u015fan geni\u015f hacimleri \u0131s\u0131tmak \u00e7ok masrafl\u0131d\u0131r. Bu tip uygulamalarda duvar tip radyat\u00f6rler g\u00f6rsel ve yer a\u00e7\u0131s\u0131ndan sak\u0131ncal\u0131d\u0131r.<br \/>\nRadyan yap\u0131daki elektrikli yerden \u0131s\u0131tma sistemleri objelerin \u0131s\u0131nmas\u0131n\u0131 sa\u011flar, hacmi \u0131s\u0131tmak gereksizdir. Konforu d\u00fc\u015f\u00fcrmeden ortam s\u0131cakl\u0131\u011f\u0131n\u0131 en az 3-4 \u00b0C d\u00fc\u015f\u00fcrmek m\u00fcmk\u00fcnd\u00fcr. Yerden \u0131s\u0131t\u0131lan bir fuayede insanlar y\u00fcr\u00fcd\u00fck\u00e7e yerin s\u0131cakl\u0131\u011f\u0131 v\u00fccutlar\u0131na yans\u0131r. G\u00fcnd\u00fcz destek sistemi olarak kullan\u0131lan elektrikli yerden \u0131s\u0131tma geceleri, bina \u0131s\u0131tmas\u0131 durdurulunca geceleri tek ba\u015f\u0131na \u00e7al\u0131\u015fabilir.<\/p>\n<\/div><div class=\"fusion-clearfix\"><\/div><\/div><\/div><div class=\"fusion-layout-column fusion_builder_column fusion-builder-column-1 fusion_builder_column_1_4 1_4 fusion-one-fourth fusion-column-last\" style=\"--awb-bg-size:cover;--awb-margin-bottom:0px;width:22%;\"><div class=\"fusion-column-wrapper fusion-flex-column-wrapper-legacy\"><div class=\"fusion-widget-area awb-widget-area-element fusion-widget-area-1 fusion-content-widget-area\" style=\"--awb-title-color:#333333;--awb-padding:0px 0px 0px 0px;\"><div id=\"nav_menu-4\" class=\"widget widget_nav_menu\"><div class=\"heading\"><h4 class=\"widget-title\">Kullan\u0131m Alanlar\u0131<\/h4><\/div><div class=\"menu-kullanim-container\"><ul id=\"menu-kullanim\" class=\"menu\"><li id=\"menu-item-3046\" class=\"menu-item menu-item-type-post_type menu-item-object-page menu-item-3046\"><a href=\"https:\/\/isitmakablosu.com\/TR\/kullanim-alanlari\/acik-alanlarda-yaya-guvenligi\/\">A\u00e7\u0131k alanlarda Yaya G\u00fcvenli\u011fi<\/a><\/li>\n<li id=\"menu-item-3047\" class=\"menu-item menu-item-type-post_type menu-item-object-page menu-item-3047\"><a href=\"https:\/\/isitmakablosu.com\/TR\/kullanim-alanlari\/beton-kurutma-sistemleri\/\">Beton Kurutma Sistemleri<\/a><\/li>\n<li id=\"menu-item-3048\" class=\"menu-item menu-item-type-post_type menu-item-object-page menu-item-3048\"><a href=\"https:\/\/isitmakablosu.com\/TR\/kullanim-alanlari\/boru-koruma-sistemleri\/\">Boru Koruma Sistemleri<\/a><\/li>\n<li id=\"menu-item-3049\" class=\"menu-item menu-item-type-post_type menu-item-object-page menu-item-3049\"><a href=\"https:\/\/isitmakablosu.com\/TR\/kullanim-alanlari\/cati-sacaklari\/\">Buz \u00c7\u00f6zme, Sark\u0131t \u00d6nleme<\/a><\/li>\n<li id=\"menu-item-3050\" class=\"menu-item menu-item-type-post_type menu-item-object-page menu-item-3050\"><a href=\"https:\/\/isitmakablosu.com\/TR\/kullanim-alanlari\/cami-ve-tarihi-eser-isitma\/\">Cami ve Tarihi Eser Is\u0131tma<\/a><\/li>\n<li id=\"menu-item-3051\" class=\"menu-item menu-item-type-post_type menu-item-object-page menu-item-3051\"><a href=\"https:\/\/isitmakablosu.com\/TR\/kullanim-alanlari\/cati-oluk-buz-onleme\/\">\u00c7at\u0131 Oluk Buz \u00d6nleme<\/a><\/li>\n<li id=\"menu-item-3052\" class=\"menu-item menu-item-type-post_type menu-item-object-page menu-item-3052\"><a href=\"https:\/\/isitmakablosu.com\/TR\/kullanim-alanlari\/fuaye-ve-lobi-isitma\/\">Fuaye ve Lobi \u0131s\u0131tma<\/a><\/li>\n<li id=\"menu-item-3115\" class=\"menu-item menu-item-type-post_type menu-item-object-page menu-item-3115\"><a href=\"https:\/\/isitmakablosu.com\/TR\/kullanim-alanlari\/futbol-sahasi-isitma\/\">Futbol Sahas\u0131 Is\u0131tma<\/a><\/li>\n<li id=\"menu-item-3044\" class=\"menu-item menu-item-type-post_type menu-item-object-page menu-item-3044\"><a href=\"https:\/\/isitmakablosu.com\/TR\/kullanim-alanlari\/hamam-isitmasi\/\">Hamam Is\u0131tmas\u0131<\/a><\/li>\n<li id=\"menu-item-3053\" class=\"menu-item menu-item-type-post_type menu-item-object-page menu-item-3053\"><a href=\"https:\/\/isitmakablosu.com\/TR\/kullanim-alanlari\/hayvan-barinagi-isitma\/\">Hayvan Bar\u0131na\u011f\u0131 \u0131s\u0131tma<\/a><\/li>\n<li id=\"menu-item-3054\" class=\"menu-item menu-item-type-post_type menu-item-object-page menu-item-3054\"><a href=\"https:\/\/isitmakablosu.com\/TR\/kullanim-alanlari\/kapali-havuz-isitma\/\">Kapal\u0131 Havuz \u0131s\u0131tma<\/a><\/li>\n<li id=\"menu-item-3056\" class=\"menu-item menu-item-type-post_type menu-item-object-page menu-item-3056\"><a href=\"https:\/\/isitmakablosu.com\/TR\/kullanim-alanlari\/kis-bahceleri\/\">K\u0131\u015f Bah\u00e7eleri<\/a><\/li>\n<li id=\"menu-item-3058\" class=\"menu-item menu-item-type-post_type menu-item-object-page menu-item-3058\"><a href=\"https:\/\/isitmakablosu.com\/TR\/kullanim-alanlari\/soguk-oda-dosemeleri\/\">So\u011fuk Oda D\u00f6\u015femeleri<\/a><\/li>\n<li id=\"menu-item-3045\" class=\"menu-item menu-item-type-post_type menu-item-object-page menu-item-3045\"><a href=\"https:\/\/isitmakablosu.com\/TR\/kullanim-alanlari\/tam-ev-isitmasi\/\">Tam Ev Is\u0131tmas\u0131<\/a><\/li>\n<li id=\"menu-item-3059\" class=\"menu-item menu-item-type-post_type menu-item-object-page menu-item-3059\"><a href=\"https:\/\/isitmakablosu.com\/TR\/kullanim-alanlari\/tank-isitma-sistemleri\/\">Tank \u0131s\u0131tma Sistemleri<\/a><\/li>\n<li id=\"menu-item-3060\" class=\"menu-item menu-item-type-post_type menu-item-object-page menu-item-3060\"><a href=\"https:\/\/isitmakablosu.com\/TR\/kullanim-alanlari\/toprak-isitma\/\">Toprak Is\u0131tma<\/a><\/li>\n<li id=\"menu-item-3061\" class=\"menu-item menu-item-type-post_type menu-item-object-page menu-item-3061\"><a href=\"https:\/\/isitmakablosu.com\/TR\/kullanim-alanlari\/uydu-anten-sistemleri\/\">Uydu Anten Is\u0131tma<\/a><\/li>\n<\/ul><\/div><\/div><div class=\"fusion-additional-widget-content\"><\/div><\/div><div class=\"fusion-clearfix\"><\/div><\/div><\/div><\/div><\/div>\n","protected":false},"excerpt":{"rendered":"","protected":false},"author":1,"featured_media":0,"parent":1293,"menu_order":0,"comment_status":"closed","ping_status":"closed","template":"","meta":{"footnotes":""},"class_list":["post-1319","page","type-page","status-publish","hentry"],"_links":{"self":[{"href":"https:\/\/isitmakablosu.com\/TR\/wp-json\/wp\/v2\/pages\/1319","targetHints":{"allow":["GET"]}}],"collection":[{"href":"https:\/\/isitmakablosu.com\/TR\/wp-json\/wp\/v2\/pages"}],"about":[{"href":"https:\/\/isitmakablosu.com\/TR\/wp-json\/wp\/v2\/types\/page"}],"author":[{"embeddable":true,"href":"https:\/\/isitmakablosu.com\/TR\/wp-json\/wp\/v2\/users\/1"}],"replies":[{"embeddable":true,"href":"https:\/\/isitmakablosu.com\/TR\/wp-json\/wp\/v2\/comments?post=1319"}],"version-history":[{"count":1,"href":"https:\/\/isitmakablosu.com\/TR\/wp-json\/wp\/v2\/pages\/1319\/revisions"}],"predecessor-version":[{"id":3127,"href":"https:\/\/isitmakablosu.com\/TR\/wp-json\/wp\/v2\/pages\/1319\/revisions\/3127"}],"up":[{"embeddable":true,"href":"https:\/\/isitmakablosu.com\/TR\/wp-json\/wp\/v2\/pages\/1293"}],"wp:attachment":[{"href":"https:\/\/isitmakablosu.com\/TR\/wp-json\/wp\/v2\/media?parent=1319"}],"curies":[{"name":"wp","href":"https:\/\/api.w.org\/{rel}","templated":true}]}}