{"id":1333,"date":"2016-02-13T16:40:16","date_gmt":"2016-02-13T14:40:16","guid":{"rendered":"http:\/\/demo1.epbilisim.net\/?page_id=1333"},"modified":"2020-03-14T23:42:39","modified_gmt":"2020-03-14T20:42:39","slug":"cati-oluk-buz-onleme","status":"publish","type":"page","link":"https:\/\/isitmakablosu.com\/TR\/kullanim-alanlari\/cati-oluk-buz-onleme\/","title":{"rendered":"\u00c7at\u0131 Oluk Buz \u00d6nleme"},"content":{"rendered":"<div class=\"fusion-fullwidth fullwidth-box fusion-builder-row-1 nonhundred-percent-fullwidth non-hundred-percent-height-scrolling\" style=\"--awb-border-radius-top-left:0px;--awb-border-radius-top-right:0px;--awb-border-radius-bottom-right:0px;--awb-border-radius-bottom-left:0px;--awb-flex-wrap:wrap;\" ><div class=\"fusion-builder-row fusion-row\"><div class=\"fusion-layout-column fusion_builder_column fusion-builder-column-0 fusion_builder_column_3_4 3_4 fusion-three-fourth fusion-column-first\" style=\"--awb-bg-size:cover;--awb-margin-bottom:0px;width:74%; margin-right: 4%;\"><div class=\"fusion-column-wrapper fusion-flex-column-wrapper-legacy\"><div class=\"fusion-text fusion-text-1\"><p><img decoding=\"async\" class=\"alignnone size-large wp-image-2370\" src=\"http:\/\/isitmakablosu.com\/TR\/wp-content\/uploads\/2016\/02\/cati-oluk-\u0131s\u0131tma-sistemleri-resmi--1024x380.jpg\" alt=\"cati-oluk-\u0131s\u0131tma-sistemleri-resmi-\" width=\"1024\" height=\"380\" srcset=\"https:\/\/isitmakablosu.com\/TR\/wp-content\/uploads\/2016\/02\/cati-oluk-\u0131s\u0131tma-sistemleri-resmi--200x74.jpg 200w, https:\/\/isitmakablosu.com\/TR\/wp-content\/uploads\/2016\/02\/cati-oluk-\u0131s\u0131tma-sistemleri-resmi--300x111.jpg 300w, https:\/\/isitmakablosu.com\/TR\/wp-content\/uploads\/2016\/02\/cati-oluk-\u0131s\u0131tma-sistemleri-resmi--400x148.jpg 400w, https:\/\/isitmakablosu.com\/TR\/wp-content\/uploads\/2016\/02\/cati-oluk-\u0131s\u0131tma-sistemleri-resmi--600x223.jpg 600w, https:\/\/isitmakablosu.com\/TR\/wp-content\/uploads\/2016\/02\/cati-oluk-\u0131s\u0131tma-sistemleri-resmi--768x285.jpg 768w, https:\/\/isitmakablosu.com\/TR\/wp-content\/uploads\/2016\/02\/cati-oluk-\u0131s\u0131tma-sistemleri-resmi--800x297.jpg 800w, https:\/\/isitmakablosu.com\/TR\/wp-content\/uploads\/2016\/02\/cati-oluk-\u0131s\u0131tma-sistemleri-resmi--1024x380.jpg 1024w, https:\/\/isitmakablosu.com\/TR\/wp-content\/uploads\/2016\/02\/cati-oluk-\u0131s\u0131tma-sistemleri-resmi--1200x445.jpg 1200w, https:\/\/isitmakablosu.com\/TR\/wp-content\/uploads\/2016\/02\/cati-oluk-\u0131s\u0131tma-sistemleri-resmi-.jpg 1280w\" sizes=\"(max-width: 1024px) 100vw, 1024px\" \/><\/p>\n<p style=\"text-align: justify;\">Is\u0131tma kablolar\u0131, \u00e7at\u0131 oluk ve ini\u015flerinde buz olu\u015fumunu \u00f6nlemek amac\u0131yla oluk ve ini\u015flere a\u00e7\u0131k havada kalacak \u015fekilde d\u00f6\u015fenirler.Kablolar her t\u00fcrl\u00fc oluk malzemesi \u00fcst\u00fcne d\u00f6\u015fenebilirler.<br \/>\n\u00c7ok sert k\u0131\u015f ko\u015fullar\u0131 olan do\u011fu illerimizde \u00e7at\u0131lar, kar y\u00fck\u00fc ve buzlanmadan do\u011fan k\u0131r\u0131lmalara ve hasarlara engel olunamad\u0131\u011f\u0131 i\u00e7in oluksuz yap\u0131lmaktad\u0131r. Is\u0131tma kablolar\u0131 \u00e7at\u0131 oluk ve ini\u015flerinde t\u0131kanmay\u0131\u00a0\u00f6nlemek i\u00e7in kullan\u0131lmaktad\u0131r.\u00a0Eriyen kar suyu e\u011fimden dolay\u0131 oluk ve ini\u015flere do\u011fru y\u00f6nelir. Ancak g\u00fcnd\u00fcz\/gece s\u0131cakl\u0131k arklar\u0131ndan\u00a0dolay\u0131 tekrar donan sular buz haline gelerek drenaj sistemini t\u0131kar. Is\u0131tma kablolar\u0131 \u00e7at\u0131 oluk ve ini\u015flerinde kar y\u0131\u011f\u0131lmas\u0131n\u0131 ve buz olu\u015fumunu engellemek i\u00e7in kullan\u0131lmaktad\u0131r.\u00a0Kablolar oluklara birbirine paralel iki s\u0131ra olarak yerle\u015ftirilir. Plastik ay\u0131rma aparat\u0131, kablolar\u0131n birbirlerine temas\u0131n\u0131 \u00f6nlemek amac\u0131yla kullan\u0131l\u0131r ve oluk g\u00f6vdesine sabitlenmez. Sabitleme sadece oluk u\u00e7 noktalar\u0131nda metal ba\u011flant\u0131 aparat\u0131 ile sa\u011flan\u0131r.<br \/>\n<strong>Oluk ve \u0130ni\u015flerde Uygulama Prensipleri;<\/strong><br \/>\nKablolar ini\u015flere giri\u015f ve \u00e7\u0131k\u0131\u015f a\u011f\u0131zlar\u0131n\u0131 kapsayacak \u015fekilde yine \u00e7ift s\u0131ra olarak uygulan\u0131r.<br \/>\nEn iyi koruma giri\u015f a\u011fz\u0131nda sa\u011flan\u0131r. \u00c7\u0131k\u0131\u015f a\u011fz\u0131ndaki kablolar ise suyun burada tekrar donarak t\u0131kanmaya neden olmas\u0131n\u0131 \u00f6nlemek i\u00e7indir.\u00a0Is\u0131tma kablolar\u0131 olu\u011fun i\u00e7ine yerle\u015ftirilerek kar ve buz olu\u015fumunu takip edebilen \u0131slakl\u0131k duyar elemanlar\u0131yla beraber kullan\u0131l\u0131rlar.<br \/>\nSistemin \u00e7al\u0131\u015fmas\u0131 \u0131slakl\u0131k duyar elemanlar\u0131 ile tamamen otomatiktir. Termostat kontrol \u00fcnitesi \u0131slakl\u0131k duyar eleman\u0131ndan gelen verileri de\u011ferlendirir ve sistemi sadece a\u015fa\u011f\u0131daki 2 kriter ayn\u0131 anda sa\u011flan\u0131rsa ba\u015flat\u0131r.<br \/>\n1- Ortamda \u0131slakl\u0131k varsa \u00a0\u008d<br \/>\n2- Hava donma\/kar s\u0131cakl\u0131\u011f\u0131n\u0131n alt\u0131nda ise;<br \/>\nIslakl\u0131k bitince veya hava \u0131s\u0131n\u0131nca sistem durur.<\/p>\n<\/div><div class=\"fusion-clearfix\"><\/div><\/div><\/div><div class=\"fusion-layout-column fusion_builder_column fusion-builder-column-1 fusion_builder_column_1_4 1_4 fusion-one-fourth fusion-column-last\" style=\"--awb-bg-size:cover;--awb-margin-bottom:0px;width:22%;\"><div class=\"fusion-column-wrapper fusion-flex-column-wrapper-legacy\"><div class=\"fusion-widget-area awb-widget-area-element fusion-widget-area-1 fusion-content-widget-area\" style=\"--awb-title-color:#333333;--awb-padding:0px 0px 0px 0px;\"><div id=\"nav_menu-4\" class=\"widget widget_nav_menu\"><div class=\"heading\"><h4 class=\"widget-title\">Kullan\u0131m Alanlar\u0131<\/h4><\/div><div class=\"menu-kullanim-container\"><ul id=\"menu-kullanim\" class=\"menu\"><li id=\"menu-item-3046\" class=\"menu-item menu-item-type-post_type menu-item-object-page menu-item-3046\"><a href=\"https:\/\/isitmakablosu.com\/TR\/kullanim-alanlari\/acik-alanlarda-yaya-guvenligi\/\">A\u00e7\u0131k alanlarda Yaya G\u00fcvenli\u011fi<\/a><\/li>\n<li id=\"menu-item-3047\" class=\"menu-item menu-item-type-post_type menu-item-object-page menu-item-3047\"><a href=\"https:\/\/isitmakablosu.com\/TR\/kullanim-alanlari\/beton-kurutma-sistemleri\/\">Beton Kurutma Sistemleri<\/a><\/li>\n<li id=\"menu-item-3048\" class=\"menu-item menu-item-type-post_type menu-item-object-page menu-item-3048\"><a href=\"https:\/\/isitmakablosu.com\/TR\/kullanim-alanlari\/boru-koruma-sistemleri\/\">Boru Koruma Sistemleri<\/a><\/li>\n<li id=\"menu-item-3049\" class=\"menu-item menu-item-type-post_type menu-item-object-page menu-item-3049\"><a href=\"https:\/\/isitmakablosu.com\/TR\/kullanim-alanlari\/cati-sacaklari\/\">Buz \u00c7\u00f6zme, Sark\u0131t \u00d6nleme<\/a><\/li>\n<li id=\"menu-item-3050\" class=\"menu-item menu-item-type-post_type menu-item-object-page menu-item-3050\"><a href=\"https:\/\/isitmakablosu.com\/TR\/kullanim-alanlari\/cami-ve-tarihi-eser-isitma\/\">Cami ve Tarihi Eser Is\u0131tma<\/a><\/li>\n<li id=\"menu-item-3051\" class=\"menu-item menu-item-type-post_type menu-item-object-page menu-item-3051\"><a href=\"https:\/\/isitmakablosu.com\/TR\/kullanim-alanlari\/cati-oluk-buz-onleme\/\">\u00c7at\u0131 Oluk Buz \u00d6nleme<\/a><\/li>\n<li id=\"menu-item-3052\" class=\"menu-item menu-item-type-post_type menu-item-object-page menu-item-3052\"><a href=\"https:\/\/isitmakablosu.com\/TR\/kullanim-alanlari\/fuaye-ve-lobi-isitma\/\">Fuaye ve Lobi \u0131s\u0131tma<\/a><\/li>\n<li id=\"menu-item-3115\" class=\"menu-item menu-item-type-post_type menu-item-object-page menu-item-3115\"><a href=\"https:\/\/isitmakablosu.com\/TR\/kullanim-alanlari\/futbol-sahasi-isitma\/\">Futbol Sahas\u0131 Is\u0131tma<\/a><\/li>\n<li id=\"menu-item-3044\" class=\"menu-item menu-item-type-post_type menu-item-object-page menu-item-3044\"><a href=\"https:\/\/isitmakablosu.com\/TR\/kullanim-alanlari\/hamam-isitmasi\/\">Hamam Is\u0131tmas\u0131<\/a><\/li>\n<li id=\"menu-item-3053\" class=\"menu-item menu-item-type-post_type menu-item-object-page menu-item-3053\"><a href=\"https:\/\/isitmakablosu.com\/TR\/kullanim-alanlari\/hayvan-barinagi-isitma\/\">Hayvan Bar\u0131na\u011f\u0131 \u0131s\u0131tma<\/a><\/li>\n<li id=\"menu-item-3054\" class=\"menu-item menu-item-type-post_type menu-item-object-page menu-item-3054\"><a href=\"https:\/\/isitmakablosu.com\/TR\/kullanim-alanlari\/kapali-havuz-isitma\/\">Kapal\u0131 Havuz \u0131s\u0131tma<\/a><\/li>\n<li id=\"menu-item-3056\" class=\"menu-item menu-item-type-post_type menu-item-object-page menu-item-3056\"><a href=\"https:\/\/isitmakablosu.com\/TR\/kullanim-alanlari\/kis-bahceleri\/\">K\u0131\u015f Bah\u00e7eleri<\/a><\/li>\n<li id=\"menu-item-3058\" class=\"menu-item menu-item-type-post_type menu-item-object-page menu-item-3058\"><a href=\"https:\/\/isitmakablosu.com\/TR\/kullanim-alanlari\/soguk-oda-dosemeleri\/\">So\u011fuk Oda D\u00f6\u015femeleri<\/a><\/li>\n<li id=\"menu-item-3045\" class=\"menu-item menu-item-type-post_type menu-item-object-page menu-item-3045\"><a href=\"https:\/\/isitmakablosu.com\/TR\/kullanim-alanlari\/tam-ev-isitmasi\/\">Tam Ev Is\u0131tmas\u0131<\/a><\/li>\n<li id=\"menu-item-3059\" class=\"menu-item menu-item-type-post_type menu-item-object-page menu-item-3059\"><a href=\"https:\/\/isitmakablosu.com\/TR\/kullanim-alanlari\/tank-isitma-sistemleri\/\">Tank \u0131s\u0131tma Sistemleri<\/a><\/li>\n<li id=\"menu-item-3060\" class=\"menu-item menu-item-type-post_type menu-item-object-page menu-item-3060\"><a href=\"https:\/\/isitmakablosu.com\/TR\/kullanim-alanlari\/toprak-isitma\/\">Toprak Is\u0131tma<\/a><\/li>\n<li id=\"menu-item-3061\" class=\"menu-item menu-item-type-post_type menu-item-object-page menu-item-3061\"><a href=\"https:\/\/isitmakablosu.com\/TR\/kullanim-alanlari\/uydu-anten-sistemleri\/\">Uydu Anten Is\u0131tma<\/a><\/li>\n<\/ul><\/div><\/div><div class=\"fusion-additional-widget-content\"><\/div><\/div><div class=\"fusion-clearfix\"><\/div><\/div><\/div><\/div><\/div>\n","protected":false},"excerpt":{"rendered":"","protected":false},"author":1,"featured_media":0,"parent":1293,"menu_order":0,"comment_status":"closed","ping_status":"closed","template":"","meta":{"footnotes":""},"class_list":["post-1333","page","type-page","status-publish","hentry"],"_links":{"self":[{"href":"https:\/\/isitmakablosu.com\/TR\/wp-json\/wp\/v2\/pages\/1333","targetHints":{"allow":["GET"]}}],"collection":[{"href":"https:\/\/isitmakablosu.com\/TR\/wp-json\/wp\/v2\/pages"}],"about":[{"href":"https:\/\/isitmakablosu.com\/TR\/wp-json\/wp\/v2\/types\/page"}],"author":[{"embeddable":true,"href":"https:\/\/isitmakablosu.com\/TR\/wp-json\/wp\/v2\/users\/1"}],"replies":[{"embeddable":true,"href":"https:\/\/isitmakablosu.com\/TR\/wp-json\/wp\/v2\/comments?post=1333"}],"version-history":[{"count":1,"href":"https:\/\/isitmakablosu.com\/TR\/wp-json\/wp\/v2\/pages\/1333\/revisions"}],"predecessor-version":[{"id":3125,"href":"https:\/\/isitmakablosu.com\/TR\/wp-json\/wp\/v2\/pages\/1333\/revisions\/3125"}],"up":[{"embeddable":true,"href":"https:\/\/isitmakablosu.com\/TR\/wp-json\/wp\/v2\/pages\/1293"}],"wp:attachment":[{"href":"https:\/\/isitmakablosu.com\/TR\/wp-json\/wp\/v2\/media?parent=1333"}],"curies":[{"name":"wp","href":"https:\/\/api.w.org\/{rel}","templated":true}]}}