{"id":1335,"date":"2016-02-13T16:40:37","date_gmt":"2016-02-13T14:40:37","guid":{"rendered":"http:\/\/demo1.epbilisim.net\/?page_id=1335"},"modified":"2020-03-14T23:37:44","modified_gmt":"2020-03-14T20:37:44","slug":"boru-koruma-sistemleri","status":"publish","type":"page","link":"https:\/\/isitmakablosu.com\/TR\/kullanim-alanlari\/boru-koruma-sistemleri\/","title":{"rendered":"Boru Koruma Sistemleri"},"content":{"rendered":"<div class=\"fusion-fullwidth fullwidth-box fusion-builder-row-1 nonhundred-percent-fullwidth non-hundred-percent-height-scrolling\" style=\"--awb-border-radius-top-left:0px;--awb-border-radius-top-right:0px;--awb-border-radius-bottom-right:0px;--awb-border-radius-bottom-left:0px;--awb-flex-wrap:wrap;\" ><div class=\"fusion-builder-row fusion-row\"><div class=\"fusion-layout-column fusion_builder_column fusion-builder-column-0 fusion_builder_column_3_4 3_4 fusion-three-fourth fusion-column-first\" style=\"--awb-bg-size:cover;--awb-margin-bottom:0px;width:74%; margin-right: 4%;\"><div class=\"fusion-column-wrapper fusion-flex-column-wrapper-legacy\"><div class=\"fusion-text fusion-text-1\"><p><img decoding=\"async\" class=\"alignnone size-large wp-image-2365\" src=\"http:\/\/isitmakablosu.com\/TR\/wp-content\/uploads\/2016\/02\/boru-\u0131s\u0131tma-sistemleri-resmi--1024x380.jpg\" alt=\"boru-\u0131s\u0131tma-sistemleri-resmi-\" width=\"1024\" height=\"380\" srcset=\"https:\/\/isitmakablosu.com\/TR\/wp-content\/uploads\/2016\/02\/boru-\u0131s\u0131tma-sistemleri-resmi--200x74.jpg 200w, https:\/\/isitmakablosu.com\/TR\/wp-content\/uploads\/2016\/02\/boru-\u0131s\u0131tma-sistemleri-resmi--300x111.jpg 300w, https:\/\/isitmakablosu.com\/TR\/wp-content\/uploads\/2016\/02\/boru-\u0131s\u0131tma-sistemleri-resmi--400x148.jpg 400w, https:\/\/isitmakablosu.com\/TR\/wp-content\/uploads\/2016\/02\/boru-\u0131s\u0131tma-sistemleri-resmi--600x223.jpg 600w, https:\/\/isitmakablosu.com\/TR\/wp-content\/uploads\/2016\/02\/boru-\u0131s\u0131tma-sistemleri-resmi--768x285.jpg 768w, https:\/\/isitmakablosu.com\/TR\/wp-content\/uploads\/2016\/02\/boru-\u0131s\u0131tma-sistemleri-resmi--800x297.jpg 800w, https:\/\/isitmakablosu.com\/TR\/wp-content\/uploads\/2016\/02\/boru-\u0131s\u0131tma-sistemleri-resmi--1024x380.jpg 1024w, https:\/\/isitmakablosu.com\/TR\/wp-content\/uploads\/2016\/02\/boru-\u0131s\u0131tma-sistemleri-resmi--1200x445.jpg 1200w, https:\/\/isitmakablosu.com\/TR\/wp-content\/uploads\/2016\/02\/boru-\u0131s\u0131tma-sistemleri-resmi-.jpg 1280w\" sizes=\"(max-width: 1024px) 100vw, 1024px\" \/><\/p>\n<p style=\"text-align: justify;\">Nexans \u0131s\u0131tma kablolar\u0131n\u0131n di\u011fer bir kullan\u0131m alan\u0131 boru koruma sistemleridir. Kablolar, so\u011fuk hava ko\u015fullar\u0131nda, su, yang\u0131n, kimyevi madde i\u00e7eren de\u011fisik i\u00e7erik ve ebattaki borular\u0131n donmas\u0131n\u0131 \u00f6nlemek ve\/veya borularda istenen\u00a0s\u0131cakl\u0131k seviyesini kesintisiz sa\u011flamak i\u00e7in kullan\u0131l\u0131r.<br \/>\nIs\u0131tma ve koruma, borunun i\u00e7inden veya \u00fcst\u00fcnden, kapal\u0131 veya a\u00e7\u0131k alanlarda ve toprak alt\u0131 yada \u00fcst\u00fc borularda\u00a0sa\u011flanabilmektedir. Is\u0131tma kablolar\u0131n\u0131n gerekli g\u00fcc\u00fcn planlanabilmesi i\u00e7in boru i\u00e7i ve d\u0131\u015f ortam s\u0131cakl\u0131k farklar\u0131, boru \u00fczerine yap\u0131lacak yal\u0131t\u0131m malzeme tip ve kal\u0131nl\u0131\u011f\u0131, boru kal\u0131nl\u0131\u011f\u0131, \u00e7ap\u0131 ve uzunlu\u011fu gibi \u00e7e\u015fitli parametreler dikkate al\u0131nmaktad\u0131r.<br \/>\nIs\u0131n\u0131n s\u00fcreklili\u011fi bir termostat ile kontrol edilmelidir.<\/p>\n<\/div><div class=\"fusion-clearfix\"><\/div><\/div><\/div><div class=\"fusion-layout-column fusion_builder_column fusion-builder-column-1 fusion_builder_column_1_4 1_4 fusion-one-fourth fusion-column-last\" style=\"--awb-bg-size:cover;--awb-margin-bottom:0px;width:22%;\"><div class=\"fusion-column-wrapper fusion-flex-column-wrapper-legacy\"><div class=\"fusion-widget-area awb-widget-area-element fusion-widget-area-1 fusion-content-widget-area\" style=\"--awb-title-color:#333333;--awb-padding:0px 0px 0px 0px;\"><div id=\"nav_menu-4\" class=\"widget widget_nav_menu\"><div class=\"heading\"><h4 class=\"widget-title\">Kullan\u0131m Alanlar\u0131<\/h4><\/div><div class=\"menu-kullanim-container\"><ul id=\"menu-kullanim\" class=\"menu\"><li id=\"menu-item-3046\" class=\"menu-item menu-item-type-post_type menu-item-object-page menu-item-3046\"><a href=\"https:\/\/isitmakablosu.com\/TR\/kullanim-alanlari\/acik-alanlarda-yaya-guvenligi\/\">A\u00e7\u0131k alanlarda Yaya G\u00fcvenli\u011fi<\/a><\/li>\n<li id=\"menu-item-3047\" class=\"menu-item menu-item-type-post_type menu-item-object-page menu-item-3047\"><a href=\"https:\/\/isitmakablosu.com\/TR\/kullanim-alanlari\/beton-kurutma-sistemleri\/\">Beton Kurutma Sistemleri<\/a><\/li>\n<li id=\"menu-item-3048\" class=\"menu-item menu-item-type-post_type menu-item-object-page menu-item-3048\"><a href=\"https:\/\/isitmakablosu.com\/TR\/kullanim-alanlari\/boru-koruma-sistemleri\/\">Boru Koruma Sistemleri<\/a><\/li>\n<li id=\"menu-item-3049\" class=\"menu-item menu-item-type-post_type menu-item-object-page menu-item-3049\"><a href=\"https:\/\/isitmakablosu.com\/TR\/kullanim-alanlari\/cati-sacaklari\/\">Buz \u00c7\u00f6zme, Sark\u0131t \u00d6nleme<\/a><\/li>\n<li id=\"menu-item-3050\" class=\"menu-item menu-item-type-post_type menu-item-object-page menu-item-3050\"><a href=\"https:\/\/isitmakablosu.com\/TR\/kullanim-alanlari\/cami-ve-tarihi-eser-isitma\/\">Cami ve Tarihi Eser Is\u0131tma<\/a><\/li>\n<li id=\"menu-item-3051\" class=\"menu-item menu-item-type-post_type menu-item-object-page menu-item-3051\"><a href=\"https:\/\/isitmakablosu.com\/TR\/kullanim-alanlari\/cati-oluk-buz-onleme\/\">\u00c7at\u0131 Oluk Buz \u00d6nleme<\/a><\/li>\n<li id=\"menu-item-3052\" class=\"menu-item menu-item-type-post_type menu-item-object-page menu-item-3052\"><a href=\"https:\/\/isitmakablosu.com\/TR\/kullanim-alanlari\/fuaye-ve-lobi-isitma\/\">Fuaye ve Lobi \u0131s\u0131tma<\/a><\/li>\n<li id=\"menu-item-3115\" class=\"menu-item menu-item-type-post_type menu-item-object-page menu-item-3115\"><a href=\"https:\/\/isitmakablosu.com\/TR\/kullanim-alanlari\/futbol-sahasi-isitma\/\">Futbol Sahas\u0131 Is\u0131tma<\/a><\/li>\n<li id=\"menu-item-3044\" class=\"menu-item menu-item-type-post_type menu-item-object-page menu-item-3044\"><a href=\"https:\/\/isitmakablosu.com\/TR\/kullanim-alanlari\/hamam-isitmasi\/\">Hamam Is\u0131tmas\u0131<\/a><\/li>\n<li id=\"menu-item-3053\" class=\"menu-item menu-item-type-post_type menu-item-object-page menu-item-3053\"><a href=\"https:\/\/isitmakablosu.com\/TR\/kullanim-alanlari\/hayvan-barinagi-isitma\/\">Hayvan Bar\u0131na\u011f\u0131 \u0131s\u0131tma<\/a><\/li>\n<li id=\"menu-item-3054\" class=\"menu-item menu-item-type-post_type menu-item-object-page menu-item-3054\"><a href=\"https:\/\/isitmakablosu.com\/TR\/kullanim-alanlari\/kapali-havuz-isitma\/\">Kapal\u0131 Havuz \u0131s\u0131tma<\/a><\/li>\n<li id=\"menu-item-3056\" class=\"menu-item menu-item-type-post_type menu-item-object-page menu-item-3056\"><a href=\"https:\/\/isitmakablosu.com\/TR\/kullanim-alanlari\/kis-bahceleri\/\">K\u0131\u015f Bah\u00e7eleri<\/a><\/li>\n<li id=\"menu-item-3058\" class=\"menu-item menu-item-type-post_type menu-item-object-page menu-item-3058\"><a href=\"https:\/\/isitmakablosu.com\/TR\/kullanim-alanlari\/soguk-oda-dosemeleri\/\">So\u011fuk Oda D\u00f6\u015femeleri<\/a><\/li>\n<li id=\"menu-item-3045\" class=\"menu-item menu-item-type-post_type menu-item-object-page menu-item-3045\"><a href=\"https:\/\/isitmakablosu.com\/TR\/kullanim-alanlari\/tam-ev-isitmasi\/\">Tam Ev Is\u0131tmas\u0131<\/a><\/li>\n<li id=\"menu-item-3059\" class=\"menu-item menu-item-type-post_type menu-item-object-page menu-item-3059\"><a href=\"https:\/\/isitmakablosu.com\/TR\/kullanim-alanlari\/tank-isitma-sistemleri\/\">Tank \u0131s\u0131tma Sistemleri<\/a><\/li>\n<li id=\"menu-item-3060\" class=\"menu-item menu-item-type-post_type menu-item-object-page menu-item-3060\"><a href=\"https:\/\/isitmakablosu.com\/TR\/kullanim-alanlari\/toprak-isitma\/\">Toprak Is\u0131tma<\/a><\/li>\n<li id=\"menu-item-3061\" class=\"menu-item menu-item-type-post_type menu-item-object-page menu-item-3061\"><a href=\"https:\/\/isitmakablosu.com\/TR\/kullanim-alanlari\/uydu-anten-sistemleri\/\">Uydu Anten Is\u0131tma<\/a><\/li>\n<\/ul><\/div><\/div><div class=\"fusion-additional-widget-content\"><\/div><\/div><div class=\"fusion-clearfix\"><\/div><\/div><\/div><\/div><\/div>\n","protected":false},"excerpt":{"rendered":"","protected":false},"author":1,"featured_media":0,"parent":1293,"menu_order":0,"comment_status":"closed","ping_status":"closed","template":"","meta":{"footnotes":""},"class_list":["post-1335","page","type-page","status-publish","hentry"],"_links":{"self":[{"href":"https:\/\/isitmakablosu.com\/TR\/wp-json\/wp\/v2\/pages\/1335","targetHints":{"allow":["GET"]}}],"collection":[{"href":"https:\/\/isitmakablosu.com\/TR\/wp-json\/wp\/v2\/pages"}],"about":[{"href":"https:\/\/isitmakablosu.com\/TR\/wp-json\/wp\/v2\/types\/page"}],"author":[{"embeddable":true,"href":"https:\/\/isitmakablosu.com\/TR\/wp-json\/wp\/v2\/users\/1"}],"replies":[{"embeddable":true,"href":"https:\/\/isitmakablosu.com\/TR\/wp-json\/wp\/v2\/comments?post=1335"}],"version-history":[{"count":1,"href":"https:\/\/isitmakablosu.com\/TR\/wp-json\/wp\/v2\/pages\/1335\/revisions"}],"predecessor-version":[{"id":3121,"href":"https:\/\/isitmakablosu.com\/TR\/wp-json\/wp\/v2\/pages\/1335\/revisions\/3121"}],"up":[{"embeddable":true,"href":"https:\/\/isitmakablosu.com\/TR\/wp-json\/wp\/v2\/pages\/1293"}],"wp:attachment":[{"href":"https:\/\/isitmakablosu.com\/TR\/wp-json\/wp\/v2\/media?parent=1335"}],"curies":[{"name":"wp","href":"https:\/\/api.w.org\/{rel}","templated":true}]}}