{"id":1343,"date":"2016-02-13T16:42:11","date_gmt":"2016-02-13T14:42:11","guid":{"rendered":"http:\/\/demo1.epbilisim.net\/?page_id=1343"},"modified":"2020-03-14T23:33:47","modified_gmt":"2020-03-14T20:33:47","slug":"acik-alanlarda-yaya-guvenligi","status":"publish","type":"page","link":"https:\/\/isitmakablosu.com\/TR\/kullanim-alanlari\/acik-alanlarda-yaya-guvenligi\/","title":{"rendered":"A\u00e7\u0131k alanlarda Yaya G\u00fcvenli\u011fi"},"content":{"rendered":"<div class=\"fusion-fullwidth fullwidth-box fusion-builder-row-1 nonhundred-percent-fullwidth non-hundred-percent-height-scrolling\" style=\"--awb-border-radius-top-left:0px;--awb-border-radius-top-right:0px;--awb-border-radius-bottom-right:0px;--awb-border-radius-bottom-left:0px;--awb-flex-wrap:wrap;\" ><div class=\"fusion-builder-row fusion-row\"><div class=\"fusion-layout-column fusion_builder_column fusion-builder-column-0 fusion_builder_column_3_4 3_4 fusion-three-fourth fusion-column-first\" style=\"--awb-bg-size:cover;--awb-margin-bottom:0px;width:74%; margin-right: 4%;\"><div class=\"fusion-column-wrapper fusion-flex-column-wrapper-legacy\"><div class=\"fusion-text fusion-text-1\"><p><img decoding=\"async\" class=\"alignnone wp-image-2376 size-large\" src=\"http:\/\/isitmakablosu.com\/tr\/wp-content\/uploads\/2016\/02\/ac\u0131k-alan-yaya-yolu-\u0131s\u0131tma-sistemleri-resmi--e1456144933268-1024x380.jpg\" alt=\"ac\u0131k-alan-yaya-yolu-\u0131s\u0131tma-sistemleri-resmi-\" width=\"1024\" height=\"380\" \/><\/p>\n<p>Nexans \u0131s\u0131tma kablolar\u0131n\u0131 rampa, otoyol, kald\u0131r\u0131m, k\u00f6pr\u00fc gibi halka a\u00e7\u0131k alanlarda kar ve buz eritme ama\u00e7l\u0131 kullanabilirsiniz.\u00a0Is\u0131tma kablolar\u0131n\u0131n kar ve buz eritme ama\u00e7l\u0131 kullan\u0131m\u0131, y\u00fckselen is\u00e7ilik ve malzeme maliyetleri, kar y\u0131\u011fma\u00a0ama\u00e7l\u0131 yer k\u0131s\u0131tlamalar\u0131, h\u0131zl\u0131 ve efektif kar ve buz temizleme ihtiya\u00e7lar\u0131ndan dolay\u0131 \u00f6zellikle ge\u00e7ti\u011fimiz son on y\u0131l i\u00e7erisinde iyice yayg\u0131nla\u015fm\u0131\u015ft\u0131r.<br \/>\nNexans \u00e7\u00f6z\u00fcm\u00fcnde elektrikli \u0131s\u0131tma kablolar\u0131 beton veya asfalt i\u00e7ine g\u00f6m\u00fclerek g\u00f6r\u00fcnmez bir sistem olu\u015fturur.\u00a0Hava s\u0131cakl\u0131g\u0131n\u0131n yan\u0131 s\u0131ra \u0131slakl\u0131k duyar elemanl\u0131 gelismis termostatlar sayesinde sistem, takip ederek tamamen\u00a0otomatik \u00e7al\u0131\u015f\u0131r.<\/p>\n<\/div><div class=\"fusion-clearfix\"><\/div><\/div><\/div><div class=\"fusion-layout-column fusion_builder_column fusion-builder-column-1 fusion_builder_column_1_4 1_4 fusion-one-fourth fusion-column-last\" style=\"--awb-bg-size:cover;--awb-margin-bottom:0px;width:22%;\"><div class=\"fusion-column-wrapper fusion-flex-column-wrapper-legacy\"><div class=\"fusion-widget-area awb-widget-area-element fusion-widget-area-1 fusion-content-widget-area\" style=\"--awb-title-color:#333333;--awb-padding:0px 0px 0px 0px;\"><div id=\"nav_menu-4\" class=\"widget widget_nav_menu\"><div class=\"heading\"><h4 class=\"widget-title\">Kullan\u0131m Alanlar\u0131<\/h4><\/div><div class=\"menu-kullanim-container\"><ul id=\"menu-kullanim\" class=\"menu\"><li id=\"menu-item-3046\" class=\"menu-item menu-item-type-post_type menu-item-object-page menu-item-3046\"><a href=\"https:\/\/isitmakablosu.com\/TR\/kullanim-alanlari\/acik-alanlarda-yaya-guvenligi\/\">A\u00e7\u0131k alanlarda Yaya G\u00fcvenli\u011fi<\/a><\/li>\n<li id=\"menu-item-3047\" class=\"menu-item menu-item-type-post_type menu-item-object-page menu-item-3047\"><a href=\"https:\/\/isitmakablosu.com\/TR\/kullanim-alanlari\/beton-kurutma-sistemleri\/\">Beton Kurutma Sistemleri<\/a><\/li>\n<li id=\"menu-item-3048\" class=\"menu-item menu-item-type-post_type menu-item-object-page menu-item-3048\"><a href=\"https:\/\/isitmakablosu.com\/TR\/kullanim-alanlari\/boru-koruma-sistemleri\/\">Boru Koruma Sistemleri<\/a><\/li>\n<li id=\"menu-item-3049\" class=\"menu-item menu-item-type-post_type menu-item-object-page menu-item-3049\"><a href=\"https:\/\/isitmakablosu.com\/TR\/kullanim-alanlari\/cati-sacaklari\/\">Buz \u00c7\u00f6zme, Sark\u0131t \u00d6nleme<\/a><\/li>\n<li id=\"menu-item-3050\" class=\"menu-item menu-item-type-post_type menu-item-object-page menu-item-3050\"><a href=\"https:\/\/isitmakablosu.com\/TR\/kullanim-alanlari\/cami-ve-tarihi-eser-isitma\/\">Cami ve Tarihi Eser Is\u0131tma<\/a><\/li>\n<li id=\"menu-item-3051\" class=\"menu-item menu-item-type-post_type menu-item-object-page menu-item-3051\"><a href=\"https:\/\/isitmakablosu.com\/TR\/kullanim-alanlari\/cati-oluk-buz-onleme\/\">\u00c7at\u0131 Oluk Buz \u00d6nleme<\/a><\/li>\n<li id=\"menu-item-3052\" class=\"menu-item menu-item-type-post_type menu-item-object-page menu-item-3052\"><a href=\"https:\/\/isitmakablosu.com\/TR\/kullanim-alanlari\/fuaye-ve-lobi-isitma\/\">Fuaye ve Lobi \u0131s\u0131tma<\/a><\/li>\n<li id=\"menu-item-3115\" class=\"menu-item menu-item-type-post_type menu-item-object-page menu-item-3115\"><a href=\"https:\/\/isitmakablosu.com\/TR\/kullanim-alanlari\/futbol-sahasi-isitma\/\">Futbol Sahas\u0131 Is\u0131tma<\/a><\/li>\n<li id=\"menu-item-3044\" class=\"menu-item menu-item-type-post_type menu-item-object-page menu-item-3044\"><a href=\"https:\/\/isitmakablosu.com\/TR\/kullanim-alanlari\/hamam-isitmasi\/\">Hamam Is\u0131tmas\u0131<\/a><\/li>\n<li id=\"menu-item-3053\" class=\"menu-item menu-item-type-post_type menu-item-object-page menu-item-3053\"><a href=\"https:\/\/isitmakablosu.com\/TR\/kullanim-alanlari\/hayvan-barinagi-isitma\/\">Hayvan Bar\u0131na\u011f\u0131 \u0131s\u0131tma<\/a><\/li>\n<li id=\"menu-item-3054\" class=\"menu-item menu-item-type-post_type menu-item-object-page menu-item-3054\"><a href=\"https:\/\/isitmakablosu.com\/TR\/kullanim-alanlari\/kapali-havuz-isitma\/\">Kapal\u0131 Havuz \u0131s\u0131tma<\/a><\/li>\n<li id=\"menu-item-3056\" class=\"menu-item menu-item-type-post_type menu-item-object-page menu-item-3056\"><a href=\"https:\/\/isitmakablosu.com\/TR\/kullanim-alanlari\/kis-bahceleri\/\">K\u0131\u015f Bah\u00e7eleri<\/a><\/li>\n<li id=\"menu-item-3058\" class=\"menu-item menu-item-type-post_type menu-item-object-page menu-item-3058\"><a href=\"https:\/\/isitmakablosu.com\/TR\/kullanim-alanlari\/soguk-oda-dosemeleri\/\">So\u011fuk Oda D\u00f6\u015femeleri<\/a><\/li>\n<li id=\"menu-item-3045\" class=\"menu-item menu-item-type-post_type menu-item-object-page menu-item-3045\"><a href=\"https:\/\/isitmakablosu.com\/TR\/kullanim-alanlari\/tam-ev-isitmasi\/\">Tam Ev Is\u0131tmas\u0131<\/a><\/li>\n<li id=\"menu-item-3059\" class=\"menu-item menu-item-type-post_type menu-item-object-page menu-item-3059\"><a href=\"https:\/\/isitmakablosu.com\/TR\/kullanim-alanlari\/tank-isitma-sistemleri\/\">Tank \u0131s\u0131tma Sistemleri<\/a><\/li>\n<li id=\"menu-item-3060\" class=\"menu-item menu-item-type-post_type menu-item-object-page menu-item-3060\"><a href=\"https:\/\/isitmakablosu.com\/TR\/kullanim-alanlari\/toprak-isitma\/\">Toprak Is\u0131tma<\/a><\/li>\n<li id=\"menu-item-3061\" class=\"menu-item menu-item-type-post_type menu-item-object-page menu-item-3061\"><a href=\"https:\/\/isitmakablosu.com\/TR\/kullanim-alanlari\/uydu-anten-sistemleri\/\">Uydu Anten Is\u0131tma<\/a><\/li>\n<\/ul><\/div><\/div><div class=\"fusion-additional-widget-content\"><\/div><\/div><div class=\"fusion-clearfix\"><\/div><\/div><\/div><\/div><\/div>\n","protected":false},"excerpt":{"rendered":"","protected":false},"author":1,"featured_media":0,"parent":1293,"menu_order":0,"comment_status":"closed","ping_status":"closed","template":"","meta":{"footnotes":""},"class_list":["post-1343","page","type-page","status-publish","hentry"],"_links":{"self":[{"href":"https:\/\/isitmakablosu.com\/TR\/wp-json\/wp\/v2\/pages\/1343","targetHints":{"allow":["GET"]}}],"collection":[{"href":"https:\/\/isitmakablosu.com\/TR\/wp-json\/wp\/v2\/pages"}],"about":[{"href":"https:\/\/isitmakablosu.com\/TR\/wp-json\/wp\/v2\/types\/page"}],"author":[{"embeddable":true,"href":"https:\/\/isitmakablosu.com\/TR\/wp-json\/wp\/v2\/users\/1"}],"replies":[{"embeddable":true,"href":"https:\/\/isitmakablosu.com\/TR\/wp-json\/wp\/v2\/comments?post=1343"}],"version-history":[{"count":1,"href":"https:\/\/isitmakablosu.com\/TR\/wp-json\/wp\/v2\/pages\/1343\/revisions"}],"predecessor-version":[{"id":3118,"href":"https:\/\/isitmakablosu.com\/TR\/wp-json\/wp\/v2\/pages\/1343\/revisions\/3118"}],"up":[{"embeddable":true,"href":"https:\/\/isitmakablosu.com\/TR\/wp-json\/wp\/v2\/pages\/1293"}],"wp:attachment":[{"href":"https:\/\/isitmakablosu.com\/TR\/wp-json\/wp\/v2\/media?parent=1343"}],"curies":[{"name":"wp","href":"https:\/\/api.w.org\/{rel}","templated":true}]}}