{"id":1362,"date":"2016-02-13T16:59:52","date_gmt":"2016-02-13T14:59:52","guid":{"rendered":"http:\/\/demo1.epbilisim.net\/?page_id=1362"},"modified":"2020-03-15T00:18:17","modified_gmt":"2020-03-14T21:18:17","slug":"nexans1","status":"publish","type":"page","link":"https:\/\/isitmakablosu.com\/TR\/nexans1\/","title":{"rendered":"Nexans"},"content":{"rendered":"<div class=\"fusion-fullwidth fullwidth-box fusion-builder-row-1 nonhundred-percent-fullwidth non-hundred-percent-height-scrolling\" style=\"--awb-border-radius-top-left:0px;--awb-border-radius-top-right:0px;--awb-border-radius-bottom-right:0px;--awb-border-radius-bottom-left:0px;--awb-flex-wrap:wrap;\" ><div class=\"fusion-builder-row fusion-row\"><div class=\"fusion-layout-column fusion_builder_column fusion-builder-column-0 fusion_builder_column_3_4 3_4 fusion-three-fourth fusion-column-first\" style=\"--awb-bg-size:cover;--awb-margin-bottom:0px;width:74%; margin-right: 4%;\"><div class=\"fusion-column-wrapper fusion-flex-column-wrapper-legacy\"><div class=\"fusion-text fusion-text-1\"><p>Temsilcisi oldu\u011fumuz <span style=\"text-decoration: underline; color: #003366;\"><a style=\"color: #003366; text-decoration: underline;\" href=\"http:\/\/www.nexans.com\/eservice\/Corporate-en\/navigate_-10\/Global_expert_in_cables_and_cabling_systems.html\" target=\"_blank\" rel=\"noopener noreferrer\">Nexans<\/a><\/span> grubu, d\u00fcnyan\u0131n \u0131s\u0131tma kablosu \u00fcreten en b\u00fcy\u00fck kablo \u00fcreticisi konumundad\u0131r. Nexans grup, enerji \u015febekesi, sanayi, telekom, tesisat, \u0131s\u0131tma kablolar\u0131 gibi farkl\u0131 ama\u00e7 ve sekt\u00f6rlere y\u00f6nelik kablolar \u00fcretmektedir.<\/p>\n<p style=\"text-align: justify;\">Aralar\u0131nda T\u00fcrkiye\u2019nin de bulundu\u011fu 28 \u00fclkede \u00fcretim tesisi olan firman\u0131n 65 \u00fclkede ticari faaliyeti vard\u0131r.<\/p>\n<p style=\"text-align: justify;\">Norve\u00e7\u2019te yap\u0131lan \u00fcretim t\u00fcm d\u00fcnyaya Oslo yak\u0131nlar\u0131ndaki Langhus tesisinden da\u011f\u0131t\u0131lmaktad\u0131r. Nexans, \u00e7ift iletkenli \u0131s\u0131tma kablosu, gizli so\u011fuk u\u00e7 ek yeri ve millimat \u015filtesinin geli\u015fmi\u015f ekran\u0131 gibi teknolojiler sekt\u00f6re Nexans taraf\u0131ndan tan\u0131t\u0131lm\u0131\u015ft\u0131r.<\/p>\n<p style=\"text-align: justify;\">\u00dcr\u00fcnler IEC ve CENELEC gibi uluslararas\u0131 standartlara uygun tasarlanmakta, test edilmekte ve Avrupa d\u00fc\u015f\u00fck voltaj kurallar\u0131na uygun olarak \u00fcretilmektedir. \u00dcretimin ISO 9001 kalite, ISO 14001 \u00e7evre politikas\u0131 ve EMAS belgeleri vard\u0131r.<\/p>\n<p style=\"text-align: justify;\">Nexans, elektrikli \u0131s\u0131tma kablolar\u0131na 10 y\u0131l garanti vermektedir.<\/p>\n<p style=\"text-align: justify;\">Nexans, \u0131s\u0131tma kablolar\u0131 sekt\u00f6r\u00fcndeki en eski \u00fcr\u00fcn olup 1926 y\u0131l\u0131ndan beri \u00fcretilmektedir.En yak\u0131n rakiplerinin \u00fcretime 1950\u2019li y\u0131llarda ba\u015flad\u0131\u011f\u0131 ve bunu sat\u0131\u015f arg\u00fcman\u0131 olarak kulland\u0131klar\u0131 dikkate al\u0131n\u0131rsa, Nexans\u2019\u0131n sekt\u00f6rdeki tecr\u00fcbesi iyice belirginle\u015fir.<\/p>\n<p style=\"text-align: justify;\">Nexans \u0131s\u0131tma kablolar\u0131n\u0131n \u00fcretime ba\u015flama tarihi, bug\u00fcnk\u00fc en yak\u0131n rakiplerinin \u00fcretim ba\u015flang\u0131\u00e7 tarihinden en az 25 y\u0131l \u00f6ncesidir.<\/p>\n<p style=\"text-align: justify;\">Nexans, sekt\u00f6r\u00fcnde %100 su ge\u00e7irmez metal z\u0131rh k\u0131l\u0131f\u0131 olan ve rezistans telinin \u00fc\u00e7 seviye k\u0131l\u0131f ile korundu\u011fu tek \u0131s\u0131tma kablosudur. Rezistans teli termoplastik yal\u0131t\u0131m ile kaplanm\u0131\u015ft\u0131r. \u00dczerinde kalaylanm\u0131\u015f bak\u0131r topraklama kalkan\u0131 vard\u0131r. Bunun \u00fczerine de metalik z\u0131rh giydirilmi\u015ftir.<\/p>\n<p style=\"text-align: justify;\">Nexans \u0131s\u0131tma kablolar\u0131 metalik z\u0131rhlar\u0131 sayesinde 160 \u00b0C ortam s\u0131cakl\u0131\u011f\u0131na kadar dayanabilir. Kablonun kendisi \u00fczerindeki s\u0131cakl\u0131k 65 \u00b0C (230V) derece ile s\u0131n\u0131rland\u0131r\u0131lm\u0131\u015ft\u0131r.<\/p>\n<p style=\"text-align: justify;\">Daha \u00f6nce Alcatel ad\u0131yla sat\u0131lan bu \u00fcr\u00fcn rakipleri aras\u0131nda \u00fcretim hatas\u0131 oran\u0131 en d\u00fc\u015f\u00fck olma \u00f6zelli\u011fine sahiptir. Nexans \u0131s\u0131tma kablosunun di\u011fer bir \u00fcst\u00fcnl\u00fc\u011f\u00fc \u2018Gizli Ek Yeri\u2019 teknolojisidir. Kabloyu al\u0131p inceledi\u011finiz zaman ek yeri g\u00f6remezsiniz. Halbuki kablonun ucunda k\u0131sa bir uzatma kablosu eki vard\u0131r. S\u0131cak kabloyu beton \u00fczerine \u00e7\u0131kt\u0131ktan sonra termostata ta\u015f\u0131mak i\u00e7in yap\u0131lan bu uzatma eki, so\u011fuk u\u00e7 olarak isimlendirilir.<\/p>\n<\/div><div class=\"fusion-clearfix\"><\/div><\/div><\/div><div class=\"fusion-layout-column fusion_builder_column fusion-builder-column-1 fusion_builder_column_1_4 1_4 fusion-one-fourth fusion-column-last\" style=\"--awb-bg-size:cover;--awb-margin-bottom:0px;width:22%;\"><div class=\"fusion-column-wrapper fusion-flex-column-wrapper-legacy\"><div class=\"fusion-image-element in-legacy-container\" style=\"--awb-caption-title-font-family:var(--h2_typography-font-family);--awb-caption-title-font-weight:var(--h2_typography-font-weight);--awb-caption-title-font-style:var(--h2_typography-font-style);--awb-caption-title-size:var(--h2_typography-font-size);--awb-caption-title-transform:var(--h2_typography-text-transform);--awb-caption-title-line-height:var(--h2_typography-line-height);--awb-caption-title-letter-spacing:var(--h2_typography-letter-spacing);\"><span class=\" fusion-imageframe imageframe-none imageframe-1 hover-type-none\"><img decoding=\"async\" width=\"300\" height=\"111\" title=\"nex\" src=\"http:\/\/isitmakablosu.com\/TR\/wp-content\/uploads\/2016\/02\/nex-e1455716492422.jpg\" alt class=\"img-responsive wp-image-1611\" srcset=\"https:\/\/isitmakablosu.com\/TR\/wp-content\/uploads\/2016\/02\/nex-e1455716492422-200x74.jpg 200w, https:\/\/isitmakablosu.com\/TR\/wp-content\/uploads\/2016\/02\/nex-e1455716492422.jpg 300w\" sizes=\"(max-width: 800px) 100vw, 300px\" \/><\/span><\/div><div class=\"fusion-widget-area awb-widget-area-element fusion-widget-area-1 fusion-content-widget-area\" style=\"--awb-title-color:#333333;--awb-padding:0px 0px 0px 0px;\"><div id=\"nav_menu-2\" class=\"widget widget_nav_menu\"><div class=\"menu-nexans-container\"><ul id=\"menu-nexans\" class=\"menu\"><li id=\"menu-item-3040\" class=\"menu-item menu-item-type-post_type menu-item-object-page menu-item-3040\"><a href=\"https:\/\/isitmakablosu.com\/TR\/nexans1\/txlp1\/\">TXLP\/1<\/a><\/li>\n<li id=\"menu-item-3041\" class=\"menu-item menu-item-type-post_type menu-item-object-page menu-item-3041\"><a href=\"https:\/\/isitmakablosu.com\/TR\/nexans1\/txlp2r\/\">TXLP\/2R<\/a><\/li>\n<li id=\"menu-item-3036\" class=\"menu-item menu-item-type-post_type menu-item-object-page menu-item-3036\"><a href=\"https:\/\/isitmakablosu.com\/TR\/nexans1\/defrost\/\">Defrost<\/a><\/li>\n<li id=\"menu-item-3043\" class=\"menu-item menu-item-type-post_type menu-item-object-page menu-item-3043\"><a href=\"https:\/\/isitmakablosu.com\/TR\/nexans1\/txlp-cablemat-2\/\">Cablemat<\/a><\/li>\n<li id=\"menu-item-3037\" class=\"menu-item menu-item-type-post_type menu-item-object-page menu-item-3037\"><a href=\"https:\/\/isitmakablosu.com\/TR\/nexans1\/millidry\/\">Millidry<\/a><\/li>\n<li id=\"menu-item-3039\" class=\"menu-item menu-item-type-post_type menu-item-object-page menu-item-3039\"><a href=\"https:\/\/isitmakablosu.com\/TR\/nexans1\/snowmat\/\">Snowmat<\/a><\/li>\n<li id=\"menu-item-3038\" class=\"menu-item menu-item-type-post_type menu-item-object-page menu-item-3038\"><a href=\"https:\/\/isitmakablosu.com\/TR\/nexans1\/millimat-siltesi\/\">Millimat<\/a><\/li>\n<li id=\"menu-item-3042\" class=\"menu-item menu-item-type-post_type menu-item-object-page menu-item-3042\"><a href=\"https:\/\/isitmakablosu.com\/TR\/nexans1\/yardimci-aparatlar\/\">Yard\u0131mc\u0131 Aparatlar<\/a><\/li>\n<\/ul><\/div><\/div><div class=\"fusion-additional-widget-content\"><\/div><\/div><div class=\"fusion-clearfix\"><\/div><\/div><\/div><\/div><\/div>\n","protected":false},"excerpt":{"rendered":"","protected":false},"author":1,"featured_media":0,"parent":0,"menu_order":0,"comment_status":"closed","ping_status":"closed","template":"","meta":{"footnotes":""},"class_list":["post-1362","page","type-page","status-publish","hentry"],"_links":{"self":[{"href":"https:\/\/isitmakablosu.com\/TR\/wp-json\/wp\/v2\/pages\/1362","targetHints":{"allow":["GET"]}}],"collection":[{"href":"https:\/\/isitmakablosu.com\/TR\/wp-json\/wp\/v2\/pages"}],"about":[{"href":"https:\/\/isitmakablosu.com\/TR\/wp-json\/wp\/v2\/types\/page"}],"author":[{"embeddable":true,"href":"https:\/\/isitmakablosu.com\/TR\/wp-json\/wp\/v2\/users\/1"}],"replies":[{"embeddable":true,"href":"https:\/\/isitmakablosu.com\/TR\/wp-json\/wp\/v2\/comments?post=1362"}],"version-history":[{"count":4,"href":"https:\/\/isitmakablosu.com\/TR\/wp-json\/wp\/v2\/pages\/1362\/revisions"}],"predecessor-version":[{"id":3141,"href":"https:\/\/isitmakablosu.com\/TR\/wp-json\/wp\/v2\/pages\/1362\/revisions\/3141"}],"wp:attachment":[{"href":"https:\/\/isitmakablosu.com\/TR\/wp-json\/wp\/v2\/media?parent=1362"}],"curies":[{"name":"wp","href":"https:\/\/api.w.org\/{rel}","templated":true}]}}