{"id":1364,"date":"2016-02-13T17:00:46","date_gmt":"2016-02-13T15:00:46","guid":{"rendered":"http:\/\/demo1.epbilisim.net\/?page_id=1364"},"modified":"2020-03-15T00:20:46","modified_gmt":"2020-03-14T21:20:46","slug":"oj-electronics","status":"publish","type":"page","link":"https:\/\/isitmakablosu.com\/TR\/urunler\/oj-electronics\/","title":{"rendered":"OJ Electronics"},"content":{"rendered":"<div class=\"fusion-fullwidth fullwidth-box fusion-builder-row-1 nonhundred-percent-fullwidth non-hundred-percent-height-scrolling\" style=\"--awb-border-radius-top-left:0px;--awb-border-radius-top-right:0px;--awb-border-radius-bottom-right:0px;--awb-border-radius-bottom-left:0px;--awb-flex-wrap:wrap;\" ><div class=\"fusion-builder-row fusion-row\"><div class=\"fusion-layout-column fusion_builder_column fusion-builder-column-0 fusion_builder_column_3_4 3_4 fusion-three-fourth fusion-column-first\" style=\"--awb-bg-size:cover;--awb-margin-bottom:0px;width:74%; margin-right: 4%;\"><div class=\"fusion-column-wrapper fusion-flex-column-wrapper-legacy\"><div class=\"fusion-text fusion-text-1\"><p style=\"text-align: justify;\"><span style=\"color: #808080;\">Termostatlar elektrikli yerden \u0131s\u0131tma sistemlerinin vazge\u00e7ilmez unsurlar\u0131d\u0131r. Bu cihazlar elektrikli yerden \u0131s\u0131tma sisteminizin do\u011fru \u00e7al\u0131\u015fmas\u0131n\u0131 sa\u011flarlar. Uygulama amac\u0131n\u0131za ba\u011fl\u0131 en optimum sonu\u00e7lar\u0131 elde etmek i\u00e7in kullan\u0131lmas\u0131 gereken termostat tipi do\u011fru se\u00e7ilmelidir.<\/span><br \/>\n<span style=\"color: #808080;\"> Ev i\u00e7i elektrikli yerden \u0131s\u0131tma termostatlar\u0131 ON\/OFF prensibi ile \u00e7al\u0131\u015f\u0131rlar. \u00dcnite istenen \u0131s\u0131nma sa\u011fland\u0131\u011f\u0131nda enerjiyi keser, \u2018Dinlenme\u2019 konumuna ge\u00e7er. Derece ayarlanan de\u011ferin alt\u0131na indi\u011finde tekrar \u2018\u00c7al\u0131\u015fma\u2019 konumu ba\u015flar.<\/span><br \/>\n<span style=\"color: #808080;\"> Modeline ba\u011fl\u0131 olarak istenen d\u00f6\u015feme veya oda s\u0131cakl\u0131\u011f\u0131 mekanik veya dijital ekranda kullan\u0131c\u0131 taraf\u0131ndan ayarlan\u0131r. Bundan sonra 0.4 derecelik hassasiyet ile s\u0131cakl\u0131k de\u011fi\u015fimleri kontrol edilir. Termostatlar, s\u0131cakl\u0131k farklar\u0131n\u0131 sens\u00f6rler arac\u0131l\u0131\u011f\u0131yla alg\u0131larlar. Ev i\u00e7i OJ termostatlar\u0131nda ba\u015fl\u0131ca 2 tip sens\u00f6r vard\u0131r;<\/span><\/p>\n<p style=\"text-align: justify;\"><span style=\"color: #808080;\">(a) Oda sens\u00f6r\u00fc<\/span><\/p>\n<p style=\"text-align: justify;\"><span style=\"color: #808080;\">(b) D\u00f6\u015feme sens\u00f6r\u00fc<\/span><\/p>\n<p style=\"text-align: justify;\"><span style=\"color: #808080;\">Duvar tipi termostatlar\u0131n \u00fczerinde yer alan oda sens\u00f6r\u00fc ortam s\u0131cakl\u0131\u011f\u0131n\u0131 \u00f6l\u00e7er.<\/span><\/p>\n<p style=\"text-align: justify;\"><span style=\"color: #808080;\">D\u00f6\u015feme sens\u00f6r\u00fc ince bir kablo ve ucundaki NTC elemandan ibarettir. Amac\u0131 d\u00f6\u015femenin s\u0131cakl\u0131\u011f\u0131n\u0131 \u00f6l\u00e7mek olan \u00fcnite, \u0131s\u0131tma kablolar\u0131 ile beraber beton alt\u0131nda kal\u0131r. D\u00f6\u015feme sens\u00f6rleri bulunduklar\u0131 b\u00f6lgenin yer s\u0131cakl\u0131\u011f\u0131n\u0131 \u00f6l\u00e7ebilirler.<\/span><\/p>\n<p style=\"text-align: justify;\"><span style=\"color: #808080;\">D\u00f6\u015feme sens\u00f6r\u00fcn\u00fcn u\u00e7lar\u0131 \u0131s\u0131tma kablolar\u0131 gibi termostata direk olarak ba\u011flan\u0131rlar. Sens\u00f6r modele ba\u011fl\u0131 olarak termostat ambalaj\u0131n\u0131n i\u00e7inde yakla\u015f\u0131k 2.5 metre uzunlu\u011funda kablosuyla gelir. B\u00fcy\u00fck alanlarda d\u00f6\u015feme sens\u00f6r\u00fcn\u00fc termostat noktas\u0131na kadar uzatmak amac\u0131yla uzatma kablosu kullanmak gerekebilir.Sens\u00f6r kablosu, plastik spiral boru i\u00e7inde korumaya alarak d\u00f6\u015femeye yerle\u015ftirilir.<\/span><\/p>\n<p style=\"text-align: justify;\"><span style=\"color: #808080;\"><strong>Hangi Sens\u00f6r Nerede Kullan\u0131lmal\u0131 ? <\/strong><\/span><\/p>\n<p style=\"text-align: justify;\"><span style=\"color: #808080;\">Ortam s\u0131cakl\u0131\u011f\u0131n\u0131n kontrol\u00fc genel olarak ya\u015fam alanlar\u0131nda, oturma veya yatak odalar\u0131nda istenir.<\/span><br \/>\n<span style=\"color: #808080;\"> Amac\u0131n \u0131l\u0131k zemin temini oldu\u011fu \u0131slak zemin uygulamalar\u0131nda her zaman d\u00f6\u015feme sens\u00f6r\u00fc kullan\u0131l\u0131r.<\/span><\/p>\n<p style=\"text-align: justify;\"><span style=\"color: #808080;\">OJ microline ailesinin baz\u0131 modellerinde hem oda hem de d\u00f6\u015feme sens\u00f6r\u00fc mevcuttur. \u00c7ift sens\u00f6rl\u00fc bu termostatlar oda sens\u00f6r\u00fc \u00fczerinden ortam s\u0131cakl\u0131\u011f\u0131n\u0131n kontrol\u00fcn\u00fc sa\u011flarken ayn\u0131 anda d\u00f6\u015femenin s\u0131cakl\u0131\u011f\u0131n\u0131 s\u0131n\u0131rlar. Dolay\u0131s\u0131yla bu tip termostatlarda ek d\u00f6\u015feme sens\u00f6r\u00fc limitleyici sensor olarak isimlendirilir.<\/span><\/p>\n<p style=\"text-align: justify;\"><span style=\"color: #808080;\"><strong>IR sens\u00f6r<\/strong><\/span><br \/>\n<span style=\"color: #808080;\"> Elektrikli yerden \u0131s\u0131tma sistemleri kontrol\u00fcnde IR teknolojisi d\u00fcnyada ilk kez OJ Electronics firmas\u0131 taraf\u0131ndan kullan\u0131lm\u0131\u015ft\u0131r. Teknoloji, d\u00f6\u015femeye enfraruj \u0131\u015f\u0131n\u0131 g\u00f6ndermek suretiyle d\u00f6\u015femenin s\u0131cakl\u0131\u011f\u0131n\u0131 \u00f6l\u00e7me prensibine dayan\u0131r.<\/span><\/p>\n<p style=\"text-align: justify;\"><span style=\"color: #808080;\">OTN-1999 ve OCD-1999 kodlar\u0131nda alt modelleri olan bu termostat \u00f6zellikle banyo tipi uygulamalar i\u00e7indir. IR-sens\u00f6r\u00fcn\u00fcn klasik beton i\u00e7i d\u00f6\u015feme sens\u00f6r\u00fcne g\u00f6re \u00e7e\u015fitli avantajlar\u0131 vard\u0131r;<\/span><br \/>\n<span style=\"color: #808080;\"> 1. Betonun alt\u0131n\u0131 de\u011fil, tam istenen y\u00fczeyi \u00f6l\u00e7er.<\/span><br \/>\n<span style=\"color: #808080;\"> 2. Kurulu\u015fu \u015faptan sonra yap\u0131labilir.<\/span><br \/>\n<span style=\"color: #808080;\"> 3. Bak\u0131m\u0131 ve ar\u0131za halinde de\u011fi\u015ftirilmesi kolayd\u0131r.<\/span><br \/>\n<span style=\"color: #808080;\"> 4. Cihaza termostattan 25 metre kadar uza\u011fa yerle\u015ftirilebilir.<\/span><\/p>\n<p style=\"text-align: justify;\"><span style=\"color: #808080;\"><strong>IP Koruma S\u0131n\u0131f\u0131 Nedir ?<\/strong><\/span><br \/>\n<span style=\"color: #808080;\"> Elektrikli bir cihaz\u0131n darbeye ve neme kar\u015f\u0131 dayanma g\u00fcc\u00fc, IEC 60529 standard\u0131n\u0131n tan\u0131mlad\u0131\u011f\u0131 s\u0131n\u0131flama kurallar\u0131na g\u00f6re belirlenir. S\u0131n\u0131fland\u0131rma sistemi cihaza \u00f6zelliklerine uygun bir not IP Kodu vermek suretiyle yap\u0131l\u0131r. IP kod sistemi 2 haneli bir rakam olup ilk hane darbeye ikinci hane ise neme kar\u015f\u0131 cihaz\u0131n korunma d\u00fczeyidir.<\/span><\/p>\n<p style=\"text-align: justify;\"><span style=\"color: #808080;\"><img decoding=\"async\" class=\"aligncenter size-full wp-image-1784\" src=\"http:\/\/isitmakablosu.com\/tr\/wp-content\/uploads\/2016\/02\/oj-tablo.png\" alt=\"oj-tablo\" width=\"269\" height=\"125\" srcset=\"https:\/\/isitmakablosu.com\/TR\/wp-content\/uploads\/2016\/02\/oj-tablo-200x93.png 200w, https:\/\/isitmakablosu.com\/TR\/wp-content\/uploads\/2016\/02\/oj-tablo.png 269w\" sizes=\"(max-width: 269px) 100vw, 269px\" \/><\/span><\/p>\n<table style=\"height: 183px;\" width=\"627\">\n<tbody>\n<tr>\n<td width=\"36\"><span style=\"color: #808080;\">0<\/span><\/td>\n<td width=\"451\"><span style=\"color: #808080;\">Korumas\u0131z<\/span><\/td>\n<\/tr>\n<tr>\n<td width=\"36\"><span style=\"color: #808080;\">1<\/span><\/td>\n<td width=\"451\"><span style=\"color: #808080;\">50 mm veya daha b\u00fcy\u00fck \u00e7aptaki\u00a0 cisimlerin darbesine dayan\u0131kl\u0131<\/span><\/td>\n<\/tr>\n<tr>\n<td width=\"36\"><span style=\"color: #808080;\">2<\/span><\/td>\n<td width=\"451\"><span style=\"color: #808080;\">12,5 mm veya daha b\u00fcy\u00fck \u00e7aptaki\u00a0 cisimlerin darbesine dayan\u0131kl\u0131<\/span><\/td>\n<\/tr>\n<tr>\n<td width=\"36\"><span style=\"color: #808080;\">3<\/span><\/td>\n<td width=\"451\"><span style=\"color: #808080;\">2,5 mm veya daha b\u00fcy\u00fck \u00e7aptaki\u00a0 cisimlerin darbesine dayan\u0131kl\u0131<\/span><\/td>\n<\/tr>\n<tr>\n<td width=\"36\"><span style=\"color: #808080;\">4<\/span><\/td>\n<td width=\"451\"><span style=\"color: #808080;\">2,5 mm veya daha b\u00fcy\u00fck \u00e7aptaki\u00a0 cisimlerin darbesine dayan\u0131kl\u0131<\/span><\/td>\n<\/tr>\n<tr>\n<td width=\"36\"><span style=\"color: #808080;\">5<\/span><\/td>\n<td width=\"451\"><span style=\"color: #808080;\">Tozlu ortamda \u00e7al\u0131\u015fabilir<\/span><\/td>\n<\/tr>\n<tr>\n<td width=\"36\"><span style=\"color: #808080;\">6<\/span><\/td>\n<td width=\"451\"><span style=\"color: #808080;\">Toz Ge\u00e7irmez<\/span><\/td>\n<\/tr>\n<\/tbody>\n<\/table>\n<table style=\"height: 296px;\" width=\"626\">\n<tbody>\n<tr style=\"text-align: justify;\">\n<td width=\"43\"><span style=\"color: #808080;\">\u00a0<\/span><\/td>\n<td width=\"445\"><span style=\"color: #808080;\"><strong>Hane 2\u00a0<\/strong><em>: Neme Kar\u015f\u0131 Dayan\u0131kl\u0131l\u0131k<\/em><\/span><\/td>\n<\/tr>\n<tr style=\"text-align: justify;\">\n<td width=\"43\"><span style=\"color: #808080;\">0<\/span><\/td>\n<td width=\"445\"><span style=\"color: #808080;\">Korumas\u0131z<\/span><\/td>\n<\/tr>\n<tr style=\"text-align: justify;\">\n<td width=\"43\"><span style=\"color: #808080;\">1<\/span><\/td>\n<td width=\"445\"><span style=\"color: #808080;\">Dikey gelen su damlalar\u0131na dayan\u0131kl\u0131<\/span><\/td>\n<\/tr>\n<tr style=\"text-align: justify;\">\n<td width=\"43\"><span style=\"color: #808080;\">2<\/span><\/td>\n<td width=\"445\"><span style=\"color: #808080;\">150\u00a0 a\u00e7\u0131yla gelen su damlalar\u0131na dayan\u0131kl\u0131<\/span><\/td>\n<\/tr>\n<tr style=\"text-align: justify;\">\n<td width=\"43\"><span style=\"color: #808080;\">3<\/span><\/td>\n<td width=\"445\"><span style=\"color: #808080;\">600\u00a0 a\u00e7\u0131yla su p\u00fcsk\u00fcrt\u00fclmesine dayan\u0131kl\u0131 (Alttan veya Yukardan)<\/span><\/td>\n<\/tr>\n<tr style=\"text-align: justify;\">\n<td width=\"43\"><span style=\"color: #808080;\">4<\/span><\/td>\n<td width=\"445\"><span style=\"color: #808080;\">Her y\u00f6nden p\u00fcsk\u00fcrt\u00fclen suya dayan\u0131kl\u0131<\/span><\/td>\n<\/tr>\n<tr style=\"text-align: justify;\">\n<td width=\"43\"><span style=\"color: #808080;\">5<\/span><\/td>\n<td width=\"445\"><span style=\"color: #808080;\">Her y\u00f6nden gelen tazyikli suya dayan\u0131kl\u0131<\/span><\/td>\n<\/tr>\n<tr style=\"text-align: justify;\">\n<td width=\"43\"><span style=\"color: #808080;\">6<\/span><\/td>\n<td width=\"445\"><span style=\"color: #808080;\">Her y\u00f6nden gelen y\u00fcksek tazyikli suya dayan\u0131kl\u0131<\/span><\/td>\n<\/tr>\n<tr style=\"text-align: justify;\">\n<td width=\"43\"><span style=\"color: #808080;\">7<\/span><\/td>\n<td width=\"445\"><span style=\"color: #808080;\">Suya bat\u0131r\u0131labilir<\/span><\/td>\n<\/tr>\n<tr style=\"text-align: justify;\">\n<td width=\"43\"><span style=\"color: #808080;\">8<\/span><\/td>\n<td width=\"445\"><span style=\"color: #808080;\">Suyun alt\u0131nda \u00e7al\u0131\u015fmaya dayan\u0131kl\u0131<\/span><\/td>\n<\/tr>\n<\/tbody>\n<\/table>\n<\/div><div class=\"fusion-clearfix\"><\/div><\/div><\/div><div class=\"fusion-layout-column fusion_builder_column fusion-builder-column-1 fusion_builder_column_1_4 1_4 fusion-one-fourth fusion-column-last\" style=\"--awb-bg-size:cover;--awb-margin-bottom:0px;width:22%;\"><div class=\"fusion-column-wrapper fusion-flex-column-wrapper-legacy\"><div class=\"fusion-text fusion-text-2\"><p><img decoding=\"async\" src=\"http:\/\/isitmakablosu.com\/TR\/wp-content\/uploads\/2013\/02\/OJ-Electronics-logo.jpg\" alt=\"\" width=\"218\" height=\"74\" \/><\/p>\n<\/div><div class=\"fusion-widget-area awb-widget-area-element fusion-widget-area-1 fusion-content-widget-area\" style=\"--awb-title-color:#333333;--awb-padding:0px 0px 0px 0px;\"><div id=\"nav_menu-3\" class=\"widget widget_nav_menu\"><div class=\"menu-oj-container\"><ul id=\"menu-oj\" class=\"menu\"><li id=\"menu-item-3062\" class=\"menu-item menu-item-type-post_type menu-item-object-page menu-item-3062\"><a href=\"https:\/\/isitmakablosu.com\/TR\/urunler\/oj-electronics\/mtu\/\">MTU<\/a><\/li>\n<li id=\"menu-item-3065\" class=\"menu-item menu-item-type-post_type menu-item-object-page menu-item-3065\"><a href=\"https:\/\/isitmakablosu.com\/TR\/urunler\/oj-electronics\/otn\/\">OTN<\/a><\/li>\n<li id=\"menu-item-3066\" class=\"menu-item menu-item-type-post_type menu-item-object-page menu-item-3066\"><a href=\"https:\/\/isitmakablosu.com\/TR\/urunler\/oj-electronics\/otn2\/\">OTN2<\/a><\/li>\n<li id=\"menu-item-3069\" class=\"menu-item menu-item-type-post_type menu-item-object-page menu-item-3069\"><a href=\"https:\/\/isitmakablosu.com\/TR\/urunler\/oj-electronics\/occ-2\/\">OCC 2<\/a><\/li>\n<li id=\"menu-item-3102\" class=\"menu-item menu-item-type-post_type menu-item-object-page menu-item-3102\"><a href=\"https:\/\/isitmakablosu.com\/TR\/urunler\/oj-electronics\/ocd-2\/\">OCD 2<\/a><\/li>\n<li id=\"menu-item-3063\" class=\"menu-item menu-item-type-post_type menu-item-object-page menu-item-3063\"><a href=\"https:\/\/isitmakablosu.com\/TR\/urunler\/oj-electronics\/otd\/\">OTD<\/a><\/li>\n<li id=\"menu-item-3064\" class=\"menu-item menu-item-type-post_type menu-item-object-page menu-item-3064\"><a href=\"https:\/\/isitmakablosu.com\/TR\/urunler\/oj-electronics\/otd2\/\">OTD2<\/a><\/li>\n<li id=\"menu-item-3101\" class=\"menu-item menu-item-type-post_type menu-item-object-page menu-item-3101\"><a href=\"https:\/\/isitmakablosu.com\/TR\/urunler\/oj-electronics\/etv\/\">ETV<\/a><\/li>\n<li id=\"menu-item-3096\" class=\"menu-item menu-item-type-post_type menu-item-object-page menu-item-3096\"><a href=\"https:\/\/isitmakablosu.com\/TR\/urunler\/oj-electronics\/eti-1221-2\/\">ETI 1221<\/a><\/li>\n<li id=\"menu-item-3097\" class=\"menu-item menu-item-type-post_type menu-item-object-page menu-item-3097\"><a href=\"https:\/\/isitmakablosu.com\/TR\/urunler\/oj-electronics\/eti-1551\/\">ETI 1551<\/a><\/li>\n<li id=\"menu-item-3098\" class=\"menu-item menu-item-type-post_type menu-item-object-page menu-item-3098\"><a href=\"https:\/\/isitmakablosu.com\/TR\/urunler\/oj-electronics\/etn-2\/\">ETN<\/a><\/li>\n<li id=\"menu-item-3099\" class=\"menu-item menu-item-type-post_type menu-item-object-page menu-item-3099\"><a href=\"https:\/\/isitmakablosu.com\/TR\/urunler\/oj-electronics\/eto2-4550\/\">ETO2 4550<\/a><\/li>\n<li id=\"menu-item-3100\" class=\"menu-item menu-item-type-post_type menu-item-object-page menu-item-3100\"><a href=\"https:\/\/isitmakablosu.com\/TR\/urunler\/oj-electronics\/etr2\/\">ETR2<\/a><\/li>\n<li id=\"menu-item-3103\" class=\"menu-item menu-item-type-post_type menu-item-object-page menu-item-3103\"><a href=\"https:\/\/isitmakablosu.com\/TR\/urunler\/oj-electronics\/sensorler\/\">Sens\u00f6rler<\/a><\/li>\n<\/ul><\/div><\/div><div class=\"fusion-additional-widget-content\"><\/div><\/div><div class=\"fusion-clearfix\"><\/div><\/div><\/div><\/div><\/div>\n","protected":false},"excerpt":{"rendered":"","protected":false},"author":1,"featured_media":0,"parent":1295,"menu_order":0,"comment_status":"closed","ping_status":"closed","template":"","meta":{"footnotes":""},"class_list":["post-1364","page","type-page","status-publish","hentry"],"_links":{"self":[{"href":"https:\/\/isitmakablosu.com\/TR\/wp-json\/wp\/v2\/pages\/1364","targetHints":{"allow":["GET"]}}],"collection":[{"href":"https:\/\/isitmakablosu.com\/TR\/wp-json\/wp\/v2\/pages"}],"about":[{"href":"https:\/\/isitmakablosu.com\/TR\/wp-json\/wp\/v2\/types\/page"}],"author":[{"embeddable":true,"href":"https:\/\/isitmakablosu.com\/TR\/wp-json\/wp\/v2\/users\/1"}],"replies":[{"embeddable":true,"href":"https:\/\/isitmakablosu.com\/TR\/wp-json\/wp\/v2\/comments?post=1364"}],"version-history":[{"count":3,"href":"https:\/\/isitmakablosu.com\/TR\/wp-json\/wp\/v2\/pages\/1364\/revisions"}],"predecessor-version":[{"id":3142,"href":"https:\/\/isitmakablosu.com\/TR\/wp-json\/wp\/v2\/pages\/1364\/revisions\/3142"}],"up":[{"embeddable":true,"href":"https:\/\/isitmakablosu.com\/TR\/wp-json\/wp\/v2\/pages\/1295"}],"wp:attachment":[{"href":"https:\/\/isitmakablosu.com\/TR\/wp-json\/wp\/v2\/media?parent=1364"}],"curies":[{"name":"wp","href":"https:\/\/api.w.org\/{rel}","templated":true}]}}