{"id":1374,"date":"2016-02-13T17:31:39","date_gmt":"2016-02-13T15:31:39","guid":{"rendered":"http:\/\/demo1.epbilisim.net\/?page_id=1374"},"modified":"2016-02-13T17:31:39","modified_gmt":"2016-02-13T15:31:39","slug":"txlp2r","status":"publish","type":"page","link":"https:\/\/isitmakablosu.com\/TR\/nexans1\/txlp2r\/","title":{"rendered":"TXLP\/2R"},"content":{"rendered":"<table>\n<tbody>\n<tr bgcolor=\"#F6F6F6\">\n<td width=\"1200\">\n<h4><a href=\"http:\/\/isitmakablosu.com\/tr\/nexans1\/\">\u00a0\u00a0Nexans<\/a>   &#8211;   TXLP 2R<\/h4>\n<\/td>\n<\/tr>\n<\/tbody>\n<\/table>\n<p>&nbsp;<\/p>\n<p style=\"text-align: justify;\"><img decoding=\"async\" class=\"wp-image-2487 alignright\" src=\"http:\/\/isitmakablosu.com\/tr\/wp-content\/uploads\/2016\/02\/txlp-2r-resmi.png\" alt=\"txlp-2r-resmi\" width=\"200\" height=\"186\" srcset=\"https:\/\/isitmakablosu.com\/TR\/wp-content\/uploads\/2016\/02\/txlp-2r-resmi-200x186.png 200w, https:\/\/isitmakablosu.com\/TR\/wp-content\/uploads\/2016\/02\/txlp-2r-resmi.png 257w\" sizes=\"(max-width: 200px) 100vw, 200px\" \/>TXLP\/2R serisi \u0131s\u0131tma kablosu sekt\u00f6r\u00fcne Nexans taraf\u0131ndan tan\u0131t\u0131lan \u00e7ift iletken teknolojisi ile \u00fcretilmi\u015ftir. Gidi\u015f ve d\u00f6n\u00fc\u015f iletkeni olmak \u00fczere \u00e7ift iletken i\u00e7eren kablonun ucunda su ge\u00e7irmez \u00f6zellikte sonland\u0131rma m\u00fchr\u00fc vard\u0131r.<br \/>\nSadece gidi\u015f iletkeni \u0131s\u0131tma ama\u00e7l\u0131 olup d\u00f6n\u00fc\u015f iletkeni devreyi tamamlamak i\u00e7in kullan\u0131lmaktad\u0131r. Kablonun, Nexans \u00fcr\u00fcnlerinde standart olan %100 su ge\u00e7irmez metalik z\u0131rh\u0131 vard\u0131r.<br \/>\n&#8211; TXLP\/2R serisi i\u00e7 mekan uygulamalar\u0131nda her t\u00fcrl\u00fc y\u00fczey kaplama malzemesi alt\u0131nda g\u00fcvenle kullan\u0131r.<br \/>\n&#8211; \u00c7ift iletkenli olmas\u0131 nedeniyle montaj\u0131 kolayd\u0131r.<br \/>\n&#8211; 194 metre se\u00e7ene\u011fi olmas\u0131 b\u00fcy\u00fck alan uygulamalar\u0131nda tek kablo ile montaj kolayl\u0131\u011f\u0131 sa\u011flar.<br \/>\n&#8211; Standart olarak 2.25 metre so\u011fuk ucu vard\u0131r.<\/p>\n<table border=\"1\">\n<tbody>\n<tr>\n<td width=\"283\"><span style=\"color: #6f64d1;\"><strong>KARAKTER\u0130ST\u0130KLER\u0130<\/strong><\/span><\/td>\n<td width=\"290\"><\/td>\n<\/tr>\n<tr>\n<td width=\"283\">Tip<\/td>\n<td width=\"290\">\u00c7ift \u0130letkenli<\/td>\n<\/tr>\n<tr>\n<td width=\"283\">\u00c7izgisel G\u00fc\u00e7<\/td>\n<td width=\"290\">10 veya 17 W\/m<\/td>\n<\/tr>\n<tr>\n<td width=\"283\">\u0130letken ve D\u0131\u015f Kablo Yal\u0131t\u0131m\u0131<\/td>\n<td width=\"290\">XLPE\/PVC<\/td>\n<\/tr>\n<tr>\n<td width=\"283\">Ekran<\/td>\n<td width=\"290\">Kesintisiz Al\u00fcminyum Z\u0131rh + Bak\u0131r\u00a0Tel<\/td>\n<\/tr>\n<tr>\n<td width=\"283\">Toprak Teli<\/td>\n<td width=\"290\">Kalaylanm\u0131\u015f Bak\u0131r<\/td>\n<\/tr>\n<tr>\n<td width=\"283\">Azami Kablo S\u0131cakl\u0131\u011f\u0131<\/td>\n<td width=\"290\">65 \u00b0C<\/td>\n<\/tr>\n<tr>\n<td width=\"283\">Dayanabilece\u011fi Azami Ortam<\/td>\n<td width=\"290\">160 \u00b0C<\/td>\n<\/tr>\n<tr>\n<td width=\"283\">Kablo Kal\u0131nl\u0131\u011f\u0131<\/td>\n<td width=\"290\">7.5 mm<\/td>\n<\/tr>\n<tr>\n<td width=\"283\">So\u011fuk U\u00e7 Eki<\/td>\n<td width=\"290\">Nexans Gizli Ek Yeri Teknolojisi<\/td>\n<\/tr>\n<tr>\n<td width=\"283\">So\u011fuk U\u00e7 Boyu (Fabrikasyon)<\/td>\n<td width=\"290\">2.25 mt<\/td>\n<\/tr>\n<tr>\n<td width=\"283\">\u00c7al\u0131\u015fma Gerilimi<\/td>\n<td width=\"290\">230 V<\/td>\n<\/tr>\n<tr>\n<td width=\"283\">B\u00fck\u00fclme Fakt\u00f6r\u00fc<\/td>\n<td width=\"290\">5 * (\u00c7ap)<\/td>\n<\/tr>\n<tr>\n<td width=\"283\">Teknoloji<\/td>\n<td width=\"290\">Seri Rezistans<\/td>\n<\/tr>\n<\/tbody>\n<\/table>\n<p>&nbsp;<\/p>\n<p><img decoding=\"async\" class=\"alignnone size-full wp-image-1399\" src=\"http:\/\/isitmakablosu.com\/tr\/wp-content\/uploads\/2016\/02\/bukulma-faktore-5-cap.jpg\" alt=\"bukulma-faktore-5-cap\" width=\"72\" height=\"71\" srcset=\"https:\/\/isitmakablosu.com\/TR\/wp-content\/uploads\/2016\/02\/bukulma-faktore-5-cap-66x66.jpg 66w, https:\/\/isitmakablosu.com\/TR\/wp-content\/uploads\/2016\/02\/bukulma-faktore-5-cap.jpg 72w\" sizes=\"(max-width: 72px) 100vw, 72px\" \/>\u00a0<img decoding=\"async\" class=\"alignnone size-full wp-image-1400\" src=\"http:\/\/isitmakablosu.com\/tr\/wp-content\/uploads\/2016\/02\/ec-60332-1-standarduna-uyumlu.jpg\" alt=\"\u0131ec-60332-1-standarduna-uyumlu\" width=\"72\" height=\"72\" srcset=\"https:\/\/isitmakablosu.com\/TR\/wp-content\/uploads\/2016\/02\/ec-60332-1-standarduna-uyumlu-66x66.jpg 66w, https:\/\/isitmakablosu.com\/TR\/wp-content\/uploads\/2016\/02\/ec-60332-1-standarduna-uyumlu.jpg 72w\" sizes=\"(max-width: 72px) 100vw, 72px\" \/>\u00a0<img decoding=\"async\" class=\"alignnone size-full wp-image-1401\" src=\"http:\/\/isitmakablosu.com\/tr\/wp-content\/uploads\/2016\/02\/gizli-ek-yeri-teknolojisi.jpg\" alt=\"gizli-ek-yeri-teknolojisi\" width=\"70\" height=\"70\" srcset=\"https:\/\/isitmakablosu.com\/TR\/wp-content\/uploads\/2016\/02\/gizli-ek-yeri-teknolojisi-66x66.jpg 66w, https:\/\/isitmakablosu.com\/TR\/wp-content\/uploads\/2016\/02\/gizli-ek-yeri-teknolojisi.jpg 70w\" sizes=\"(max-width: 70px) 100vw, 70px\" \/>\u00a0<img decoding=\"async\" class=\"alignnone size-full wp-image-1402\" src=\"http:\/\/isitmakablosu.com\/tr\/wp-content\/uploads\/2016\/02\/kutulanm\u0131s-urun-e1455380142398.jpg\" alt=\"kutulanm\u0131s-urun\" width=\"72\" height=\"72\" srcset=\"https:\/\/isitmakablosu.com\/TR\/wp-content\/uploads\/2016\/02\/kutulanm\u0131s-urun-e1455380142398-66x66.jpg 66w, https:\/\/isitmakablosu.com\/TR\/wp-content\/uploads\/2016\/02\/kutulanm\u0131s-urun-e1455380142398.jpg 72w\" sizes=\"(max-width: 72px) 100vw, 72px\" \/><\/p>\n<p>TXLP\/2R serisi \u0131s\u0131tma kablolar\u0131n\u0131n stok uzunluklar\u0131 ve \u00fcr\u00fcn kodlar\u0131 a\u015fa\u011f\u0131daki tabloda belirtilmi\u015ftir.<\/p>\n<table border=\"1\">\n<tbody>\n<tr>\n<td colspan=\"5\" width=\"650\"><span style=\"color: #748cd4;\"><strong>10 W\/m(230V)<\/strong><\/span><\/td>\n<\/tr>\n<tr>\n<td width=\"109\"><span style=\"color: #6f64d1;\">\u00dcr\u00fcn Kodu <\/span><\/td>\n<td width=\"316\"><span style=\"color: #6f64d1;\">\u00a0\u00dcr\u00fcn Detay\u0131<\/span><\/td>\n<td width=\"76\"><span style=\"color: #6f64d1;\">Rezistans\u0131<\/span><\/td>\n<td width=\"77\"><span style=\"color: #6f64d1;\">A\u011f\u0131rl\u0131\u011f\u0131-kg<\/span><\/td>\n<td width=\"71\"><span style=\"color: #6f64d1;\">\u00c7ap-mm<\/span><\/td>\n<\/tr>\n<tr>\n<td width=\"109\">10022283<\/td>\n<td width=\"316\">TXLP\/2R\u00a0\u00a0 230W &#8211; 10 W\/m &#8211; 23.0m<\/td>\n<td width=\"76\">230.0<\/td>\n<td width=\"77\">1.7<\/td>\n<td width=\"71\">7,5<\/td>\n<\/tr>\n<tr>\n<td width=\"109\">10022284<\/td>\n<td width=\"316\">TXLP\/2R\u00a0\u00a0 380W &#8211; 10 W\/m &#8211; 38.3m<\/td>\n<td width=\"76\">139.2<\/td>\n<td width=\"77\">2.7<\/td>\n<td width=\"71\">7,5<\/td>\n<\/tr>\n<tr>\n<td width=\"109\">10022285<\/td>\n<td width=\"316\">TXLP\/2R\u00a0\u00a0 530W &#8211; 10 W\/m &#8211; 53.4m<\/td>\n<td width=\"76\">99.8<\/td>\n<td width=\"77\">3.7<\/td>\n<td width=\"71\">7,5<\/td>\n<\/tr>\n<tr>\n<td width=\"109\">10022286<\/td>\n<td width=\"316\">TXLP\/2R\u00a0\u00a0 760W &#8211; 10 W\/m &#8211; 76.0m<\/td>\n<td width=\"76\">69.6<\/td>\n<td width=\"77\">5.2<\/td>\n<td width=\"71\">7,5<\/td>\n<\/tr>\n<tr>\n<td width=\"109\">10022287<\/td>\n<td width=\"316\">TXLP\/2R\u00a0\u00a0 940W &#8211; 10 W\/m &#8211; \u00a094.4m<\/td>\n<td width=\"76\">56.3<\/td>\n<td width=\"77\">6.4<\/td>\n<td width=\"71\">7,5<\/td>\n<\/tr>\n<tr>\n<td width=\"109\">10022280<\/td>\n<td width=\"316\">TXLP\/2R 1050W &#8211; 10 W\/m &#8211; 105.4m<\/td>\n<td width=\"76\">50.4<\/td>\n<td width=\"77\">6.9<\/td>\n<td width=\"71\">7,5<\/td>\n<\/tr>\n<tr>\n<td width=\"109\">10022281<\/td>\n<td width=\"316\">TXLP\/2R 1300W &#8211; 10 W\/m &#8211; 130.4m<\/td>\n<td width=\"76\">40.7<\/td>\n<td width=\"77\">8.6<\/td>\n<td width=\"71\">7,5<\/td>\n<\/tr>\n<tr>\n<td width=\"109\">10022282<\/td>\n<td width=\"316\">TXLP\/2R 1610W &#8211; 10 W\/m &#8211; 161.3m<\/td>\n<td width=\"76\">32.9<\/td>\n<td width=\"77\">10.7<\/td>\n<td width=\"71\">7,5<\/td>\n<\/tr>\n<\/tbody>\n<\/table>\n<p>&nbsp;<\/p>\n<table border=\"1\">\n<tbody>\n<tr>\n<td colspan=\"5\" width=\"650\"><span style=\"color: #748cd4;\"><strong>17 W\/m(230V)<\/strong><\/span><\/td>\n<\/tr>\n<tr>\n<td width=\"109\"><span style=\"color: #6f64d1;\">\u00dcr\u00fcn Kodu <\/span><\/td>\n<td width=\"316\"><span style=\"color: #6f64d1;\">\u00a0\u00dcr\u00fcn Detaylar\u0131 <\/span><\/td>\n<td width=\"76\"><span style=\"color: #6f64d1;\">Rezistans\u0131<\/span><\/td>\n<td width=\"77\"><span style=\"color: #6f64d1;\">A\u011f\u0131rl\u0131\u011f\u0131-kg<\/span><\/td>\n<td width=\"71\"><span style=\"color: #6f64d1;\">\u00c7ap-mm<\/span><\/td>\n<\/tr>\n<tr>\n<td width=\"109\">10022294<\/td>\n<td width=\"316\">TXLP\/2R\u00a0 400W &#8211; 17 W\/m &#8211; 23.5m<\/td>\n<td width=\"76\">132.3<\/td>\n<td width=\"77\">1.8<\/td>\n<td width=\"71\">7,5<\/td>\n<\/tr>\n<tr>\n<td width=\"109\">10022295<\/td>\n<td width=\"316\">TXLP\/2R\u00a0 500W &#8211; 17 W\/m &#8211; 29.3m<\/td>\n<td width=\"76\">105.8<\/td>\n<td width=\"77\">2.2<\/td>\n<td width=\"71\">7,5<\/td>\n<\/tr>\n<tr>\n<td width=\"109\">10022296<\/td>\n<td width=\"316\">TXLP\/2R\u00a0 600W &#8211; 17 W\/m &#8211; 35.2m<\/td>\n<td width=\"76\">88.2<\/td>\n<td width=\"77\">2.6<\/td>\n<td width=\"71\">7,5<\/td>\n<\/tr>\n<tr>\n<td width=\"109\">10022297<\/td>\n<td width=\"316\">TXLP\/2R\u00a0 700W &#8211; 17 W\/m &#8211; 41.0m<\/td>\n<td width=\"76\">75.6<\/td>\n<td width=\"77\">2.9<\/td>\n<td width=\"71\">7,5<\/td>\n<\/tr>\n<tr>\n<td width=\"109\">10022298<\/td>\n<td width=\"316\">TXLP\/2R\u00a0 840W &#8211; 17 W\/m &#8211; 49.7m<\/td>\n<td width=\"76\">63.0<\/td>\n<td width=\"77\">3.5<\/td>\n<td width=\"71\">7,5<\/td>\n<\/tr>\n<tr>\n<td width=\"109\">10022288<\/td>\n<td width=\"316\">TXLP\/2R 1000W &#8211; 17 W\/m &#8211; 58.3m<\/td>\n<td width=\"76\">52.9<\/td>\n<td width=\"77\">4.1<\/td>\n<td width=\"71\">7,5<\/td>\n<\/tr>\n<tr>\n<td width=\"109\">10022289<\/td>\n<td width=\"316\">TXLP\/2R 1250W &#8211; 17 W\/m &#8211; 72.4m<\/td>\n<td width=\"76\">42.3<\/td>\n<td width=\"77\">5.0<\/td>\n<td width=\"71\">7,5<\/td>\n<\/tr>\n<tr>\n<td width=\"109\">10022290<\/td>\n<td width=\"316\">TXLP\/2R 1370W &#8211; 17 W\/m &#8211; 80.8m<\/td>\n<td width=\"76\">38.6<\/td>\n<td width=\"77\">5.3<\/td>\n<td width=\"71\">7,5<\/td>\n<\/tr>\n<tr>\n<td width=\"109\">10022291<\/td>\n<td width=\"316\">TXLP\/2R 1700W &#8211; 17 W\/m &#8211; 100.0m<\/td>\n<td width=\"76\">31.1<\/td>\n<td width=\"77\">6.7<\/td>\n<td width=\"71\">7,5<\/td>\n<\/tr>\n<tr>\n<td width=\"109\">10022292<\/td>\n<td width=\"316\">TXLP\/2R 2100W &#8211; 17 W\/m &#8211; 123.7m<\/td>\n<td width=\"76\">25.2<\/td>\n<td width=\"77\">8.3<\/td>\n<td width=\"71\">7,5<\/td>\n<\/tr>\n<tr>\n<td width=\"109\">10047809<\/td>\n<td width=\"316\">TXLP\/2R 2600W &#8211; 17 W\/m &#8211; 154.5m<\/td>\n<td width=\"76\">20.3<\/td>\n<td width=\"77\">9.5<\/td>\n<td width=\"71\">7,5<\/td>\n<\/tr>\n<tr>\n<td width=\"109\">10022300<\/td>\n<td width=\"316\">TXLP\/2R 3300W &#8211; 17 W\/m &#8211; 194.0m<\/td>\n<td width=\"76\">16.3<\/td>\n<td width=\"77\">11.7<\/td>\n<td width=\"71\">7,5<\/td>\n<\/tr>\n<\/tbody>\n<\/table>\n","protected":false},"excerpt":{"rendered":"<p>\u00a0\u00a0Nexans &#8211; TXLP 2R &nbsp; TXLP\/2R serisi \u0131s\u0131tma kablosu sekt\u00f6r\u00fcne  [&#8230;]<\/p>\n","protected":false},"author":1,"featured_media":0,"parent":1362,"menu_order":0,"comment_status":"closed","ping_status":"closed","template":"page-custom.php","meta":{"footnotes":""},"class_list":["post-1374","page","type-page","status-publish","hentry"],"_links":{"self":[{"href":"https:\/\/isitmakablosu.com\/TR\/wp-json\/wp\/v2\/pages\/1374","targetHints":{"allow":["GET"]}}],"collection":[{"href":"https:\/\/isitmakablosu.com\/TR\/wp-json\/wp\/v2\/pages"}],"about":[{"href":"https:\/\/isitmakablosu.com\/TR\/wp-json\/wp\/v2\/types\/page"}],"author":[{"embeddable":true,"href":"https:\/\/isitmakablosu.com\/TR\/wp-json\/wp\/v2\/users\/1"}],"replies":[{"embeddable":true,"href":"https:\/\/isitmakablosu.com\/TR\/wp-json\/wp\/v2\/comments?post=1374"}],"version-history":[{"count":0,"href":"https:\/\/isitmakablosu.com\/TR\/wp-json\/wp\/v2\/pages\/1374\/revisions"}],"up":[{"embeddable":true,"href":"https:\/\/isitmakablosu.com\/TR\/wp-json\/wp\/v2\/pages\/1362"}],"wp:attachment":[{"href":"https:\/\/isitmakablosu.com\/TR\/wp-json\/wp\/v2\/media?parent=1374"}],"curies":[{"name":"wp","href":"https:\/\/api.w.org\/{rel}","templated":true}]}}