{"id":1381,"date":"2016-02-13T17:44:14","date_gmt":"2016-02-13T15:44:14","guid":{"rendered":"http:\/\/demo1.epbilisim.net\/?page_id=1381"},"modified":"2016-02-13T17:44:14","modified_gmt":"2016-02-13T15:44:14","slug":"txlp1","status":"publish","type":"page","link":"https:\/\/isitmakablosu.com\/TR\/nexans1\/txlp1\/","title":{"rendered":"TXLP\/1"},"content":{"rendered":"<table>\n<tbody>\n<tr bgcolor=\"#F6F6F6\">\n<td width=\"1200\">\n<h4><a href=\"http:\/\/isitmakablosu.com\/tr\/nexans1\/\">\u00a0\u00a0Nexans<\/a>   &#8211;   TXLP 1<\/h4>\n<\/td>\n<\/tr>\n<\/tbody>\n<\/table>\n<p>&nbsp;<\/p>\n<p style=\"text-align: justify;\"><img decoding=\"async\" class=\"size-full wp-image-2473 alignright\" src=\"http:\/\/isitmakablosu.com\/tr\/wp-content\/uploads\/2016\/02\/txlp-1-resim.png\" alt=\"txlp-1-resim\" width=\"206\" height=\"177\" srcset=\"https:\/\/isitmakablosu.com\/TR\/wp-content\/uploads\/2016\/02\/txlp-1-resim-200x172.png 200w, https:\/\/isitmakablosu.com\/TR\/wp-content\/uploads\/2016\/02\/txlp-1-resim.png 206w\" sizes=\"(max-width: 206px) 100vw, 206px\" \/>TXLP\/1 serisi \u0131s\u0131tma kablosu, tek iletkenli bir model olup \u00e7ift iletkenli alternatiflerine g\u00f6re daha ekonomik \u00fcr\u00fcnd\u00fcr. Kablonun Nexans \u00fcr\u00fcn lerinde standart olan %100 su ge\u00e7irmez metalik z\u0131rh\u0131 vard\u0131r.<br \/>\nTXLP\/1 serisi kablolar i\u00e7 mekan uygulamalar\u0131nda her t\u00fcrl\u00fc y\u00fczey kaplama malzemesi alt\u0131nda kullan\u0131l\u0131r.<br \/>\n<strong>TXLP\/1 Serisi Teknik \u00d6zellikleri<\/strong><br \/>\n&#8211; Tek iletkenli oldu\u011fundan kablonun devreyi tamamlay\u0131p ba\u015flang\u0131\u00e7 noktas\u0131na d\u00f6nmesi gereklidir.<br \/>\n&#8211; 185.6 metre uzunlu\u011funda haz\u0131r paketi olmas\u0131 b\u00fcy\u00fck kablolar\u0131n tek kablo ile montaj\u0131na olanak sa\u011flar.<br \/>\n&#8211; 2.25 metrelik so\u011fuk u\u00e7 standartt\u0131r.<br \/>\n&#8211; Hi\u00e7bir zaman u\u00e7 uca eklenmez.<\/p>\n<table border=\"1\">\n<tbody>\n<tr>\n<td width=\"298\"><span style=\"color: #6f64d1;\"><strong>KARAKTER\u0130ST\u0130KLER\u0130<\/strong><\/span><\/td>\n<td width=\"283\"><\/td>\n<\/tr>\n<tr>\n<td width=\"298\">Tip<\/td>\n<td width=\"283\">Tek \u0130letkenli<\/td>\n<\/tr>\n<tr>\n<td width=\"298\">\u00c7izgisel G\u00fc\u00e7<\/td>\n<td width=\"283\">10 veya 17 W\/m<\/td>\n<\/tr>\n<tr>\n<td width=\"298\">\u0130letken Yal\u0131t\u0131m\u0131<\/td>\n<td width=\"283\">XLPE<\/td>\n<\/tr>\n<tr>\n<td width=\"298\">D\u0131\u015f Kablo Yal\u0131t\u0131m\u0131<\/td>\n<td width=\"283\">PVC<\/td>\n<\/tr>\n<tr>\n<td width=\"298\">Ekran<\/td>\n<td width=\"283\">Kesintisiz Al\u00fcminyum Z\u0131rh + Bak\u0131r<\/td>\n<\/tr>\n<tr>\n<td width=\"298\">Toprak Teli<\/td>\n<td width=\"283\">Kalaylanm\u0131\u015f Bak\u0131r<\/td>\n<\/tr>\n<tr>\n<td width=\"298\">Azami Kablo S\u0131cakl\u0131\u011f\u0131<\/td>\n<td width=\"283\">65 \u00b0C<\/td>\n<\/tr>\n<tr>\n<td width=\"298\">Dayanabilece\u011fi Azami Ortam S\u0131-<\/td>\n<td width=\"283\">160 \u00b0C<\/td>\n<\/tr>\n<tr>\n<td width=\"298\">Kablo Kal\u0131nl\u0131\u011f\u0131<\/td>\n<td width=\"283\">7.5 mm<\/td>\n<\/tr>\n<tr>\n<td width=\"298\">So\u011fuk U\u00e7 Eki<\/td>\n<td width=\"283\">Nexans Gizli Ek Yeri Teknolojisi<\/td>\n<\/tr>\n<tr>\n<td width=\"298\">So\u011fuk U\u00e7 Boyu (Fabrikasyon)<\/td>\n<td width=\"283\">2.25 mt<\/td>\n<\/tr>\n<tr>\n<td width=\"298\">\u00c7al\u0131\u015fma Gerilimi<\/td>\n<td width=\"283\">230 V<\/td>\n<\/tr>\n<tr>\n<td width=\"298\">B\u00fck\u00fclme Fakt\u00f6r\u00fc<\/td>\n<td width=\"283\">5 * (\u00c7ap)<\/td>\n<\/tr>\n<tr>\n<td width=\"298\">Teknoloji<\/td>\n<td width=\"283\">Seri Rezistans<\/td>\n<\/tr>\n<\/tbody>\n<\/table>\n<p>&nbsp;<\/p>\n<p><img decoding=\"async\" class=\"alignnone size-full wp-image-1399\" src=\"http:\/\/isitmakablosu.com\/tr\/wp-content\/uploads\/2016\/02\/bukulma-faktore-5-cap.jpg\" alt=\"bukulma-faktore-5-cap\" width=\"72\" height=\"71\" srcset=\"https:\/\/isitmakablosu.com\/TR\/wp-content\/uploads\/2016\/02\/bukulma-faktore-5-cap-66x66.jpg 66w, https:\/\/isitmakablosu.com\/TR\/wp-content\/uploads\/2016\/02\/bukulma-faktore-5-cap.jpg 72w\" sizes=\"(max-width: 72px) 100vw, 72px\" \/>\u00a0<img decoding=\"async\" class=\"alignnone size-full wp-image-1400\" src=\"http:\/\/isitmakablosu.com\/tr\/wp-content\/uploads\/2016\/02\/ec-60332-1-standarduna-uyumlu.jpg\" alt=\"\u0131ec-60332-1-standarduna-uyumlu\" width=\"72\" height=\"72\" srcset=\"https:\/\/isitmakablosu.com\/TR\/wp-content\/uploads\/2016\/02\/ec-60332-1-standarduna-uyumlu-66x66.jpg 66w, https:\/\/isitmakablosu.com\/TR\/wp-content\/uploads\/2016\/02\/ec-60332-1-standarduna-uyumlu.jpg 72w\" sizes=\"(max-width: 72px) 100vw, 72px\" \/>\u00a0<img decoding=\"async\" class=\"alignnone size-full wp-image-1401\" src=\"http:\/\/isitmakablosu.com\/tr\/wp-content\/uploads\/2016\/02\/gizli-ek-yeri-teknolojisi.jpg\" alt=\"gizli-ek-yeri-teknolojisi\" width=\"70\" height=\"70\" srcset=\"https:\/\/isitmakablosu.com\/TR\/wp-content\/uploads\/2016\/02\/gizli-ek-yeri-teknolojisi-66x66.jpg 66w, https:\/\/isitmakablosu.com\/TR\/wp-content\/uploads\/2016\/02\/gizli-ek-yeri-teknolojisi.jpg 70w\" sizes=\"(max-width: 70px) 100vw, 70px\" \/>\u00a0<img decoding=\"async\" class=\"alignnone size-full wp-image-1402\" src=\"http:\/\/isitmakablosu.com\/tr\/wp-content\/uploads\/2016\/02\/kutulanm\u0131s-urun-e1455380142398.jpg\" alt=\"kutulanm\u0131s-urun\" width=\"72\" height=\"72\" srcset=\"https:\/\/isitmakablosu.com\/TR\/wp-content\/uploads\/2016\/02\/kutulanm\u0131s-urun-e1455380142398-66x66.jpg 66w, https:\/\/isitmakablosu.com\/TR\/wp-content\/uploads\/2016\/02\/kutulanm\u0131s-urun-e1455380142398.jpg 72w\" sizes=\"(max-width: 72px) 100vw, 72px\" \/><\/p>\n<p>TXLP\/2R serisi \u0131s\u0131tma kablolar\u0131n\u0131n stok uzunluklar\u0131 ve \u00fcr\u00fcn kodlar\u0131 a\u015fa\u011f\u0131daki tabloda belirtilmi\u015ftir.<\/p>\n<table border=\"1\">\n<tbody>\n<tr>\n<td colspan=\"5\" width=\"650\"><span style=\"color: #748cd4;\"><strong>17 W\/m (230 V)<\/strong><\/span><\/td>\n<\/tr>\n<tr>\n<td width=\"108\"><span style=\"color: #748cd4;\">\u00dcr\u00fcn Kodu<\/span><\/td>\n<td width=\"320\"><span style=\"color: #748cd4;\">\u00dcr\u00fcn Detay\u0131<\/span><\/td>\n<td width=\"94\"><span style=\"color: #748cd4;\">Rezistans<\/span><\/td>\n<td width=\"67\"><span style=\"color: #748cd4;\">A\u011f\u0131rl\u0131k-kg<\/span><\/td>\n<td width=\"60\"><span style=\"color: #748cd4;\">\u00c7ap-mm<\/span><\/td>\n<\/tr>\n<tr>\n<td width=\"108\">10022267<\/td>\n<td width=\"320\">TXLP\/1\u00a0 300W (230V) &#8211; 17 W\/m &#8211; 17.6m<\/td>\n<td width=\"94\">176,3<\/td>\n<td width=\"67\">1,3<\/td>\n<td width=\"60\">6,5<\/td>\n<\/tr>\n<tr>\n<td width=\"108\">10022269<\/td>\n<td width=\"320\">TXLP\/1\u00a0 400W (230V) &#8211; 17 W\/m &#8211; 23.5m<\/td>\n<td width=\"94\">132,07<\/td>\n<td width=\"67\">1,6<\/td>\n<td width=\"60\">6,5<\/td>\n<\/tr>\n<tr>\n<td width=\"108\">10022270<\/td>\n<td width=\"320\">TXLP\/1\u00a0 500W (230V) &#8211; 17 W\/m &#8211; 29.4m<\/td>\n<td width=\"94\">105,84<\/td>\n<td width=\"67\">1,9<\/td>\n<td width=\"60\">6,5<\/td>\n<\/tr>\n<tr>\n<td width=\"108\">10022271<\/td>\n<td width=\"320\">TXLP\/1\u00a0 600W (230V) &#8211; 17 W\/m &#8211; 35.3m<\/td>\n<td width=\"94\">88,25<\/td>\n<td width=\"67\">2,3<\/td>\n<td width=\"60\">6,5<\/td>\n<\/tr>\n<tr>\n<td width=\"108\">10022272<\/td>\n<td width=\"320\">TXLP\/1\u00a0 700W (230V) &#8211; 17 W\/m &#8211; 41.2m<\/td>\n<td width=\"94\">75,80<\/td>\n<td width=\"67\">2,5<\/td>\n<td width=\"60\">6,5<\/td>\n<\/tr>\n<tr>\n<td width=\"108\">10022273<\/td>\n<td width=\"320\">TXLP\/1\u00a0 850W (230V) &#8211; 17 W\/m &#8211; 50.0m<\/td>\n<td width=\"94\">62,00<\/td>\n<td width=\"67\">3,1<\/td>\n<td width=\"60\">6,5<\/td>\n<\/tr>\n<tr>\n<td width=\"108\">10022261<\/td>\n<td width=\"320\">TXLP\/1 1000W (230V) &#8211; 17 W\/m &#8211; 58.8m<\/td>\n<td width=\"94\">52,92<\/td>\n<td width=\"67\">3,5<\/td>\n<td width=\"60\">6,5<\/td>\n<\/tr>\n<tr>\n<td width=\"108\">10022262<\/td>\n<td width=\"320\">TXLP\/1 1250W (230V) &#8211; 17 W\/m &#8211; 73.5m<\/td>\n<td width=\"94\">42,63<\/td>\n<td width=\"67\">4,2<\/td>\n<td width=\"60\">6,5<\/td>\n<\/tr>\n<tr>\n<td width=\"108\">10022263<\/td>\n<td width=\"320\">TXLP\/1 1400W (230V) &#8211; 17 W\/m &#8211; 82.3m<\/td>\n<td width=\"94\">37,85<\/td>\n<td width=\"67\">4,6<\/td>\n<td width=\"60\">6,5<\/td>\n<\/tr>\n<tr>\n<td width=\"108\">10022264<\/td>\n<td width=\"320\">TXLP\/1 1750W (230V) &#8211; 17 W\/m &#8211; 102.9m<\/td>\n<td width=\"94\">29,84<\/td>\n<td width=\"67\">5,8<\/td>\n<td width=\"60\">6,5<\/td>\n<\/tr>\n<tr>\n<td width=\"108\">10022265<\/td>\n<td width=\"320\">TXLP\/1 2200W (230V) &#8211; 17 W\/m &#8211; 129.4m<\/td>\n<td width=\"94\">24,59<\/td>\n<td width=\"67\">7,2<\/td>\n<td width=\"60\">6,5<\/td>\n<\/tr>\n<tr>\n<td width=\"108\">10022266<\/td>\n<td width=\"320\">TXLP\/1 2600W (230V) &#8211; 17 W\/m &#8211; 156.0m<\/td>\n<td width=\"94\">20,28<\/td>\n<td width=\"67\">8,1<\/td>\n<td width=\"60\">6,5<\/td>\n<\/tr>\n<tr>\n<td width=\"108\">10022268<\/td>\n<td width=\"320\">TXLP\/1 3100W (230V) &#8211; 17 W\/m &#8211; 185.6m<\/td>\n<td width=\"94\">16,70<\/td>\n<td width=\"67\">9,8<\/td>\n<td width=\"60\">6,5<\/td>\n<\/tr>\n<tr>\n<td width=\"108\"><span style=\"color: #748cd4;\"><strong>TXLP Makara<\/strong><\/span><\/td>\n<td width=\"320\"><span style=\"color: #748cd4;\">\u00a0<\/span><\/td>\n<td width=\"94\"><span style=\"color: #748cd4;\">\u00a0<\/span><\/td>\n<td width=\"67\"><span style=\"color: #748cd4;\">KG\/100m<\/span><\/td>\n<td width=\"60\"><span style=\"color: #748cd4;\">\u00a0<\/span><\/td>\n<\/tr>\n<tr>\n<td width=\"108\">10022260<\/td>\n<td width=\"320\">TXLP\/1 0.02 ohm\/m<\/td>\n<td width=\"94\">0,02<\/td>\n<td width=\"67\">5,9<\/td>\n<td width=\"60\">6,0<\/td>\n<\/tr>\n<tr>\n<td width=\"108\">10022250<\/td>\n<td width=\"320\">TXLP\/1\u00a0 0.05 ohm\/m<\/td>\n<td width=\"94\">0,05<\/td>\n<td width=\"67\">5,8<\/td>\n<td width=\"60\">6,5<\/td>\n<\/tr>\n<tr>\n<td width=\"108\">10022248<\/td>\n<td width=\"320\">TXLP\/1\u00a0 0.07 ohm\/m<\/td>\n<td width=\"94\">0,07<\/td>\n<td width=\"67\">5,1<\/td>\n<td width=\"60\">6,0<\/td>\n<\/tr>\n<tr>\n<td width=\"108\">10022251<\/td>\n<td width=\"320\">TXLP\/1\u00a0 0.09 ohm\/m<\/td>\n<td width=\"94\">0,09<\/td>\n<td width=\"67\">5,3<\/td>\n<td width=\"60\">6,3<\/td>\n<\/tr>\n<tr>\n<td width=\"108\">10022253<\/td>\n<td width=\"320\">TXLP\/1\u00a0 0.13 ohm\/m<\/td>\n<td width=\"94\">0,13<\/td>\n<td width=\"67\">5,6<\/td>\n<td width=\"60\">6,5<\/td>\n<\/tr>\n<tr>\n<td width=\"108\">10022245<\/td>\n<td width=\"320\">TXLP\/1\u00a0 0.2 ohm\/m<\/td>\n<td width=\"94\">0,20<\/td>\n<td width=\"67\">5,3<\/td>\n<td width=\"60\">6,3<\/td>\n<\/tr>\n<tr>\n<td width=\"108\">10022246<\/td>\n<td width=\"320\">TXLP\/1\u00a0 0.3 ohm\/m<\/td>\n<td width=\"94\">0,30<\/td>\n<td width=\"67\">5,3<\/td>\n<td width=\"60\">6,3<\/td>\n<\/tr>\n<tr>\n<td width=\"108\">10022247<\/td>\n<td width=\"320\">TXLP\/1\u00a0 0.49 ohm\/m<\/td>\n<td width=\"94\">0,49<\/td>\n<td width=\"67\">5,3<\/td>\n<td width=\"60\">6,3<\/td>\n<\/tr>\n<tr>\n<td width=\"108\">10022249<\/td>\n<td width=\"320\">TXLP\/1\u00a0 0.7 ohm\/m<\/td>\n<td width=\"94\">0,70<\/td>\n<td width=\"67\">5,1<\/td>\n<td width=\"60\">6,3<\/td>\n<\/tr>\n<tr>\n<td width=\"108\">10022252<\/td>\n<td width=\"320\">TXLP\/1\u00a0 1.0 ohm\/m<\/td>\n<td width=\"94\">1,00<\/td>\n<td width=\"67\">5,2<\/td>\n<td width=\"60\">6,3<\/td>\n<\/tr>\n<tr>\n<td width=\"108\">10022254<\/td>\n<td width=\"320\">TXLP\/1\u00a0 1.4 ohm\/m<\/td>\n<td width=\"94\">1,40<\/td>\n<td width=\"67\">5,0<\/td>\n<td width=\"60\">6,1<\/td>\n<\/tr>\n<tr>\n<td width=\"108\">10022255<\/td>\n<td width=\"320\">TXLP\/1\u00a0 2.5 ohm\/m<\/td>\n<td width=\"94\">2,50<\/td>\n<td width=\"67\">5,1<\/td>\n<td width=\"60\">6,1<\/td>\n<\/tr>\n<tr>\n<td width=\"108\">10022256<\/td>\n<td width=\"320\">TXLP\/1\u00a0 3.5 ohm\/m<\/td>\n<td width=\"94\">3,50<\/td>\n<td width=\"67\">4,9<\/td>\n<td width=\"60\">6,1<\/td>\n<\/tr>\n<tr>\n<td width=\"108\">10022259<\/td>\n<td width=\"320\">TXLP\/1\u00a0 5.35 ohm\/m<\/td>\n<td width=\"94\">5,35<\/td>\n<td width=\"67\">4,6<\/td>\n<td width=\"60\">6,0<\/td>\n<\/tr>\n<tr>\n<td width=\"108\">10022257<\/td>\n<td width=\"320\">TXLP\/1\u00a0 7.7 ohm\/m<\/td>\n<td width=\"94\">7,70<\/td>\n<td width=\"67\">4,6<\/td>\n<td width=\"60\">6,0<\/td>\n<\/tr>\n<tr>\n<td width=\"108\">10022258<\/td>\n<td width=\"320\">TXLP\/1 12.7 ohm\/m<\/td>\n<td width=\"94\">12,70<\/td>\n<td width=\"67\">4,6<\/td>\n<td width=\"60\">6,0<\/td>\n<\/tr>\n<\/tbody>\n<\/table>\n","protected":false},"excerpt":{"rendered":"<p>\u00a0\u00a0Nexans &#8211; TXLP 1 &nbsp; TXLP\/1 serisi \u0131s\u0131tma kablosu, tek  [&#8230;]<\/p>\n","protected":false},"author":1,"featured_media":0,"parent":1362,"menu_order":0,"comment_status":"closed","ping_status":"closed","template":"page-custom.php","meta":{"footnotes":""},"class_list":["post-1381","page","type-page","status-publish","hentry"],"_links":{"self":[{"href":"https:\/\/isitmakablosu.com\/TR\/wp-json\/wp\/v2\/pages\/1381","targetHints":{"allow":["GET"]}}],"collection":[{"href":"https:\/\/isitmakablosu.com\/TR\/wp-json\/wp\/v2\/pages"}],"about":[{"href":"https:\/\/isitmakablosu.com\/TR\/wp-json\/wp\/v2\/types\/page"}],"author":[{"embeddable":true,"href":"https:\/\/isitmakablosu.com\/TR\/wp-json\/wp\/v2\/users\/1"}],"replies":[{"embeddable":true,"href":"https:\/\/isitmakablosu.com\/TR\/wp-json\/wp\/v2\/comments?post=1381"}],"version-history":[{"count":0,"href":"https:\/\/isitmakablosu.com\/TR\/wp-json\/wp\/v2\/pages\/1381\/revisions"}],"up":[{"embeddable":true,"href":"https:\/\/isitmakablosu.com\/TR\/wp-json\/wp\/v2\/pages\/1362"}],"wp:attachment":[{"href":"https:\/\/isitmakablosu.com\/TR\/wp-json\/wp\/v2\/media?parent=1381"}],"curies":[{"name":"wp","href":"https:\/\/api.w.org\/{rel}","templated":true}]}}