{"id":1383,"date":"2016-02-13T17:48:42","date_gmt":"2016-02-13T14:48:42","guid":{"rendered":"http:\/\/demo1.epbilisim.net\/?page_id=1383"},"modified":"2020-03-14T16:37:30","modified_gmt":"2020-03-14T13:37:30","slug":"txlp-cablemat-2","status":"publish","type":"page","link":"https:\/\/isitmakablosu.com\/TR\/nexans1\/txlp-cablemat-2\/","title":{"rendered":"Cablemat"},"content":{"rendered":"<table>\n<tbody>\n<tr bgcolor=\"#F6F6F6\">\n<td width=\"1200\">\n<h4><a href=\"http:\/\/isitmakablosu.com\/tr\/nexans1\/\">\u00a0\u00a0Nexans<\/a>   &#8211;   Cablemat<\/h4>\n<\/td>\n<\/tr>\n<\/tbody>\n<\/table>\n<p>&nbsp;<\/p>\n<p style=\"text-align: justify;\"><img decoding=\"async\" class=\"size-full wp-image-2502 alignright\" src=\"http:\/\/isitmakablosu.com\/tr\/wp-content\/uploads\/2016\/02\/txlp-2r-cable-mat.png\" alt=\"txlp-2r cable mat\" width=\"197\" height=\"233\" \/>CableMAT serisi \u015filteler 100 W\/m2 kapasiteli \u00fcr\u00fcnler olup ev i\u00e7i beton alt\u0131 uygulamalar i\u00e7in uygundur.<br \/>\nCableMAT fiber bir a\u011fa TXLP\/2R serisi kablolar\u0131n yap\u0131\u015ft\u0131r\u0131lmas\u0131 suretiyle imal edilir. \u00dcr\u00fcnlerin \u00e7ift iletkenli olmas\u0131 \u015filte montaj\u0131n\u0131 kolayla\u015ft\u0131ran unsurdur. 2.5 metre gizli so\u011fuk u\u00e7 ba\u011flant\u0131s\u0131 t\u00fcm TXLP serisi sabit metrajl\u0131 kablolarda oldu\u011fu gibi standartt\u0131r. Sonland\u0131r\u0131lm\u0131\u015f u\u00e7 fabrika \u00e7\u0131k\u0131\u015f\u0131 %100 su ge\u00e7irmez bir m\u00fch\u00fcr olarak haz\u0131rlan\u0131r.<\/p>\n<table border=\"1\">\n<tbody>\n<tr>\n<td width=\"275\"><span style=\"color: #6f64d1;\"><strong>KARAKTER\u0130ST\u0130KLER\u0130<\/strong><\/span><\/td>\n<td width=\"306\"><\/td>\n<\/tr>\n<tr>\n<td width=\"275\">Yal\u0131t\u0131m<\/td>\n<td width=\"306\">PEX<\/td>\n<\/tr>\n<tr>\n<td width=\"275\">D\u0131\u015f K\u0131l\u0131f<\/td>\n<td width=\"306\">PVC<\/td>\n<\/tr>\n<tr>\n<td width=\"275\">D\u0131\u015f K\u0131l\u0131f Rengi<\/td>\n<td width=\"306\">Mavi<\/td>\n<\/tr>\n<tr>\n<td width=\"275\">Ak\u0131m Teli<\/td>\n<td width=\"306\">Kalayl\u0131 Bak\u0131r<\/td>\n<\/tr>\n<tr>\n<td width=\"275\">Ekran<\/td>\n<td width=\"306\">Boylamsal Al\u00fcminyum Bant ve<\/td>\n<\/tr>\n<tr>\n<td width=\"275\">\u0130letken Tipi<\/td>\n<td width=\"306\">Resistans Ala\u015f\u0131m\u0131, Kat\u0131<\/td>\n<\/tr>\n<tr>\n<td width=\"275\">Boyut<\/td>\n<td width=\"306\"><\/td>\n<\/tr>\n<tr>\n<td width=\"275\">Nominal D\u0131\u015f \u00c7ap\u0131 ve Eni<\/td>\n<td width=\"306\">\u00c7ap : 7.5 mm, En : 0.8 m<\/td>\n<\/tr>\n<tr>\n<td width=\"275\">Elektriksel \u00d6zellikleri<\/td>\n<td width=\"306\"><\/td>\n<\/tr>\n<tr>\n<td width=\"275\">\u00c7al\u0131\u015fma Gerilimi<\/td>\n<td width=\"306\">220\/230 V<\/td>\n<\/tr>\n<tr>\n<td width=\"275\">Alansal G\u00fc\u00e7 (230 V)<\/td>\n<td width=\"306\">100 W\/m2<\/td>\n<\/tr>\n<tr>\n<td width=\"275\"><\/td>\n<td width=\"306\"><\/td>\n<\/tr>\n<tr>\n<td width=\"275\">Kablo \u00e7izgisel g\u00fcc\u00fc (230V)<\/td>\n<td width=\"306\">17 W\/m<\/td>\n<\/tr>\n<tr>\n<td width=\"275\">Esneklik Fakt\u00f6r\u00fc<\/td>\n<td width=\"306\">5 (xD)<\/td>\n<\/tr>\n<tr>\n<td width=\"275\">Alev Yava\u015flat\u0131c\u0131<\/td>\n<td width=\"306\">IEC 60332-1<\/td>\n<\/tr>\n<tr>\n<td width=\"275\">So\u011fuk U\u00e7 Uzunlu\u011fu<\/td>\n<td width=\"306\">2.5 m<\/td>\n<\/tr>\n<tr>\n<td width=\"275\">\u00c7izgisel G\u00fc\u00e7 (230 V)<\/td>\n<td width=\"306\">10\u00a0 W\/m + 17 W\/m + 20 W\/m<\/td>\n<\/tr>\n<tr>\n<td width=\"275\">Azami D\u0131\u015f K\u0131l\u0131f Is\u0131s\u0131<\/td>\n<td width=\"306\">65 \u00b0C<\/td>\n<\/tr>\n<\/tbody>\n<\/table>\n<p>&nbsp;<\/p>\n<p><img decoding=\"async\" class=\"alignnone size-full wp-image-1399\" src=\"http:\/\/isitmakablosu.com\/tr\/wp-content\/uploads\/2016\/02\/bukulma-faktore-5-cap.jpg\" alt=\"bukulma-faktore-5-cap\" width=\"72\" height=\"71\" srcset=\"https:\/\/isitmakablosu.com\/TR\/wp-content\/uploads\/2016\/02\/bukulma-faktore-5-cap-66x66.jpg 66w, https:\/\/isitmakablosu.com\/TR\/wp-content\/uploads\/2016\/02\/bukulma-faktore-5-cap.jpg 72w\" sizes=\"(max-width: 72px) 100vw, 72px\" \/>\u00a0<img decoding=\"async\" class=\"alignnone size-full wp-image-1400\" src=\"http:\/\/isitmakablosu.com\/tr\/wp-content\/uploads\/2016\/02\/ec-60332-1-standarduna-uyumlu.jpg\" alt=\"\u0131ec-60332-1-standarduna-uyumlu\" width=\"72\" height=\"72\" srcset=\"https:\/\/isitmakablosu.com\/TR\/wp-content\/uploads\/2016\/02\/ec-60332-1-standarduna-uyumlu-66x66.jpg 66w, https:\/\/isitmakablosu.com\/TR\/wp-content\/uploads\/2016\/02\/ec-60332-1-standarduna-uyumlu.jpg 72w\" sizes=\"(max-width: 72px) 100vw, 72px\" \/>\u00a0<img decoding=\"async\" class=\"alignnone size-full wp-image-1401\" src=\"http:\/\/isitmakablosu.com\/tr\/wp-content\/uploads\/2016\/02\/gizli-ek-yeri-teknolojisi.jpg\" alt=\"gizli-ek-yeri-teknolojisi\" width=\"70\" height=\"70\" srcset=\"https:\/\/isitmakablosu.com\/TR\/wp-content\/uploads\/2016\/02\/gizli-ek-yeri-teknolojisi-66x66.jpg 66w, https:\/\/isitmakablosu.com\/TR\/wp-content\/uploads\/2016\/02\/gizli-ek-yeri-teknolojisi.jpg 70w\" sizes=\"(max-width: 70px) 100vw, 70px\" \/>\u00a0<img decoding=\"async\" class=\"alignnone size-full wp-image-1402\" src=\"http:\/\/isitmakablosu.com\/tr\/wp-content\/uploads\/2016\/02\/kutulanm\u0131s-urun-e1455380142398.jpg\" alt=\"kutulanm\u0131s-urun\" width=\"72\" height=\"72\" srcset=\"https:\/\/isitmakablosu.com\/TR\/wp-content\/uploads\/2016\/02\/kutulanm\u0131s-urun-e1455380142398-66x66.jpg 66w, https:\/\/isitmakablosu.com\/TR\/wp-content\/uploads\/2016\/02\/kutulanm\u0131s-urun-e1455380142398.jpg 72w\" sizes=\"(max-width: 72px) 100vw, 72px\" \/><\/p>\n<p>Cablemat serisi \u0131s\u0131tma \u015filtelerinin stok b\u00fcy\u00fckl\u00fckleri ve \u00fcr\u00fcn kodlar\u0131 a\u015fa\u011f\u0131daki tabloda belirtilmi\u015ftir.<\/p>\n<p>&nbsp;<\/p>\n<table border=\"1\">\n<tbody>\n<tr>\n<td colspan=\"5\" width=\"650\"><span style=\"color: #748cd4;\"><strong>100 W\/m2<\/strong><\/span><\/td>\n<\/tr>\n<tr>\n<td width=\"117\"><span style=\"color: #6f64d1;\">\u00dcr\u00fcn Kodu<\/span><\/td>\n<td width=\"353\"><span style=\"color: #6f64d1;\">\u00dcr\u00fcn Detay\u0131<\/span><\/td>\n<td width=\"65\"><span style=\"color: #6f64d1;\">En-cm<\/span><\/td>\n<td width=\"62\"><span style=\"color: #6f64d1;\">Boy-mt<\/span><\/td>\n<td width=\"64\"><span style=\"color: #6f64d1;\">Alan-m2<\/span><\/td>\n<\/tr>\n<tr>\n<td width=\"117\">10119571<\/td>\n<td width=\"353\">Cablemat\u00a0 200 W. Size in m: 0.4&#215;4.9<\/td>\n<td width=\"65\">40<\/td>\n<td width=\"62\">4.9<\/td>\n<td width=\"64\">1.9<\/td>\n<\/tr>\n<tr>\n<td width=\"117\">10022430<\/td>\n<td width=\"353\">Cablemat\u00a0 300 W. Size in m: 0.8&#215;3.5<\/td>\n<td width=\"65\">80<\/td>\n<td width=\"62\">3.5<\/td>\n<td width=\"64\">2.8<\/td>\n<\/tr>\n<tr>\n<td width=\"117\">10022431<\/td>\n<td width=\"353\">Cablemat\u00a0 400 W. Size in m: 0.8&#215;4.6<\/td>\n<td width=\"65\">80<\/td>\n<td width=\"62\">4.6<\/td>\n<td width=\"64\">3.7<\/td>\n<\/tr>\n<tr>\n<td width=\"117\">10022432<\/td>\n<td width=\"353\">Cablemat\u00a0 500 W. Size in m: 0.8&#215;5.7<\/td>\n<td width=\"65\">80<\/td>\n<td width=\"62\">5.7<\/td>\n<td width=\"64\">4.6<\/td>\n<\/tr>\n<tr>\n<td width=\"117\">10022433<\/td>\n<td width=\"353\">Cablemat\u00a0 600 W. Size in m: 0.8&#215;6.8<\/td>\n<td width=\"65\">80<\/td>\n<td width=\"62\">6.8<\/td>\n<td width=\"64\">5.4<\/td>\n<\/tr>\n<tr>\n<td width=\"117\">10022434<\/td>\n<td width=\"353\">Cablemat\u00a0 700 W. Size in m: 0.8&#215;7.9<\/td>\n<td width=\"65\">80<\/td>\n<td width=\"62\">7.9<\/td>\n<td width=\"64\">6.3<\/td>\n<\/tr>\n<tr>\n<td width=\"117\">10022435<\/td>\n<td width=\"353\">Cablemat\u00a0 840 W.\u00a0 Size in m: 0.8&#215;9.6<\/td>\n<td width=\"65\">80<\/td>\n<td width=\"62\">9.6<\/td>\n<td width=\"64\">7.7<\/td>\n<\/tr>\n<tr>\n<td width=\"117\">10022425<\/td>\n<td width=\"353\">Cablemat 1000 W. Size in m: 0.8&#215;11.2<\/td>\n<td width=\"65\">80<\/td>\n<td width=\"62\">11,2<\/td>\n<td width=\"64\">9<\/td>\n<\/tr>\n<tr>\n<td width=\"117\">10022426<\/td>\n<td width=\"353\">Cablemat 1250 W. Size in m: 0.8&#215;13.9<\/td>\n<td width=\"65\">80<\/td>\n<td width=\"62\">13.9<\/td>\n<td width=\"64\">11.1<\/td>\n<\/tr>\n<tr>\n<td width=\"117\">10022427<\/td>\n<td width=\"353\">Cablemat 1370 W. Size in m: 0.8&#215;15.5<\/td>\n<td width=\"65\">80<\/td>\n<td width=\"62\">15.5<\/td>\n<td width=\"64\">12.4<\/td>\n<\/tr>\n<tr>\n<td width=\"117\">10022428<\/td>\n<td width=\"353\">Cablemat 1700 W. Size in m: 0.8&#215;19.1<\/td>\n<td width=\"65\">80<\/td>\n<td width=\"62\">19.1<\/td>\n<td width=\"64\">15.3<\/td>\n<\/tr>\n<tr>\n<td width=\"117\">10022429<\/td>\n<td width=\"353\">Cablemat 2100 W. Size in m: 0.8&#215;23.6<\/td>\n<td width=\"65\">80<\/td>\n<td width=\"62\">23.6<\/td>\n<td width=\"64\">18.9<\/td>\n<\/tr>\n<tr>\n<td width=\"117\">10089402<\/td>\n<td width=\"353\">Cablemat 2600 W. Size in m: 0.8&#215;29.5<\/td>\n<td width=\"65\">80<\/td>\n<td width=\"62\">29.5<\/td>\n<td width=\"64\">23.6<\/td>\n<\/tr>\n<\/tbody>\n<\/table>\n","protected":false},"excerpt":{"rendered":"<p>\u00a0\u00a0Nexans &#8211; Cablemat &nbsp; CableMAT serisi \u015filteler 100 W\/m2 kapasiteli  [&#8230;]<\/p>\n","protected":false},"author":1,"featured_media":0,"parent":1362,"menu_order":0,"comment_status":"closed","ping_status":"closed","template":"","meta":{"footnotes":""},"class_list":["post-1383","page","type-page","status-publish","hentry"],"_links":{"self":[{"href":"https:\/\/isitmakablosu.com\/TR\/wp-json\/wp\/v2\/pages\/1383","targetHints":{"allow":["GET"]}}],"collection":[{"href":"https:\/\/isitmakablosu.com\/TR\/wp-json\/wp\/v2\/pages"}],"about":[{"href":"https:\/\/isitmakablosu.com\/TR\/wp-json\/wp\/v2\/types\/page"}],"author":[{"embeddable":true,"href":"https:\/\/isitmakablosu.com\/TR\/wp-json\/wp\/v2\/users\/1"}],"replies":[{"embeddable":true,"href":"https:\/\/isitmakablosu.com\/TR\/wp-json\/wp\/v2\/comments?post=1383"}],"version-history":[{"count":1,"href":"https:\/\/isitmakablosu.com\/TR\/wp-json\/wp\/v2\/pages\/1383\/revisions"}],"predecessor-version":[{"id":3095,"href":"https:\/\/isitmakablosu.com\/TR\/wp-json\/wp\/v2\/pages\/1383\/revisions\/3095"}],"up":[{"embeddable":true,"href":"https:\/\/isitmakablosu.com\/TR\/wp-json\/wp\/v2\/pages\/1362"}],"wp:attachment":[{"href":"https:\/\/isitmakablosu.com\/TR\/wp-json\/wp\/v2\/media?parent=1383"}],"curies":[{"name":"wp","href":"https:\/\/api.w.org\/{rel}","templated":true}]}}