{"id":1386,"date":"2016-02-13T18:03:34","date_gmt":"2016-02-13T16:03:34","guid":{"rendered":"http:\/\/demo1.epbilisim.net\/?page_id=1386"},"modified":"2016-02-13T18:03:34","modified_gmt":"2016-02-13T16:03:34","slug":"millimat-siltesi","status":"publish","type":"page","link":"https:\/\/isitmakablosu.com\/TR\/nexans1\/millimat-siltesi\/","title":{"rendered":"Millimat"},"content":{"rendered":"<table>\n<tbody>\n<tr bgcolor=\"#F6F6F6\">\n<td width=\"1200\">\n<h4><a href=\"http:\/\/isitmakablosu.com\/tr\/nexans1\/\">\u00a0\u00a0Nexans<\/a> &#8211; Millimat \u015eiltesi<\/h4>\n<\/td>\n<\/tr>\n<\/tbody>\n<\/table>\n<p>&nbsp;<\/p>\n<p style=\"text-align: justify;\"><img decoding=\"async\" class=\"size-full wp-image-1388 alignright\" src=\"http:\/\/isitmakablosu.com\/tr\/wp-content\/uploads\/2016\/02\/millimat.jpg\" alt=\"millimat\" width=\"124\" height=\"124\" srcset=\"https:\/\/isitmakablosu.com\/TR\/wp-content\/uploads\/2016\/02\/millimat-66x66.jpg 66w, https:\/\/isitmakablosu.com\/TR\/wp-content\/uploads\/2016\/02\/millimat.jpg 124w\" sizes=\"(max-width: 124px) 100vw, 124px\" \/>Millimat serisi \u015filteler 230V alt\u0131nda 80, 120, 130 w\/m2 se\u00e7eneklerinden olu\u015fur. \u00dcr\u00fcn \u00e7ift iletkenli kablolardan \u00fcretilmi\u015f olup \u015filte dahil sadece 5 mm kal\u0131nl\u0131\u011f\u0131ndad\u0131r.<br \/>\nAh\u015fap dahil her t\u00fcrl\u00fc zemin alt\u0131nda ve \u00f6zellikle zemin y\u00fckseltilmesi istenmeyen mekanlarda kullan\u0131l\u0131r.<\/p>\n<p>&nbsp;<\/p>\n<p>&nbsp;<\/p>\n<p>&nbsp;<\/p>\n<table border=\"1\">\n<tbody>\n<tr>\n<td width=\"512\"><span style=\"color: #6f64d1;\"><strong>\u0130malat<\/strong><\/span><\/td>\n<\/tr>\n<tr>\n<td width=\"512\">40 veya 80 cm \u015filte eni, <strong>5 mm kablo kal\u0131nl\u0131\u011f\u0131, <\/strong>\u00c7ift iletkenli kablo<\/td>\n<\/tr>\n<tr>\n<td width=\"512\">2 * FEP yal\u0131t\u0131ml\u0131 paralel resistans teli,\u00a0 1 mm2\u00a0 toprak teli<\/td>\n<\/tr>\n<tr>\n<td width=\"512\">PVC polimerden birle\u015ftirilmi\u015f z\u0131rh ve ekran, Kendinden yap\u0131\u015fkanl\u0131 fiber a\u011f<\/td>\n<\/tr>\n<tr>\n<td width=\"512\">80-130 W\/m<em>2\u00a0 <\/em><em>g\u00fc\u00e7 se\u00e7enekleri, 100 W-1000W aras\u0131 \u015filte g\u00fcc\u00fc<\/em><\/td>\n<\/tr>\n<\/tbody>\n<\/table>\n<p>&nbsp;<\/p>\n<table border=\"1\">\n<tbody>\n<tr>\n<td colspan=\"5\" width=\"650\"><span style=\"color: #748cd4;\"><strong>80 W\/m2 (230V)<\/strong><\/span><\/td>\n<\/tr>\n<tr>\n<td width=\"117\"><span style=\"color: #6f64d1;\">\u00dcr\u00fcn Kodu<\/span><\/td>\n<td width=\"353\"><span style=\"color: #6f64d1;\">\u00dcr\u00fcn Detay\u0131<\/span><\/td>\n<td width=\"65\"><span style=\"color: #6f64d1;\">En-cm<\/span><\/td>\n<td width=\"62\"><span style=\"color: #6f64d1;\">Boy-mt<\/span><\/td>\n<td width=\"64\"><span style=\"color: #6f64d1;\">Alan-m2<\/span><\/td>\n<\/tr>\n<tr>\n<td width=\"88\">10044268<\/td>\n<td width=\"330\">Millimat\/80\u00a0 150 W. Size in m: 0.4&#215;4.6<\/td>\n<td width=\"44\">40<\/td>\n<td width=\"57\">4.6<\/td>\n<td width=\"55\">1.8<\/td>\n<\/tr>\n<tr>\n<td width=\"88\">10044269<\/td>\n<td width=\"330\">Millimat\/80\u00a0 200 W. Size in m: 0.4&#215;6.1<\/td>\n<td width=\"44\">40<\/td>\n<td width=\"57\">6.1<\/td>\n<td width=\"55\">2.4<\/td>\n<\/tr>\n<tr>\n<td width=\"88\">10044270<\/td>\n<td width=\"330\">Millimat\/80\u00a0 300 W. Size in m: 0.4&#215;9.2<\/td>\n<td width=\"44\">40<\/td>\n<td width=\"57\">9.2<\/td>\n<td width=\"55\">3.7<\/td>\n<\/tr>\n<tr>\n<td width=\"88\">10044271<\/td>\n<td width=\"330\">Millimat\/80\u00a0 400 W. Size in m: 0.4&#215;12.2<\/td>\n<td width=\"44\">40<\/td>\n<td width=\"57\">12.2<\/td>\n<td width=\"55\">4.9<\/td>\n<\/tr>\n<tr>\n<td width=\"88\">10044272<\/td>\n<td width=\"330\">Millimat\/80\u00a0 500 W. Size in m: 0.4&#215;15.3<\/td>\n<td width=\"44\">40<\/td>\n<td width=\"57\">15.3<\/td>\n<td width=\"55\">6.1<\/td>\n<\/tr>\n<tr>\n<td width=\"88\">10044273<\/td>\n<td width=\"330\">Millimat\/80\u00a0 600 W. Size in m: 0.8&#215;9.4<\/td>\n<td width=\"44\">80<\/td>\n<td width=\"57\">9.4<\/td>\n<td width=\"55\">7.5<\/td>\n<\/tr>\n<tr>\n<td width=\"88\">10044274<\/td>\n<td width=\"330\">Millimat\/80\u00a0 700 W. Size in m: 0.8&#215;10.9<\/td>\n<td width=\"44\">80<\/td>\n<td width=\"57\">10.9<\/td>\n<td width=\"55\">8.7<\/td>\n<\/tr>\n<tr>\n<td width=\"88\">10044275<\/td>\n<td width=\"330\">Millimat\/80\u00a0 840 W. Size in m: 0.8&#215;13.1<\/td>\n<td width=\"44\">80<\/td>\n<td width=\"57\">13.1<\/td>\n<td width=\"55\">10.5<\/td>\n<\/tr>\n<tr>\n<td width=\"88\">10044276<\/td>\n<td width=\"330\">Millimat\/80 1000 W. Size in m: 0.8&#215;15.8<\/td>\n<td width=\"44\">80<\/td>\n<td width=\"57\">15.8<\/td>\n<td width=\"55\">12.6<\/td>\n<\/tr>\n<tr>\n<td colspan=\"5\" width=\"650\"><span style=\"color: #748cd4;\"><strong>130 W\/m2 (230V)<\/strong><\/span><\/td>\n<\/tr>\n<tr>\n<td width=\"88\">10024202<\/td>\n<td width=\"330\">Millimat\/130\u00a0 150 W. Size in m: 0.4&#215;2.7<\/td>\n<td width=\"44\">40<\/td>\n<td width=\"57\">2.7<\/td>\n<td width=\"55\">1.1<\/td>\n<\/tr>\n<tr>\n<td width=\"88\">10022462<\/td>\n<td width=\"330\">Millimat\/130\u00a0 200 W. Size in m: 0.4&#215;3.6<\/td>\n<td width=\"44\">40<\/td>\n<td width=\"57\">3.6<\/td>\n<td width=\"55\">1.5<\/td>\n<\/tr>\n<tr>\n<td width=\"88\">10024203<\/td>\n<td width=\"330\">Millimat\/130\u00a0 300 W. Size in m: 0.4&#215;5.3<\/td>\n<td width=\"44\">40<\/td>\n<td width=\"57\">5.3<\/td>\n<td width=\"55\">2.1<\/td>\n<\/tr>\n<tr>\n<td width=\"88\">10022463<\/td>\n<td width=\"330\">Millimat\/130\u00a0 400 W. Size in m: 0.4&#215;7.1<\/td>\n<td width=\"44\">40<\/td>\n<td width=\"57\">7.1<\/td>\n<td width=\"55\">2.8<\/td>\n<\/tr>\n<tr>\n<td width=\"88\">10022464<\/td>\n<td width=\"330\">Millimat\/130\u00a0 500 W. Size in m: 0.4&#215;8.8<\/td>\n<td width=\"44\">40<\/td>\n<td width=\"57\">8.8<\/td>\n<td width=\"55\">3.5<\/td>\n<\/tr>\n<tr>\n<td width=\"88\">10022467<\/td>\n<td width=\"330\">Millimat\/130\u00a0 600 W. Size in m: 0.8&#215;5.5<\/td>\n<td width=\"44\">80<\/td>\n<td width=\"57\">5.5<\/td>\n<td width=\"55\">4.4<\/td>\n<\/tr>\n<tr>\n<td width=\"88\">10022468<\/td>\n<td width=\"330\">Millimat\/130\u00a0 700 W. Size in m: 0.8&#215;6.5<\/td>\n<td width=\"44\">80<\/td>\n<td width=\"57\">6.5<\/td>\n<td width=\"55\">5.2<\/td>\n<\/tr>\n<tr>\n<td width=\"88\">10022469<\/td>\n<td width=\"330\">Millimat\/130\u00a0 840 W. Size in m: 0.8&#215;7.7<\/td>\n<td width=\"44\">80<\/td>\n<td width=\"57\">7.7<\/td>\n<td width=\"55\">6.2<\/td>\n<\/tr>\n<tr>\n<td width=\"88\">10022470<\/td>\n<td width=\"330\">Millimat\/130 1000 W. Size in m: 0.8&#215;9.2<\/td>\n<td width=\"44\">80<\/td>\n<td width=\"57\">9.2<\/td>\n<td width=\"55\">7.4<\/td>\n<\/tr>\n<\/tbody>\n<\/table>\n","protected":false},"excerpt":{"rendered":"<p>\u00a0\u00a0Nexans &#8211; Millimat \u015eiltesi &nbsp; Millimat serisi \u015filteler 230V alt\u0131nda  [&#8230;]<\/p>\n","protected":false},"author":1,"featured_media":0,"parent":1362,"menu_order":0,"comment_status":"closed","ping_status":"closed","template":"page-custom.php","meta":{"footnotes":""},"class_list":["post-1386","page","type-page","status-publish","hentry"],"_links":{"self":[{"href":"https:\/\/isitmakablosu.com\/TR\/wp-json\/wp\/v2\/pages\/1386","targetHints":{"allow":["GET"]}}],"collection":[{"href":"https:\/\/isitmakablosu.com\/TR\/wp-json\/wp\/v2\/pages"}],"about":[{"href":"https:\/\/isitmakablosu.com\/TR\/wp-json\/wp\/v2\/types\/page"}],"author":[{"embeddable":true,"href":"https:\/\/isitmakablosu.com\/TR\/wp-json\/wp\/v2\/users\/1"}],"replies":[{"embeddable":true,"href":"https:\/\/isitmakablosu.com\/TR\/wp-json\/wp\/v2\/comments?post=1386"}],"version-history":[{"count":0,"href":"https:\/\/isitmakablosu.com\/TR\/wp-json\/wp\/v2\/pages\/1386\/revisions"}],"up":[{"embeddable":true,"href":"https:\/\/isitmakablosu.com\/TR\/wp-json\/wp\/v2\/pages\/1362"}],"wp:attachment":[{"href":"https:\/\/isitmakablosu.com\/TR\/wp-json\/wp\/v2\/media?parent=1386"}],"curies":[{"name":"wp","href":"https:\/\/api.w.org\/{rel}","templated":true}]}}