{"id":1395,"date":"2016-02-13T18:10:02","date_gmt":"2016-02-13T16:10:02","guid":{"rendered":"http:\/\/demo1.epbilisim.net\/?page_id=1395"},"modified":"2016-02-13T18:10:02","modified_gmt":"2016-02-13T16:10:02","slug":"millidry","status":"publish","type":"page","link":"https:\/\/isitmakablosu.com\/TR\/nexans1\/millidry\/","title":{"rendered":"Millidry"},"content":{"rendered":"<table>\n<tbody>\n<tr bgcolor=\"#F6F6F6\">\n<td width=\"1200\">\n<h4><a href=\"http:\/\/isitmakablosu.com\/tr\/nexans1\/\">\u00a0\u00a0Nexans<\/a>   &#8211;   Millidry<\/h4>\n<\/td>\n<\/tr>\n<\/tbody>\n<\/table>\n<p>&nbsp;<br \/>\n<img decoding=\"async\" class=\"wp-image-1396 alignright\" src=\"http:\/\/isitmakablosu.com\/tr\/wp-content\/uploads\/2016\/02\/millidary.jpg\" alt=\"millidary\" width=\"214\" height=\"181\" srcset=\"https:\/\/isitmakablosu.com\/TR\/wp-content\/uploads\/2016\/02\/millidary-200x169.jpg 200w, https:\/\/isitmakablosu.com\/TR\/wp-content\/uploads\/2016\/02\/millidary-300x253.jpg 300w, https:\/\/isitmakablosu.com\/TR\/wp-content\/uploads\/2016\/02\/millidary.jpg 348w\" sizes=\"(max-width: 214px) 100vw, 214px\" \/><\/p>\n<p style=\"text-align: justify;\">Millidry serisi \u015filteler y\u00fczer durumda b\u0131rak\u0131lan parkeler veya y\u00fckseltilmi\u015f ah\u015fap uygulamalar\u0131 i\u00e7in idealdir. Al\u00fcminyum kaplama, \u00fczeri \u015fap ile \u00f6rt\u00fclmedi\u011fi takdirde \u0131s\u0131y\u0131 yans\u0131tma \u00f6zelli\u011fine sahiptir. Is\u0131 hi\u00e7 kaybolmadan yukar\u0131 do\u011fru yans\u0131r. \u015eilteye uygulanan 65 w\/m2 sabit g\u00fc\u00e7 sayesinde ah\u015fap gibi hassas y\u00fczey malzemesi alt\u0131na d\u00f6\u015fenebilir. D\u00f6\u015femeyi sadece 5 mm y\u00fckseltir.<\/p>\n<p>&nbsp;<\/p>\n<p>&nbsp;<\/p>\n<p>&nbsp;<\/p>\n<table border=\"1\">\n<tbody>\n<tr>\n<td width=\"640\"><span style=\"color: #6f64d1;\"><strong>\u0130malat<\/strong><\/span><\/td>\n<\/tr>\n<tr>\n<td width=\"640\">40 veya 80 cm \u015filte eni, <strong>4 mm kablo kal\u0131nl\u0131\u011f\u0131, <\/strong>\u00c7ift iletkenli kablo<\/td>\n<\/tr>\n<tr>\n<td width=\"640\">2 * FEP yal\u0131t\u0131ml\u0131 paralel rezistans teli,\u00a0 1 mm2\u00a0 toprak teli<\/td>\n<\/tr>\n<tr>\n<td width=\"640\">PVC polimerden birle\u015ftirilmi\u015f z\u0131rh ve ekran<\/td>\n<\/tr>\n<tr>\n<td width=\"640\">Metalik z\u0131rh\u0131 vard\u0131r<\/td>\n<\/tr>\n<tr>\n<td width=\"640\">65 W\/m<em>2\u00a0 <\/em><em>g\u00fc\u00e7, 90 W-690W aras\u0131 \u015filte g\u00fcc\u00fc, d\u0131\u015f ceket azami \u00e7al\u0131\u015fma s\u0131cakl\u0131\u011f\u0131 : 65 \u00b0C<\/em><\/td>\n<\/tr>\n<\/tbody>\n<\/table>\n<p>&nbsp;<\/p>\n<p><img decoding=\"async\" class=\"alignnone size-full wp-image-1399\" src=\"http:\/\/isitmakablosu.com\/tr\/wp-content\/uploads\/2016\/02\/bukulma-faktore-5-cap.jpg\" alt=\"bukulma-faktore-5-cap\" width=\"72\" height=\"71\" srcset=\"https:\/\/isitmakablosu.com\/TR\/wp-content\/uploads\/2016\/02\/bukulma-faktore-5-cap-66x66.jpg 66w, https:\/\/isitmakablosu.com\/TR\/wp-content\/uploads\/2016\/02\/bukulma-faktore-5-cap.jpg 72w\" sizes=\"(max-width: 72px) 100vw, 72px\" \/>\u00a0<img decoding=\"async\" class=\"alignnone size-full wp-image-1400\" src=\"http:\/\/isitmakablosu.com\/tr\/wp-content\/uploads\/2016\/02\/ec-60332-1-standarduna-uyumlu.jpg\" alt=\"\u0131ec-60332-1-standarduna-uyumlu\" width=\"72\" height=\"72\" srcset=\"https:\/\/isitmakablosu.com\/TR\/wp-content\/uploads\/2016\/02\/ec-60332-1-standarduna-uyumlu-66x66.jpg 66w, https:\/\/isitmakablosu.com\/TR\/wp-content\/uploads\/2016\/02\/ec-60332-1-standarduna-uyumlu.jpg 72w\" sizes=\"(max-width: 72px) 100vw, 72px\" \/>\u00a0<img decoding=\"async\" class=\"alignnone size-full wp-image-1401\" src=\"http:\/\/isitmakablosu.com\/tr\/wp-content\/uploads\/2016\/02\/gizli-ek-yeri-teknolojisi.jpg\" alt=\"gizli-ek-yeri-teknolojisi\" width=\"70\" height=\"70\" srcset=\"https:\/\/isitmakablosu.com\/TR\/wp-content\/uploads\/2016\/02\/gizli-ek-yeri-teknolojisi-66x66.jpg 66w, https:\/\/isitmakablosu.com\/TR\/wp-content\/uploads\/2016\/02\/gizli-ek-yeri-teknolojisi.jpg 70w\" sizes=\"(max-width: 70px) 100vw, 70px\" \/>\u00a0<img decoding=\"async\" class=\"alignnone size-full wp-image-1402\" src=\"http:\/\/isitmakablosu.com\/tr\/wp-content\/uploads\/2016\/02\/kutulanm\u0131s-urun-e1455380142398.jpg\" alt=\"kutulanm\u0131s-urun\" width=\"72\" height=\"72\" srcset=\"https:\/\/isitmakablosu.com\/TR\/wp-content\/uploads\/2016\/02\/kutulanm\u0131s-urun-e1455380142398-66x66.jpg 66w, https:\/\/isitmakablosu.com\/TR\/wp-content\/uploads\/2016\/02\/kutulanm\u0131s-urun-e1455380142398.jpg 72w\" sizes=\"(max-width: 72px) 100vw, 72px\" \/><\/p>\n<p>Millidry\u00a0serisi \u0131s\u0131tma \u015filtelerinin stok b\u00fcy\u00fckl\u00fckleri ve \u00fcr\u00fcn kodlar\u0131 a\u015fa\u011f\u0131daki tabloda belirtilmi\u015ftir.<\/p>\n<table border=\"1\">\n<tbody>\n<tr>\n<td colspan=\"5\" width=\"650\"><span style=\"color: #748cd4;\"><strong>65 W\/m2<\/strong><\/span><\/td>\n<\/tr>\n<tr>\n<td width=\"82\"><span style=\"color: #6f64d1;\">\u00dcr\u00fcn Kodu<\/span><\/td>\n<td width=\"294\"><span style=\"color: #6f64d1;\">\u00dcR\u00dcN Detay\u0131<\/span><\/td>\n<td width=\"85\"><span style=\"color: #6f64d1;\">En-cm<\/span><\/td>\n<td width=\"53\"><span style=\"color: #6f64d1;\">Boy-mt<\/span><\/td>\n<td width=\"64\"><span style=\"color: #6f64d1;\">Alan-m2<\/span><\/td>\n<\/tr>\n<tr>\n<td width=\"82\"><strong>10095229<\/strong><\/td>\n<td width=\"294\">MilliDry\u00a0 90 W. Size in m: 0.4&#215;3.5<\/td>\n<td width=\"85\">40<\/td>\n<td width=\"53\">3.5<\/td>\n<td width=\"64\">1.5<\/td>\n<\/tr>\n<tr>\n<td width=\"82\"><strong>10095230<\/strong><\/td>\n<td width=\"294\">MilliDry\u00a0 130 W. Size in m: 0.4&#215;4.8<\/td>\n<td width=\"85\">40<\/td>\n<td width=\"53\">4.8<\/td>\n<td width=\"64\">1.9<\/td>\n<\/tr>\n<tr>\n<td width=\"82\"><strong>10095231<\/strong><\/td>\n<td width=\"294\">MilliDry\u00a0 170 W. Size in m: 0.4&#215;6.5<\/td>\n<td width=\"85\">40<\/td>\n<td width=\"53\">6.5<\/td>\n<td width=\"64\">2.6<\/td>\n<\/tr>\n<tr>\n<td width=\"82\"><strong>10095232<\/strong><\/td>\n<td width=\"294\">MilliDry\u00a0 200 W. Size in m: 0.4&#215;7.7<\/td>\n<td width=\"85\">40<\/td>\n<td width=\"53\">7.7<\/td>\n<td width=\"64\">3.1<\/td>\n<\/tr>\n<tr>\n<td width=\"82\"><strong>10095233<\/strong><\/td>\n<td width=\"294\">MilliDry\u00a0 230 W. Size in m: 0.4&#215;8.9<\/td>\n<td width=\"85\">40<\/td>\n<td width=\"53\">8.9<\/td>\n<td width=\"64\">3.6<\/td>\n<\/tr>\n<tr>\n<td width=\"82\"><strong>10095314<\/strong><\/td>\n<td width=\"294\">MilliDry\u00a0 280 W. Size in m: 0.4&#215;10.8<\/td>\n<td width=\"85\">40<\/td>\n<td width=\"53\">10.8<\/td>\n<td width=\"64\">4.3<\/td>\n<\/tr>\n<tr>\n<td width=\"82\"><strong>10095316<\/strong><\/td>\n<td width=\"294\">MilliDry\u00a0 340 W. Size in m: 0.4&#215;13<\/td>\n<td width=\"85\">40<\/td>\n<td width=\"53\">13.0<\/td>\n<td width=\"64\">5.2<\/td>\n<\/tr>\n<tr>\n<td width=\"82\"><strong>10095317<\/strong><\/td>\n<td width=\"294\">MilliDry\u00a0 410 W. Size in m: 0.8&#215;7.9<\/td>\n<td width=\"85\">80<\/td>\n<td width=\"53\">7.9<\/td>\n<td width=\"64\">6.3<\/td>\n<\/tr>\n<tr>\n<td width=\"82\"><strong>10095318<\/strong><\/td>\n<td width=\"294\">MilliDry\u00a0 470 W. Size in m: 0.8&#215;9.1<\/td>\n<td width=\"85\">80<\/td>\n<td width=\"53\">9.1<\/td>\n<td width=\"64\">7.3<\/td>\n<\/tr>\n<tr>\n<td width=\"82\"><strong>10095319<\/strong><\/td>\n<td width=\"294\">MilliDry\u00a0 570 W. Size in m: 0.8&#215;11<\/td>\n<td width=\"85\">80<\/td>\n<td width=\"53\">11.0<\/td>\n<td width=\"64\">8.8<\/td>\n<\/tr>\n<tr>\n<td width=\"82\"><strong>10095320<\/strong><\/td>\n<td width=\"294\">MilliDry\u00a0 570 W. Size in m: 0.8&#215;13.3<\/td>\n<td width=\"85\">80<\/td>\n<td width=\"53\">13.3<\/td>\n<td width=\"64\">10.6<\/td>\n<\/tr>\n<\/tbody>\n<\/table>\n<p>&nbsp;<\/p>\n<p>&nbsp;<\/p>\n","protected":false},"excerpt":{"rendered":"<p>\u00a0\u00a0Nexans &#8211; Millidry &nbsp; Millidry serisi \u015filteler y\u00fczer durumda b\u0131rak\u0131lan  [&#8230;]<\/p>\n","protected":false},"author":1,"featured_media":0,"parent":1362,"menu_order":0,"comment_status":"closed","ping_status":"closed","template":"page-custom.php","meta":{"footnotes":""},"class_list":["post-1395","page","type-page","status-publish","hentry"],"_links":{"self":[{"href":"https:\/\/isitmakablosu.com\/TR\/wp-json\/wp\/v2\/pages\/1395","targetHints":{"allow":["GET"]}}],"collection":[{"href":"https:\/\/isitmakablosu.com\/TR\/wp-json\/wp\/v2\/pages"}],"about":[{"href":"https:\/\/isitmakablosu.com\/TR\/wp-json\/wp\/v2\/types\/page"}],"author":[{"embeddable":true,"href":"https:\/\/isitmakablosu.com\/TR\/wp-json\/wp\/v2\/users\/1"}],"replies":[{"embeddable":true,"href":"https:\/\/isitmakablosu.com\/TR\/wp-json\/wp\/v2\/comments?post=1395"}],"version-history":[{"count":0,"href":"https:\/\/isitmakablosu.com\/TR\/wp-json\/wp\/v2\/pages\/1395\/revisions"}],"up":[{"embeddable":true,"href":"https:\/\/isitmakablosu.com\/TR\/wp-json\/wp\/v2\/pages\/1362"}],"wp:attachment":[{"href":"https:\/\/isitmakablosu.com\/TR\/wp-json\/wp\/v2\/media?parent=1395"}],"curies":[{"name":"wp","href":"https:\/\/api.w.org\/{rel}","templated":true}]}}