{"id":1405,"date":"2016-02-13T18:18:49","date_gmt":"2016-02-13T16:18:49","guid":{"rendered":"http:\/\/demo1.epbilisim.net\/?page_id=1405"},"modified":"2016-02-13T18:18:49","modified_gmt":"2016-02-13T16:18:49","slug":"defrost","status":"publish","type":"page","link":"https:\/\/isitmakablosu.com\/TR\/nexans1\/defrost\/","title":{"rendered":"Defrost"},"content":{"rendered":"<table>\n<tbody>\n<tr bgcolor=\"#F6F6F6\">\n<td width=\"1200\">\n<h4><a href=\"http:\/\/isitmakablosu.com\/tr\/nexans1\/\">\u00a0\u00a0Nexans<\/a>   &#8211;   Defrost<\/h4>\n<\/td>\n<\/tr>\n<\/tbody>\n<\/table>\n<p>&nbsp;<br \/>\n<div id=\"attachment_1406\" style=\"width: 294px\" class=\"wp-caption alignright\"><img decoding=\"async\" aria-describedby=\"caption-attachment-1406\" class=\"wp-image-1406 \" src=\"http:\/\/isitmakablosu.com\/tr\/wp-content\/uploads\/2016\/02\/defrost-twin.jpg\" alt=\"defrost-twin\" width=\"284\" height=\"159\" srcset=\"https:\/\/isitmakablosu.com\/TR\/wp-content\/uploads\/2016\/02\/defrost-twin-200x112.jpg 200w, https:\/\/isitmakablosu.com\/TR\/wp-content\/uploads\/2016\/02\/defrost-twin-300x168.jpg 300w, https:\/\/isitmakablosu.com\/TR\/wp-content\/uploads\/2016\/02\/defrost-twin.jpg 321w\" sizes=\"(max-width: 284px) 100vw, 284px\" \/><p id=\"caption-attachment-1406\" class=\"wp-caption-text\">Standartlar : IEC 60332-1; IEC 60800-Mekanik S\u0131n\u0131f C: 2000N<\/p><\/div><\/p>\n<p style=\"text-align: justify;\">Defrost Twin TXLP\/2R ailesine ait, \u00e7ift iletkenli, 28 W\/m \u00e7izgisel g\u00fcce sahip olan ve \u00f6zellikle kar ve buz eritme uygulamalar\u0131 i\u00e7in \u00f6nerilen bir \u0131s\u0131tma kablosudur. D\u0131\u015f z\u0131rh\u0131 160 \u00b0C s\u0131cakl\u0131\u011fa kadar dayan\u0131kl\u0131d\u0131r. \u00dcr\u00fcn s\u0131cak asfalt alt\u0131na uygulanabilir.<br \/>\nMetalik z\u0131rh korumas\u0131 sayesinde %100 su ge\u00e7irmez olan kablonun fabrika \u00e7\u0131k\u0131\u015f\u0131 10 metrelik b\u00fct\u00fcnle\u015fik so\u011fuk ucu vard\u0131r.<\/p>\n<p style=\"text-align: justify;\">&#8211; Defrost Twin serisi d\u0131\u015f uygulamalarda beton yada asfalt alt\u0131 veya \u00e7at\u0131da a\u00e7\u0131k havada kullan\u0131r.<br \/>\n&#8211; \u00c7ift iletkenli olmas\u0131 nedeniyle montaj\u0131 kolayd\u0131r.<br \/>\n&#8211; Standart olarak 10 metre so\u011fuk ucu vard\u0131r.<br \/>\n&#8211; S\u0131cak asfalt alt\u0131na uygulanabilir.<\/p>\n<table border=\"1\">\n<tbody>\n<tr>\n<td width=\"301\"><span style=\"color: #6f64d1;\"><strong>KARAKTER\u0130ST\u0130KLER\u0130<\/strong><\/span><\/td>\n<td width=\"255\"><\/td>\n<\/tr>\n<tr>\n<td width=\"301\">Tip<\/td>\n<td width=\"255\">\u00c7ift \u0130letkenli<\/td>\n<\/tr>\n<tr>\n<td width=\"301\">\u00c7izgisel G\u00fc\u00e7<\/td>\n<td width=\"255\">28 W\/m<\/td>\n<\/tr>\n<tr>\n<td width=\"301\">\u0130letken Yal\u0131t\u0131m\u0131<\/td>\n<td width=\"255\">XLPE<\/td>\n<\/tr>\n<tr>\n<td width=\"301\">D\u0131\u015f Kablo Yal\u0131t\u0131m\u0131<\/td>\n<td width=\"255\">PVC<\/td>\n<\/tr>\n<tr>\n<td width=\"301\">Ekran<\/td>\n<td width=\"255\">Kesintisiz\u00a0\u00a0 Al\u00fcminyum Z\u0131rh + Bak\u0131r<\/td>\n<\/tr>\n<tr>\n<td width=\"301\">Toprak Teli<\/td>\n<td width=\"255\">Kalaylanm\u0131\u015f Bak\u0131r<\/td>\n<\/tr>\n<tr>\n<td width=\"301\">Azami Kablo S\u0131cakl\u0131\u011f\u0131<\/td>\n<td width=\"255\">65 \u00b0C<\/td>\n<\/tr>\n<tr>\n<td width=\"301\">Dayanabilece\u011fi Azami Ortam S\u0131cakl\u0131\u011f\u0131<\/td>\n<td width=\"255\">160 \u00b0C<\/td>\n<\/tr>\n<tr>\n<td width=\"301\">Ekran<\/td>\n<td width=\"255\">7.5 mm<\/td>\n<\/tr>\n<tr>\n<td width=\"301\">So\u011fuk U\u00e7 Eki<\/td>\n<td width=\"255\">Nexans Gizli Ek Yeri Teknolojisi<\/td>\n<\/tr>\n<tr>\n<td width=\"301\">So\u011fuk U\u00e7 Boyu (Fabrikasyon)<\/td>\n<td width=\"255\">10 mt<\/td>\n<\/tr>\n<tr>\n<td width=\"301\">\u00c7al\u0131\u015fma Gerilimi<\/td>\n<td width=\"255\">230 V<\/td>\n<\/tr>\n<tr>\n<td width=\"301\">B\u00fck\u00fclme Fakt\u00f6r\u00fc<\/td>\n<td width=\"255\">5 * (\u00c7ap)<\/td>\n<\/tr>\n<\/tbody>\n<\/table>\n<p>&nbsp;<\/p>\n<p><img decoding=\"async\" class=\"alignnone size-full wp-image-1399\" src=\"http:\/\/isitmakablosu.com\/tr\/wp-content\/uploads\/2016\/02\/bukulma-faktore-5-cap.jpg\" alt=\"bukulma-faktore-5-cap\" width=\"72\" height=\"71\" srcset=\"https:\/\/isitmakablosu.com\/TR\/wp-content\/uploads\/2016\/02\/bukulma-faktore-5-cap-66x66.jpg 66w, https:\/\/isitmakablosu.com\/TR\/wp-content\/uploads\/2016\/02\/bukulma-faktore-5-cap.jpg 72w\" sizes=\"(max-width: 72px) 100vw, 72px\" \/>\u00a0<img decoding=\"async\" class=\"alignnone size-full wp-image-1400\" src=\"http:\/\/isitmakablosu.com\/tr\/wp-content\/uploads\/2016\/02\/ec-60332-1-standarduna-uyumlu.jpg\" alt=\"\u0131ec-60332-1-standarduna-uyumlu\" width=\"72\" height=\"72\" srcset=\"https:\/\/isitmakablosu.com\/TR\/wp-content\/uploads\/2016\/02\/ec-60332-1-standarduna-uyumlu-66x66.jpg 66w, https:\/\/isitmakablosu.com\/TR\/wp-content\/uploads\/2016\/02\/ec-60332-1-standarduna-uyumlu.jpg 72w\" sizes=\"(max-width: 72px) 100vw, 72px\" \/>\u00a0<img decoding=\"async\" class=\"alignnone size-full wp-image-1401\" src=\"http:\/\/isitmakablosu.com\/tr\/wp-content\/uploads\/2016\/02\/gizli-ek-yeri-teknolojisi.jpg\" alt=\"gizli-ek-yeri-teknolojisi\" width=\"70\" height=\"70\" srcset=\"https:\/\/isitmakablosu.com\/TR\/wp-content\/uploads\/2016\/02\/gizli-ek-yeri-teknolojisi-66x66.jpg 66w, https:\/\/isitmakablosu.com\/TR\/wp-content\/uploads\/2016\/02\/gizli-ek-yeri-teknolojisi.jpg 70w\" sizes=\"(max-width: 70px) 100vw, 70px\" \/>\u00a0<img decoding=\"async\" class=\"alignnone size-full wp-image-1402\" src=\"http:\/\/isitmakablosu.com\/tr\/wp-content\/uploads\/2016\/02\/kutulanm\u0131s-urun-e1455380142398.jpg\" alt=\"kutulanm\u0131s-urun\" width=\"72\" height=\"72\" srcset=\"https:\/\/isitmakablosu.com\/TR\/wp-content\/uploads\/2016\/02\/kutulanm\u0131s-urun-e1455380142398-66x66.jpg 66w, https:\/\/isitmakablosu.com\/TR\/wp-content\/uploads\/2016\/02\/kutulanm\u0131s-urun-e1455380142398.jpg 72w\" sizes=\"(max-width: 72px) 100vw, 72px\" \/><\/p>\n<p>Defrost serisi \u0131s\u0131tma kablolar\u0131n\u0131n stok uzunluklar\u0131 ve \u00fcr\u00fcn kodlar\u0131 a\u015fa\u011f\u0131daki tabloda belirtilmi\u015ftir.<\/p>\n<p>&nbsp;<\/p>\n<table border=\"1\">\n<tbody>\n<tr>\n<td width=\"138\"><span style=\"color: #6f64d1;\"><strong>28 W\/m(230V)<\/strong><\/span><\/td>\n<td width=\"301\"><\/td>\n<td width=\"77\"><\/td>\n<td width=\"83\"><\/td>\n<td width=\"79\"><\/td>\n<\/tr>\n<tr>\n<td width=\"138\"><span style=\"color: #6f64d1;\"><strong>\u00dcr\u00fcn Kodu<\/strong><\/span><\/td>\n<td width=\"301\"><span style=\"color: #6f64d1;\">\u00dcr\u00fcn Detay\u0131<\/span><\/td>\n<td width=\"77\"><span style=\"color: #6f64d1;\">Rezistans<\/span><\/td>\n<td width=\"83\"><span style=\"color: #6f64d1;\">A\u011f\u0131rl\u0131\u011f\u0131-kg<\/span><\/td>\n<td width=\"79\"><span style=\"color: #6f64d1;\">\u00c7ap-mm<\/span><\/td>\n<\/tr>\n<tr>\n<td width=\"138\">10092292<\/td>\n<td width=\"301\">TXLP\/2R\u00a0\u00a0\u00a0 6400W &#8211; 28 W\/m &#8211; 22.9m<\/td>\n<td width=\"77\">82.7<\/td>\n<td width=\"83\">2.3<\/td>\n<td width=\"79\">7,5 mm<\/td>\n<\/tr>\n<tr>\n<td width=\"138\">10092293<\/td>\n<td width=\"301\">TXLP\/2R\u00a0\u00a0\u00a0 890W &#8211; 28 W\/m &#8211; 31.9m<\/td>\n<td width=\"77\">59.4<\/td>\n<td width=\"83\">2.8<\/td>\n<td width=\"79\">7,5 mm<\/td>\n<\/tr>\n<tr>\n<td width=\"138\">10092324<\/td>\n<td width=\"301\">TXLP\/2R\u00a0\u00a0\u00a0 1270W &#8211; 28 W\/m &#8211; 45.4m<\/td>\n<td width=\"77\">41,7<\/td>\n<td width=\"83\">3,7<\/td>\n<td width=\"79\">7,5 mm<\/td>\n<\/tr>\n<tr>\n<td width=\"138\">10092325<\/td>\n<td width=\"301\">TXLP\/2R\u00a0\u00a0\u00a0 1900W &#8211; 28 W\/m &#8211; 68.1m<\/td>\n<td width=\"77\">27,8<\/td>\n<td width=\"83\">5,2<\/td>\n<td width=\"79\">7,5 mm<\/td>\n<\/tr>\n<tr>\n<td width=\"138\">10092327<\/td>\n<td width=\"301\">TXLP\/2R\u00a0\u00a0\u00a0 2700W &#8211; 28 W\/m &#8211; 96.4m<\/td>\n<td width=\"77\">19,6<\/td>\n<td width=\"83\">7,0<\/td>\n<td width=\"79\">7,5 mm<\/td>\n<\/tr>\n<tr>\n<td width=\"138\">10070744<\/td>\n<td width=\"301\">TXLP\/2R\u00a0\u00a0\u00a0 3400W &#8211; 28 W\/m &#8211; 120m<\/td>\n<td width=\"77\">15,6<\/td>\n<td width=\"83\">8,4<\/td>\n<td width=\"79\">7,5 mm<\/td>\n<\/tr>\n<\/tbody>\n<\/table>\n","protected":false},"excerpt":{"rendered":"<p>\u00a0\u00a0Nexans &#8211; Defrost &nbsp; Defrost Twin TXLP\/2R ailesine ait, \u00e7ift  [&#8230;]<\/p>\n","protected":false},"author":1,"featured_media":0,"parent":1362,"menu_order":0,"comment_status":"closed","ping_status":"closed","template":"page-custom.php","meta":{"footnotes":""},"class_list":["post-1405","page","type-page","status-publish","hentry"],"_links":{"self":[{"href":"https:\/\/isitmakablosu.com\/TR\/wp-json\/wp\/v2\/pages\/1405","targetHints":{"allow":["GET"]}}],"collection":[{"href":"https:\/\/isitmakablosu.com\/TR\/wp-json\/wp\/v2\/pages"}],"about":[{"href":"https:\/\/isitmakablosu.com\/TR\/wp-json\/wp\/v2\/types\/page"}],"author":[{"embeddable":true,"href":"https:\/\/isitmakablosu.com\/TR\/wp-json\/wp\/v2\/users\/1"}],"replies":[{"embeddable":true,"href":"https:\/\/isitmakablosu.com\/TR\/wp-json\/wp\/v2\/comments?post=1405"}],"version-history":[{"count":0,"href":"https:\/\/isitmakablosu.com\/TR\/wp-json\/wp\/v2\/pages\/1405\/revisions"}],"up":[{"embeddable":true,"href":"https:\/\/isitmakablosu.com\/TR\/wp-json\/wp\/v2\/pages\/1362"}],"wp:attachment":[{"href":"https:\/\/isitmakablosu.com\/TR\/wp-json\/wp\/v2\/media?parent=1405"}],"curies":[{"name":"wp","href":"https:\/\/api.w.org\/{rel}","templated":true}]}}