{"id":1413,"date":"2016-02-13T19:19:05","date_gmt":"2016-02-13T17:19:05","guid":{"rendered":"http:\/\/demo1.epbilisim.net\/?page_id=1413"},"modified":"2016-02-13T19:19:05","modified_gmt":"2016-02-13T17:19:05","slug":"snowmat","status":"publish","type":"page","link":"https:\/\/isitmakablosu.com\/TR\/nexans1\/snowmat\/","title":{"rendered":"Snowmat"},"content":{"rendered":"<table>\n<tbody>\n<tr bgcolor=\"#F6F6F6\">\n<td width=\"1200\">\n<h4><a href=\"http:\/\/isitmakablosu.com\/tr\/nexans1\/\">\u00a0\u00a0Nexans<\/a>   &#8211;   Snowmat<\/h4>\n<\/td>\n<\/tr>\n<\/tbody>\n<\/table>\n<p>&nbsp;<br \/>\n<span style=\"color: #808080;\"><img decoding=\"async\" class=\"alignright wp-image-1414\" src=\"http:\/\/isitmakablosu.com\/tr\/wp-content\/uploads\/2016\/02\/snowmat.jpg\" alt=\"28 w\/m \u00e7ift iletkenli TXLP serisi kablolardan \u00fcretilmi\u015ftir.\" width=\"182\" height=\"243\" srcset=\"https:\/\/isitmakablosu.com\/TR\/wp-content\/uploads\/2016\/02\/snowmat-200x267.jpg 200w, https:\/\/isitmakablosu.com\/TR\/wp-content\/uploads\/2016\/02\/snowmat-225x300.jpg 225w, https:\/\/isitmakablosu.com\/TR\/wp-content\/uploads\/2016\/02\/snowmat.jpg 231w\" sizes=\"(max-width: 182px) 100vw, 182px\" \/><\/span><\/p>\n<p style=\"text-align: justify;\"><span style=\"color: #808080;\">SNOWMAT kar eritme ve buz \u00e7\u00f6zme uygulamalar\u0131 i\u00e7in \u00f6nerilen, 300 w\/m2 kapasiteli kurulumu basit ve h\u0131zl\u0131 \u0131s\u0131tma \u015filtesidir.<\/span><br \/>\n<span style=\"color: #808080;\"> \u00c7ift iletkenli Defrost 28 w\/m kablosundan \u00fcretilen \u015filtenin d\u0131\u015f z\u0131rh\u0131 160 \u00b0C s\u0131cakl\u0131\u011fa kadar dayan\u0131kl\u0131d\u0131r. S\u0131cak asfalt alt\u0131na uygulanabilir. Gidi\u015f ve d\u00f6n\u00fc\u015f iletkeni olmak \u00fczere \u00e7ift iletken i\u00e7eren kablonun ucunda su ge\u00e7irmez \u00f6zellikte sonland\u0131rma m\u00fchr\u00fc vard\u0131r.<\/span><br \/>\n<span style=\"color: #808080;\"> Mekanik s\u0131n\u0131f\u0131 C olup a\u011f\u0131r vas\u0131ta y\u00fck\u00fcne dayan\u0131kl\u0131d\u0131r.<\/span><br \/>\n<span style=\"color: #808080;\"> Metalik z\u0131rh korumas\u0131 sayesinde %100 su ge\u00e7irmez olan kablonun fabrika \u00e7\u0131k\u0131\u015f\u0131 10 metrelik b\u00fct\u00fcnle\u015fik so\u011fuk ucu vard\u0131r. So\u011fuk u\u00e7, fabrika \u00e7\u0131k\u0131\u015f\u0131 eklenen ve orijinal su ge\u00e7irmez metalik z\u0131rh i\u00e7inde korunan bir ek yeri (HIDDEN SPLICE) ile s\u0131cak uca eklenmi\u015ftir.<\/span><\/p>\n<p style=\"text-align: justify;\"><span style=\"color: #808080;\">&#8211; 7.5 mm \u00e7ap\u0131ndaki seri rezistansl\u0131 TXLP\/2R serisi kablolardan \u00fcretilir.<\/span><br \/>\n<span style=\"color: #808080;\"> &#8211; Al\u00fcminyum z\u0131rh, PVC d\u0131\u015f kaplama, 230 V \u00e7al\u0131\u015fma gerilimi vard\u0131r.<\/span><br \/>\n<span style=\"color: #808080;\"> &#8211; XLPE yal\u0131t\u0131m mevcuttur.<\/span><br \/>\n<span style=\"color: #808080;\"> &#8211; \u015eilte enleri 40 veya 80 cm olup boylar\u0131 17 metreye kadar \u00e7\u0131kmaktad\u0131r.<\/span><br \/>\n<span style=\"color: #808080;\"> &#8211; Tekerlek izi rampa uygulamalar\u0131 i\u00e7in idealdir.<\/span><\/p>\n<p>&nbsp;<\/p>\n<table border=\"1\">\n<tbody>\n<tr>\n<td width=\"298\"><span style=\"color: #6f64d1;\"><strong>KARAKTER\u0130ST\u0130KLER\u0130<\/strong><\/span><\/td>\n<td width=\"275\"><span style=\"color: #808080;\">\u00a0<\/span><\/td>\n<\/tr>\n<tr>\n<td width=\"298\"><span style=\"color: #808080;\">Tip<\/span><\/td>\n<td width=\"275\"><span style=\"color: #808080;\">\u00c7ift \u0130letkenli<\/span><\/td>\n<\/tr>\n<tr>\n<td width=\"298\"><span style=\"color: #808080;\">\u00c7izgisel G\u00fc\u00e7<\/span><\/td>\n<td width=\"275\"><span style=\"color: #808080;\">28 W\/m<\/span><\/td>\n<\/tr>\n<tr>\n<td width=\"298\"><span style=\"color: #808080;\">\u0130letken Yal\u0131t\u0131m\u0131<\/span><\/td>\n<td width=\"275\"><span style=\"color: #808080;\">XLPE<\/span><\/td>\n<\/tr>\n<tr>\n<td width=\"298\"><span style=\"color: #808080;\">D\u0131\u015f Kablo Yal\u0131t\u0131m\u0131<\/span><\/td>\n<td width=\"275\"><span style=\"color: #808080;\">PVC<\/span><\/td>\n<\/tr>\n<tr>\n<td width=\"298\"><span style=\"color: #808080;\">Ekran<\/span><\/td>\n<td width=\"275\"><span style=\"color: #808080;\">Kesintisiz\u00a0\u00a0 Al\u00fcminyum Z\u0131rh + Bak\u0131r Tel<\/span><\/td>\n<\/tr>\n<tr>\n<td width=\"298\"><span style=\"color: #808080;\">Toprak Teli<\/span><\/td>\n<td width=\"275\"><span style=\"color: #808080;\">Kalaylanm\u0131\u015f Bak\u0131r<\/span><\/td>\n<\/tr>\n<tr>\n<td width=\"298\"><span style=\"color: #808080;\">Azami Kablo S\u0131cakl\u0131\u011f\u0131<\/span><\/td>\n<td width=\"275\"><span style=\"color: #808080;\">65\u00a0\u00b0C<\/span><\/td>\n<\/tr>\n<tr>\n<td width=\"298\"><span style=\"color: #808080;\">Dayanabilece\u011fi Azami Ortam S\u0131cakl\u0131\u011f\u0131<\/span><\/td>\n<td width=\"275\"><span style=\"color: #808080;\">160\u00a0\u00a0\u00b0C<\/span><\/td>\n<\/tr>\n<tr>\n<td width=\"298\"><span style=\"color: #808080;\">En<\/span><\/td>\n<td width=\"275\"><span style=\"color: #808080;\">40 cm veya 80 cm<\/span><\/td>\n<\/tr>\n<tr>\n<td width=\"298\"><span style=\"color: #808080;\">So\u011fuk U\u00e7 Eki<\/span><\/td>\n<td width=\"275\"><span style=\"color: #808080;\">Nexans Gizli Ek Yeri Teknolojisi<\/span><\/td>\n<\/tr>\n<tr>\n<td width=\"298\"><span style=\"color: #808080;\">So\u011fuk U\u00e7 Boyu (Fabrikasyon)<\/span><\/td>\n<td width=\"275\"><span style=\"color: #808080;\">10 mt<\/span><\/td>\n<\/tr>\n<tr>\n<td width=\"298\"><span style=\"color: #808080;\">\u00c7al\u0131\u015fma Gerilimi<\/span><\/td>\n<td width=\"275\"><span style=\"color: #808080;\">230 V<\/span><\/td>\n<\/tr>\n<tr>\n<td width=\"298\"><span style=\"color: #808080;\">B\u00fck\u00fclme Fakt\u00f6r\u00fc<\/span><\/td>\n<td width=\"275\"><span style=\"color: #808080;\">5 * (\u00c7ap)<\/span><\/td>\n<\/tr>\n<\/tbody>\n<\/table>\n<p>&nbsp;<\/p>\n<p><span style=\"color: #808080;\"><img decoding=\"async\" class=\"alignnone size-full wp-image-1399\" src=\"http:\/\/isitmakablosu.com\/tr\/wp-content\/uploads\/2016\/02\/bukulma-faktore-5-cap.jpg\" alt=\"bukulma-faktore-5-cap\" width=\"72\" height=\"71\" srcset=\"https:\/\/isitmakablosu.com\/TR\/wp-content\/uploads\/2016\/02\/bukulma-faktore-5-cap-66x66.jpg 66w, https:\/\/isitmakablosu.com\/TR\/wp-content\/uploads\/2016\/02\/bukulma-faktore-5-cap.jpg 72w\" sizes=\"(max-width: 72px) 100vw, 72px\" \/>\u00a0<img decoding=\"async\" class=\"alignnone size-full wp-image-1400\" src=\"http:\/\/isitmakablosu.com\/tr\/wp-content\/uploads\/2016\/02\/ec-60332-1-standarduna-uyumlu.jpg\" alt=\"\u0131ec-60332-1-standarduna-uyumlu\" width=\"72\" height=\"72\" srcset=\"https:\/\/isitmakablosu.com\/TR\/wp-content\/uploads\/2016\/02\/ec-60332-1-standarduna-uyumlu-66x66.jpg 66w, https:\/\/isitmakablosu.com\/TR\/wp-content\/uploads\/2016\/02\/ec-60332-1-standarduna-uyumlu.jpg 72w\" sizes=\"(max-width: 72px) 100vw, 72px\" \/>\u00a0<img decoding=\"async\" class=\"alignnone size-full wp-image-1401\" src=\"http:\/\/isitmakablosu.com\/tr\/wp-content\/uploads\/2016\/02\/gizli-ek-yeri-teknolojisi.jpg\" alt=\"gizli-ek-yeri-teknolojisi\" width=\"70\" height=\"70\" srcset=\"https:\/\/isitmakablosu.com\/TR\/wp-content\/uploads\/2016\/02\/gizli-ek-yeri-teknolojisi-66x66.jpg 66w, https:\/\/isitmakablosu.com\/TR\/wp-content\/uploads\/2016\/02\/gizli-ek-yeri-teknolojisi.jpg 70w\" sizes=\"(max-width: 70px) 100vw, 70px\" \/>\u00a0<img decoding=\"async\" class=\"alignnone size-full wp-image-1402\" src=\"http:\/\/isitmakablosu.com\/tr\/wp-content\/uploads\/2016\/02\/kutulanm\u0131s-urun-e1455380142398.jpg\" alt=\"kutulanm\u0131s-urun\" width=\"72\" height=\"72\" srcset=\"https:\/\/isitmakablosu.com\/TR\/wp-content\/uploads\/2016\/02\/kutulanm\u0131s-urun-e1455380142398-66x66.jpg 66w, https:\/\/isitmakablosu.com\/TR\/wp-content\/uploads\/2016\/02\/kutulanm\u0131s-urun-e1455380142398.jpg 72w\" sizes=\"(max-width: 72px) 100vw, 72px\" \/><\/span><\/p>\n<p><span style=\"color: #808080;\">Snowmat serisi \u0131s\u0131tma \u015filtelerinin \u00f6l\u00e7\u00fcleri ve \u00fcr\u00fcn kodlar\u0131 a\u015fa\u011f\u0131daki tabloda belirtilmi\u015ftir.<\/span><\/p>\n<table border=\"1\">\n<tbody>\n<tr>\n<td colspan=\"5\" width=\"650\"><span style=\"color: #6f64d1;\"><strong>28 W\/m<\/strong><\/span><\/td>\n<\/tr>\n<tr>\n<td width=\"117\"><span style=\"color: #6f64d1;\">\u00dcr\u00fcn Kodu<\/span><\/td>\n<td width=\"275\"><span style=\"color: #6f64d1;\">\u00dcr\u00fcn Detay\u0131<\/span><\/td>\n<td width=\"50\"><span style=\"color: #6f64d1;\">En-cm<\/span><\/td>\n<td width=\"55\"><span style=\"color: #6f64d1;\">Boy-mt<\/span><\/td>\n<td width=\"60\"><span style=\"color: #6f64d1;\">Alan-m2<\/span><\/td>\n<\/tr>\n<tr>\n<td width=\"117\"><span style=\"color: #808080;\">10035242<\/span><\/td>\n<td width=\"275\"><span style=\"color: #808080;\">Snowmat 1100 W. Size: 0.4&#215;9.0<\/span><\/td>\n<td width=\"50\"><span style=\"color: #808080;\">40<\/span><\/td>\n<td width=\"55\"><span style=\"color: #808080;\">9<\/span><\/td>\n<td width=\"60\"><span style=\"color: #808080;\">3,6<\/span><\/td>\n<\/tr>\n<tr>\n<td width=\"117\"><span style=\"color: #808080;\">10035243<\/span><\/td>\n<td width=\"275\"><span style=\"color: #808080;\">Snowmat 1500 W. Size: 0.4&#215;12.0<\/span><\/td>\n<td width=\"50\"><span style=\"color: #808080;\">40<\/span><\/td>\n<td width=\"55\"><span style=\"color: #808080;\">12<\/span><\/td>\n<td width=\"60\"><span style=\"color: #808080;\">4,8<\/span><\/td>\n<\/tr>\n<tr>\n<td width=\"117\"><span style=\"color: #808080;\">10035244<\/span><\/td>\n<td width=\"275\"><span style=\"color: #808080;\">Snowmat 1800 W. Size 0.4&#215;14.5<\/span><\/td>\n<td width=\"50\"><span style=\"color: #808080;\">40<\/span><\/td>\n<td width=\"55\"><span style=\"color: #808080;\">14,5<\/span><\/td>\n<td width=\"60\"><span style=\"color: #808080;\">5,8<\/span><\/td>\n<\/tr>\n<tr>\n<td width=\"117\"><span style=\"color: #808080;\">10035245<\/span><\/td>\n<td width=\"275\"><span style=\"color: #808080;\">Snowmat 2150 W. Size 0.4&#215;17.2<\/span><\/td>\n<td width=\"50\"><span style=\"color: #808080;\">40<\/span><\/td>\n<td width=\"55\"><span style=\"color: #808080;\">17,2<\/span><\/td>\n<td width=\"60\"><span style=\"color: #808080;\">6,9<\/span><\/td>\n<\/tr>\n<tr>\n<td width=\"117\"><span style=\"color: #808080;\">10035246<\/span><\/td>\n<td width=\"275\"><span style=\"color: #808080;\">Snowmat 2600 W. Size 0.8&#215;8.8<\/span><\/td>\n<td width=\"50\"><span style=\"color: #808080;\">80<\/span><\/td>\n<td width=\"55\"><span style=\"color: #808080;\">11,0<\/span><\/td>\n<td width=\"60\"><span style=\"color: #808080;\">8,8<\/span><\/td>\n<\/tr>\n<tr>\n<td width=\"117\"><span style=\"color: #808080;\">10035247<\/span><\/td>\n<td width=\"275\"><span style=\"color: #808080;\">Snowmat 3300 W. Size 0.8&#215;11.1<\/span><\/td>\n<td width=\"50\"><span style=\"color: #808080;\">80<\/span><\/td>\n<td width=\"55\"><span style=\"color: #808080;\">13,9<\/span><\/td>\n<td width=\"60\"><span style=\"color: #808080;\">11,1<\/span><\/td>\n<\/tr>\n<\/tbody>\n<\/table>\n","protected":false},"excerpt":{"rendered":"<p>\u00a0\u00a0Nexans &#8211; Snowmat &nbsp; SNOWMAT kar eritme ve buz \u00e7\u00f6zme  [&#8230;]<\/p>\n","protected":false},"author":1,"featured_media":0,"parent":1362,"menu_order":0,"comment_status":"closed","ping_status":"closed","template":"page-custom.php","meta":{"footnotes":""},"class_list":["post-1413","page","type-page","status-publish","hentry"],"_links":{"self":[{"href":"https:\/\/isitmakablosu.com\/TR\/wp-json\/wp\/v2\/pages\/1413","targetHints":{"allow":["GET"]}}],"collection":[{"href":"https:\/\/isitmakablosu.com\/TR\/wp-json\/wp\/v2\/pages"}],"about":[{"href":"https:\/\/isitmakablosu.com\/TR\/wp-json\/wp\/v2\/types\/page"}],"author":[{"embeddable":true,"href":"https:\/\/isitmakablosu.com\/TR\/wp-json\/wp\/v2\/users\/1"}],"replies":[{"embeddable":true,"href":"https:\/\/isitmakablosu.com\/TR\/wp-json\/wp\/v2\/comments?post=1413"}],"version-history":[{"count":0,"href":"https:\/\/isitmakablosu.com\/TR\/wp-json\/wp\/v2\/pages\/1413\/revisions"}],"up":[{"embeddable":true,"href":"https:\/\/isitmakablosu.com\/TR\/wp-json\/wp\/v2\/pages\/1362"}],"wp:attachment":[{"href":"https:\/\/isitmakablosu.com\/TR\/wp-json\/wp\/v2\/media?parent=1413"}],"curies":[{"name":"wp","href":"https:\/\/api.w.org\/{rel}","templated":true}]}}