{"id":1447,"date":"2016-02-13T20:17:53","date_gmt":"2016-02-13T18:17:53","guid":{"rendered":"http:\/\/demo1.epbilisim.net\/?page_id=1447"},"modified":"2016-02-13T20:17:53","modified_gmt":"2016-02-13T18:17:53","slug":"mtu","status":"publish","type":"page","link":"https:\/\/isitmakablosu.com\/TR\/urunler\/oj-electronics\/mtu\/","title":{"rendered":"MTU"},"content":{"rendered":"<table>\n<tbody>\n<tr bgcolor=\"#F6F6F6\">\n<td width=\"1200\">\n<h4><strong><a href=\"http:\/\/isitmakablosu.com\/tr\/oj-electonics\/\">\u00a0\u00a0OJ Electronics<\/a>   &#8211;   MTU<\/h4>\n<\/td>\n<\/tr>\n<\/tbody>\n<\/table>\n<p>&nbsp;<br \/>\n<span style=\"color: #333333;\"><img decoding=\"async\" class=\"wp-image-1449 alignright\" src=\"http:\/\/isitmakablosu.com\/tr\/wp-content\/uploads\/2016\/02\/mtu-serisi-300x300.jpg\" alt=\"mtu-serisi\" width=\"222\" height=\"222\" \/><\/span><\/p>\n<table border=\"1\">\n<tbody>\n<tr>\n<td colspan=\"5\" width=\"650\"><span style=\"color: #748cd4;\"><strong>Model<\/strong><\/span><\/td>\n<\/tr>\n<tr>\n<td width=\"157\"><span style=\"color: #333333;\">MTU 1991HN<\/span><\/td>\n<td width=\"163\"><span style=\"color: #333333;\">D\u00f6\u015feme Sens\u00f6rl\u00fc<\/span><\/td>\n<\/tr>\n<tr>\n<td width=\"157\"><span style=\"color: #333333;\">MTU2 1991 HN<\/span><\/td>\n<td width=\"163\"><span style=\"color: #333333;\">D\u00f6\u015feme Sens\u00f6rl\u00fc,16A<\/span><\/td>\n<\/tr>\n<tr>\n<td width=\"157\"><span style=\"color: #333333;\">MTU 1999HN<\/span><\/td>\n<td width=\"163\"><span style=\"color: #333333;\">Oda Sens\u00f6rl\u00fc<\/span><\/td>\n<\/tr>\n<tr>\n<td width=\"157\"><span style=\"color: #333333;\">MTU2 1999HN<\/span><\/td>\n<td width=\"163\"><span style=\"color: #333333;\">Oda Sens\u00f6rl\u00fc,16A<\/span><\/td>\n<\/tr>\n<tr>\n<td width=\"157\"><span style=\"color: #333333;\">Montaj \u015eekli<\/span><\/td>\n<td width=\"163\"><span style=\"color: #333333;\">S\u0131va \u00dcst\u00fc<\/span><\/td>\n<\/tr>\n<tr>\n<td width=\"157\"><span style=\"color: #333333;\">Gerilimi<\/span><\/td>\n<td width=\"163\"><span style=\"color: #333333;\">230V, 50\/60 Hz<\/span><\/td>\n<\/tr>\n<tr>\n<td width=\"157\"><span style=\"color: #333333;\">Sigorta<\/span><\/td>\n<td width=\"163\"><span style=\"color: #333333;\">Yok<\/span><\/td>\n<\/tr>\n<tr>\n<td width=\"157\"><span style=\"color: #333333;\">S\u0131cakl\u0131k Ayar\u0131<\/span><\/td>\n<td width=\"163\"><span style=\"color: #333333;\">+5\/+40\u00b0C<\/span><\/td>\n<\/tr>\n<tr>\n<td width=\"157\"><span style=\"color: #333333;\">Gece Ayar\u0131 D\u00fc\u015f\u00fck De\u011fer<\/span><\/td>\n<td width=\"163\"><span style=\"color: #333333;\">5 \u00b0C<\/span><\/td>\n<\/tr>\n<tr>\n<td width=\"157\"><span style=\"color: #333333;\">LED G\u00f6sterge<\/span><\/td>\n<td width=\"163\"><span style=\"color: #333333;\">Enerji \u00c7ekerken yanar<\/span><\/td>\n<\/tr>\n<tr>\n<td width=\"157\"><span style=\"color: #333333;\">Koruma S\u0131n\u0131f\u0131<\/span><\/td>\n<td width=\"163\"><span style=\"color: #333333;\">IP 20<\/span><\/td>\n<\/tr>\n<tr>\n<td width=\"157\"><span style=\"color: #333333;\">Hassasiyet<\/span><\/td>\n<td width=\"163\"><span style=\"color: #333333;\">0.4 \u00b0C<\/span><\/td>\n<\/tr>\n<tr>\n<td width=\"157\"><span style=\"color: #333333;\">\u00d6l\u00e7\u00fcler<\/span><\/td>\n<td width=\"163\"><span style=\"color: #333333;\">84 x 84 x 28 mm<\/span><\/td>\n<\/tr>\n<\/tbody>\n<\/table>\n<p>&nbsp;<\/p>\n<p><span style=\"color: #333333;\">&#8211; MTU serisi termostatlar elektronik on\/off kontroll\u00fc cihazlard\u0131r.<\/span><\/p>\n<p><span style=\"color: #333333;\">&#8211; S\u0131n\u0131f II cihaz\u0131 olan bu \u00fcr\u00fcn \uf06aFaz (L) \uf06b\uf020N\u00f6tr (N) iletkenlerine ba\u011flanmal\u0131d\u0131r.<\/span><\/p>\n<p><span style=\"color: #333333;\">&#8211; MTU serisi 10A, 2007 y\u0131l\u0131nda \u00e7\u0131kan MTU serisi 16A kapasitesindedir.<\/span><\/p>\n<p><span style=\"color: #333333;\">&#8211; D\u00f6\u015feme sens\u00f6rl\u00fc olan MTU-MTU2 1991HN \u00f6zellikle \u0131slak zeminlerde tercih edilir.<\/span><\/p>\n<p><span style=\"color: #333333;\">&#8211; MTU 1991HN modeline 2300 watt kapasitesinde kablo(lar) direk olarak ba\u011flanabilir.<\/span><\/p>\n<p><span style=\"color: #333333;\">&#8211; MTU2 1991HN modeline 3600 watt kapasitesinde kablo(lar) direk olarak ba\u011flan\u0131r.<\/span><\/p>\n<p><span style=\"color: #333333;\">&#8211; Oda sens\u00f6rl\u00fc olan MTU 1999HN ve MTU2 1999HN oda \u0131s\u0131tmas\u0131nda tercih edilir.<\/span><\/p>\n<p><span style=\"color: #333333;\">&#8211; MTU 1999HN modeline 2300 watt kapasitesinde kablo(lar) direk olarak ba\u011flanabilir.<\/span><\/p>\n<p><span style=\"color: #333333;\">&#8211; MTU2 1999HN modeline 3600 watt kapasitesinde kablo(lar) direk olarak ba\u011flan\u0131r.<\/span><\/p>\n<p><span style=\"color: #333333;\">&#8211; MTU serisinin koruma s\u0131n\u0131f\u0131 20 olup nemden olumsuz etkilenir.<\/span><\/p>\n<p><span style=\"color: #333333;\">&#8211; Birden fazla kablo paralel ba\u011flanarak ilgili klemenslere girebilir.<\/span><\/p>\n<p><span style=\"color: #333333;\">&#8211; Zamanlay\u0131c\u0131 vas\u0131tas\u0131 ile d\u00fc\u015f\u00fck \u0131s\u0131 modunda ( gece ayar\u0131) \u00e7al\u0131\u015f\u0131r.<\/span><\/p>\n<p><span style=\"color: #333333;\">&#8211; Termostat s\u0131va \u00fcst\u00fc monte edilir.<\/span><\/p>\n<p><span style=\"color: #333333;\">&#8211; D\u00f6\u015feme veya oda s\u0131cakl\u0131k ayar\u0131 ayar d\u00fc\u011fmesi kullan\u0131larak yap\u0131l\u0131r.<\/span><\/p>\n<p><span style=\"color: #333333;\">&#8211; Elektrik \u00e7ekildi\u011fi an (ON durumu) termostat\u0131n \u00fczerindeki LED yanar aksi takdirde s\u00f6n\u00fck kal\u0131r.<\/span><\/p>\n<p>&nbsp;<\/p>\n","protected":false},"excerpt":{"rendered":"<p>\u00a0\u00a0OJ Electronics &#8211; MTU &nbsp; Model MTU 1991HN D\u00f6\u015feme Sens\u00f6rl\u00fc  [&#8230;]<\/p>\n","protected":false},"author":1,"featured_media":0,"parent":1364,"menu_order":0,"comment_status":"closed","ping_status":"closed","template":"page-custom.php","meta":{"footnotes":""},"class_list":["post-1447","page","type-page","status-publish","hentry"],"_links":{"self":[{"href":"https:\/\/isitmakablosu.com\/TR\/wp-json\/wp\/v2\/pages\/1447","targetHints":{"allow":["GET"]}}],"collection":[{"href":"https:\/\/isitmakablosu.com\/TR\/wp-json\/wp\/v2\/pages"}],"about":[{"href":"https:\/\/isitmakablosu.com\/TR\/wp-json\/wp\/v2\/types\/page"}],"author":[{"embeddable":true,"href":"https:\/\/isitmakablosu.com\/TR\/wp-json\/wp\/v2\/users\/1"}],"replies":[{"embeddable":true,"href":"https:\/\/isitmakablosu.com\/TR\/wp-json\/wp\/v2\/comments?post=1447"}],"version-history":[{"count":0,"href":"https:\/\/isitmakablosu.com\/TR\/wp-json\/wp\/v2\/pages\/1447\/revisions"}],"up":[{"embeddable":true,"href":"https:\/\/isitmakablosu.com\/TR\/wp-json\/wp\/v2\/pages\/1364"}],"wp:attachment":[{"href":"https:\/\/isitmakablosu.com\/TR\/wp-json\/wp\/v2\/media?parent=1447"}],"curies":[{"name":"wp","href":"https:\/\/api.w.org\/{rel}","templated":true}]}}