{"id":1458,"date":"2016-02-13T20:26:54","date_gmt":"2016-02-13T18:26:54","guid":{"rendered":"http:\/\/demo1.epbilisim.net\/?page_id=1458"},"modified":"2016-02-13T20:26:54","modified_gmt":"2016-02-13T18:26:54","slug":"otd","status":"publish","type":"page","link":"https:\/\/isitmakablosu.com\/TR\/urunler\/oj-electronics\/otd\/","title":{"rendered":"OTD"},"content":{"rendered":"<table>\n<tbody>\n<tr bgcolor=\"#F6F6F6\">\n<td width=\"1200\">\n<h4><strong><a href=\"http:\/\/isitmakablosu.com\/tr\/oj-electonics\/\">\u00a0\u00a0OJ Electronics<\/a>   &#8211;   OTD<\/h4>\n<\/td>\n<\/tr>\n<\/tbody>\n<\/table>\n<p>&nbsp;<br \/>\n<img decoding=\"async\" class=\"wp-image-1459 alignright\" src=\"http:\/\/isitmakablosu.com\/tr\/wp-content\/uploads\/2016\/02\/otd-300x300.jpg\" alt=\"otd\" width=\"222\" height=\"222\" srcset=\"https:\/\/isitmakablosu.com\/TR\/wp-content\/uploads\/2016\/02\/otd-66x66.jpg 66w, https:\/\/isitmakablosu.com\/TR\/wp-content\/uploads\/2016\/02\/otd-150x150.jpg 150w, https:\/\/isitmakablosu.com\/TR\/wp-content\/uploads\/2016\/02\/otd-200x200.jpg 200w, https:\/\/isitmakablosu.com\/TR\/wp-content\/uploads\/2016\/02\/otd-300x300.jpg 300w, https:\/\/isitmakablosu.com\/TR\/wp-content\/uploads\/2016\/02\/otd-400x400.jpg 400w, https:\/\/isitmakablosu.com\/TR\/wp-content\/uploads\/2016\/02\/otd.jpg 526w\" sizes=\"(max-width: 222px) 100vw, 222px\" \/><\/p>\n<table border=\"1\">\n<tbody>\n<tr>\n<td colspan=\"5\" width=\"650\"><span style=\"color: #748cd4;\"><strong>Model<\/strong><\/span><\/td>\n<\/tr>\n<tr>\n<td width=\"158\">OTD 1999 HN<\/td>\n<td width=\"164\">Oda Sens\u00f6r\u00fc<\/td>\n<\/tr>\n<tr>\n<td width=\"158\">Limitleyici Sens\u00f6r<\/td>\n<td width=\"164\">D\u00f6\u015feme Sens\u00f6r\u00fc<\/td>\n<\/tr>\n<tr>\n<td width=\"158\">R\u00f6le<\/td>\n<td width=\"164\">16A<\/td>\n<\/tr>\n<tr>\n<td width=\"158\">Koruma S\u0131n\u0131f\u0131<\/td>\n<td width=\"164\">IP 20<\/td>\n<\/tr>\n<tr>\n<td width=\"158\">Montaj \u015eekli<\/td>\n<td width=\"164\">S\u0131va Alt\u0131 (Flush Mount)<\/td>\n<\/tr>\n<tr>\n<td width=\"158\">Gerilimi<\/td>\n<td width=\"164\">230V, 50\/60 Hz<\/td>\n<\/tr>\n<tr>\n<td width=\"158\">Devre Kesici<\/td>\n<td width=\"164\">\u0130ki Kutup<\/td>\n<\/tr>\n<tr>\n<td width=\"158\">S\u0131cakl\u0131k Ayar\u0131<\/td>\n<td width=\"164\">+5\/+40\u00b0C<\/td>\n<\/tr>\n<tr>\n<td width=\"158\">Gece Ayar\u0131 D\u00fc\u015f\u00fck De- \u011fer<\/td>\n<td width=\"164\">2-8 \u00b0C<\/td>\n<\/tr>\n<tr>\n<td width=\"158\">LED G\u00f6sterge<\/td>\n<td width=\"164\">Enerji \u00c7ekerken aktif<\/td>\n<\/tr>\n<tr>\n<td width=\"158\">Koruma S\u0131n\u0131f\u0131<\/td>\n<td width=\"164\">IP 20<\/td>\n<\/tr>\n<tr>\n<td width=\"158\">Hassasiyet<\/td>\n<td width=\"164\">0.4 \u00b0C<\/td>\n<\/tr>\n<tr>\n<td width=\"158\">\u00d6l\u00e7\u00fcler<\/td>\n<td width=\"164\">80 x 80 x 50 mm<\/td>\n<\/tr>\n<\/tbody>\n<\/table>\n<p>&nbsp;<\/p>\n<p>&#8211; OTD modeli 16A kapasiteli elektronik on\/off kontroll\u00fc bir termostatt\u0131r.<\/p>\n<p>&#8211; Hem oda hem de s\u0131n\u0131rlay\u0131c\u0131 d\u00f6\u015feme sens\u00f6r\u00fc i\u00e7erir. Minumum s\u0131n\u0131rlama +15\/+30\u00b0C maximum s\u0131n\u0131rlama +25\/+50\u00b0C \u015feklindedir.<\/p>\n<p>&#8211; Ah\u015fap alt\u0131 elektrik yerden \u0131s\u0131tma sistemlerinin kontrol\u00fcnde kullan\u0131l\u0131r.<\/p>\n<p>&#8211; Is\u0131nmaya veya so\u011fumaya hassas olan y\u00fczey kaplama malzemelerinin elektrik yerden \u0131s\u0131tma sistemlerinin kontrol\u00fcnde kullan\u0131l\u0131r.<\/p>\n<p>&#8211; OTD 1999 HN modeline 3600 watt kapasitesinde kablo(lar) direk olarak ba\u011flan\u0131r.<\/p>\n<p>&#8211; OTD 1999HN modelinin koruma s\u0131n\u0131f\u0131 20 olup nemden olumsuz etkilenir. Amac\u0131 oda \u0131s\u0131tmas\u0131nda y\u00f6nelik oldu\u011fundan nemli ortama monte edilmemelidir.<\/p>\n<p>&#8211; Birden fazla kablo paralel olarak ilgili klemenslere girebilir.<\/p>\n<p>&#8211; Zamanlay\u0131c\u0131 vas\u0131tas\u0131 ile d\u00fc\u015f\u00fck \u0131s\u0131 modunda ( gece ayar\u0131) \u00e7al\u0131\u015f\u0131r.<\/p>\n<p>&#8211; Termostat duvar i\u00e7i veya \u00fcst\u00fc monte edilebilir.<\/p>\n<p>&#8211; D\u00f6\u015feme veya oda s\u0131cakl\u0131k ayar\u0131 ayar d\u00fc\u011fmesi kullan\u0131larak yap\u0131l\u0131r.<\/p>\n<p>&#8211; A\u00e7ma\/Kapama d\u00fc\u011fmesi vard\u0131r.<\/p>\n<p>&#8211; Elektrik \u00e7ekildi\u011fi an (ON durumu) termostat\u0131n \u00fczerindeki LED yanar aksi takdirde s\u00f6n\u00fck kal\u0131r.<\/p>\n","protected":false},"excerpt":{"rendered":"<p>\u00a0\u00a0OJ Electronics &#8211; OTD &nbsp; Model OTD 1999 HN Oda  [&#8230;]<\/p>\n","protected":false},"author":1,"featured_media":0,"parent":1364,"menu_order":0,"comment_status":"closed","ping_status":"closed","template":"page-custom.php","meta":{"footnotes":""},"class_list":["post-1458","page","type-page","status-publish","hentry"],"_links":{"self":[{"href":"https:\/\/isitmakablosu.com\/TR\/wp-json\/wp\/v2\/pages\/1458","targetHints":{"allow":["GET"]}}],"collection":[{"href":"https:\/\/isitmakablosu.com\/TR\/wp-json\/wp\/v2\/pages"}],"about":[{"href":"https:\/\/isitmakablosu.com\/TR\/wp-json\/wp\/v2\/types\/page"}],"author":[{"embeddable":true,"href":"https:\/\/isitmakablosu.com\/TR\/wp-json\/wp\/v2\/users\/1"}],"replies":[{"embeddable":true,"href":"https:\/\/isitmakablosu.com\/TR\/wp-json\/wp\/v2\/comments?post=1458"}],"version-history":[{"count":0,"href":"https:\/\/isitmakablosu.com\/TR\/wp-json\/wp\/v2\/pages\/1458\/revisions"}],"up":[{"embeddable":true,"href":"https:\/\/isitmakablosu.com\/TR\/wp-json\/wp\/v2\/pages\/1364"}],"wp:attachment":[{"href":"https:\/\/isitmakablosu.com\/TR\/wp-json\/wp\/v2\/media?parent=1458"}],"curies":[{"name":"wp","href":"https:\/\/api.w.org\/{rel}","templated":true}]}}