{"id":1462,"date":"2016-02-13T20:30:24","date_gmt":"2016-02-13T18:30:24","guid":{"rendered":"http:\/\/demo1.epbilisim.net\/?page_id=1462"},"modified":"2016-02-13T20:30:24","modified_gmt":"2016-02-13T18:30:24","slug":"otn2","status":"publish","type":"page","link":"https:\/\/isitmakablosu.com\/TR\/urunler\/oj-electronics\/otn2\/","title":{"rendered":"OTN2"},"content":{"rendered":"<table>\n<tbody>\n<tr bgcolor=\"#F6F6F6\">\n<td width=\"1200\">\n<h4><strong><a href=\"http:\/\/isitmakablosu.com\/tr\/oj-electonics\/\">\u00a0\u00a0OJ Electronics<\/a>   &#8211;   OTN 2<\/h4>\n<\/td>\n<\/tr>\n<\/tbody>\n<\/table>\n<p>&nbsp;<br \/>\n<img decoding=\"async\" class=\"wp-image-1463 alignright\" src=\"http:\/\/isitmakablosu.com\/tr\/wp-content\/uploads\/2016\/02\/otn2-300x300.jpg\" alt=\"otn2\" width=\"222\" height=\"190\" \/><\/p>\n<table border=\"1\">\n<tbody>\n<tr>\n<td colspan=\"5\" width=\"650\"><span style=\"color: #748cd4;\"><strong>Model<\/strong><\/span><\/td>\n<\/tr>\n<tr>\n<td width=\"157\">OTN2 1991<\/td>\n<td width=\"164\">D\u00f6\u015feme Sens\u00f6rl\u00fc, 16A<\/td>\n<\/tr>\n<tr>\n<td width=\"157\">OTN2 1999<\/td>\n<td width=\"164\">Oda Sens\u00f6rl\u00fc, 16A<\/td>\n<\/tr>\n<tr>\n<td width=\"157\">Koruma S\u0131n\u0131f\u0131<\/td>\n<td width=\"164\">2 modelde IP 21<\/td>\n<\/tr>\n<tr>\n<td width=\"157\">Montaj \u015eekli<\/td>\n<td width=\"164\">S\u0131va Alt\u0131 (Flush Mount)<\/td>\n<\/tr>\n<tr>\n<td width=\"157\">Gerilimi<\/td>\n<td width=\"164\">230V+10-15%50\/60 Hz<\/td>\n<\/tr>\n<tr>\n<td width=\"157\">Devre Kesici<\/td>\n<td width=\"164\">\u0130ki Kutup, 16A<\/td>\n<\/tr>\n<tr>\n<td width=\"157\">S\u0131cakl\u0131k Ayar\u0131<\/td>\n<td width=\"164\">+0\/+40\u00b0C<\/td>\n<\/tr>\n<tr>\n<td width=\"157\">Gece Ayar\u0131 D\u00fc\u015f\u00fck De\u011fer<\/td>\n<td width=\"164\">5 \u00b0C<\/td>\n<\/tr>\n<tr>\n<td width=\"157\">Hassasiyet<\/td>\n<td width=\"164\">0.4 \u00b0C<\/td>\n<\/tr>\n<tr>\n<td width=\"157\">\u00d6l\u00e7\u00fcler<\/td>\n<td width=\"164\">81 x 81 x 38 mm<\/td>\n<\/tr>\n<\/tbody>\n<\/table>\n<p>&nbsp;<\/p>\n<p>&#8211; OTN2 modeli 16A kapasiteli elektronik on\/off kontroll\u00fc bir termostatt\u0131r.<\/p>\n<p>&#8211; Dijital ekran\u0131 sayesinde s\u0131cakl\u0131k ayar\u0131n\u0131 en hassas \u015fekilde yapmak m\u00fcmk\u00fcnd\u00fcr.<\/p>\n<p>&#8211; D\u00f6\u015feme sens\u00f6rl\u00fc olan OTN2 1991\u00f6zellikle \u0131slak zeminlerde tercih edilir.<\/p>\n<p>&#8211; OTN2 serisi koruma s\u0131n\u0131f\u0131 21 olup banyo i\u00e7ine yerle\u015ftirilebilir.<\/p>\n<p>&#8211; Oda sens\u00f6rl\u00fc olan OTN2 1999 \u00f6zellikle oda \u0131s\u0131tmas\u0131nda tercih edilir.<\/p>\n<p>&#8211; 3600 watt kapasitesinde kablo(lar) direk olarak ba\u011flan\u0131r.<\/p>\n<p>&#8211; Birden fazla kablo paralel olarak ilgili klemenslere girebilir.<\/p>\n<p>&#8211; Zamanlay\u0131c\u0131 vas\u0131tas\u0131 ile d\u00fc\u015f\u00fck \u0131s\u0131 konumunda ( gece ayar\u0131) \u00e7al\u0131\u015f\u0131r.<\/p>\n<p>&#8211; Termostat duvar i\u00e7i veya \u00fcst\u00fc monte edilebilir.<\/p>\n<p>&#8211; D\u00f6\u015feme veya oda s\u0131cakl\u0131k ayar\u0131 ayar d\u00fc\u011fmesi kullan\u0131larak yap\u0131l\u0131r.<\/p>\n<p>&#8211; A\u00e7ma\/Kapama d\u00fc\u011fmesi vard\u0131r.<\/p>\n<p>&#8211; Elektrik \u00e7ekildi\u011fi an (ON durumu) termostat\u0131n \u00fczerindeki LED yanar aksi takdirde s\u00f6n\u00fck kal\u0131r.<\/p>\n","protected":false},"excerpt":{"rendered":"<p>\u00a0\u00a0OJ Electronics &#8211; OTN 2 &nbsp; Model OTN2 1991 D\u00f6\u015feme  [&#8230;]<\/p>\n","protected":false},"author":1,"featured_media":0,"parent":1364,"menu_order":0,"comment_status":"closed","ping_status":"closed","template":"page-custom.php","meta":{"footnotes":""},"class_list":["post-1462","page","type-page","status-publish","hentry"],"_links":{"self":[{"href":"https:\/\/isitmakablosu.com\/TR\/wp-json\/wp\/v2\/pages\/1462","targetHints":{"allow":["GET"]}}],"collection":[{"href":"https:\/\/isitmakablosu.com\/TR\/wp-json\/wp\/v2\/pages"}],"about":[{"href":"https:\/\/isitmakablosu.com\/TR\/wp-json\/wp\/v2\/types\/page"}],"author":[{"embeddable":true,"href":"https:\/\/isitmakablosu.com\/TR\/wp-json\/wp\/v2\/users\/1"}],"replies":[{"embeddable":true,"href":"https:\/\/isitmakablosu.com\/TR\/wp-json\/wp\/v2\/comments?post=1462"}],"version-history":[{"count":0,"href":"https:\/\/isitmakablosu.com\/TR\/wp-json\/wp\/v2\/pages\/1462\/revisions"}],"up":[{"embeddable":true,"href":"https:\/\/isitmakablosu.com\/TR\/wp-json\/wp\/v2\/pages\/1364"}],"wp:attachment":[{"href":"https:\/\/isitmakablosu.com\/TR\/wp-json\/wp\/v2\/media?parent=1462"}],"curies":[{"name":"wp","href":"https:\/\/api.w.org\/{rel}","templated":true}]}}