{"id":3027,"date":"2020-03-14T15:55:04","date_gmt":"2020-03-14T12:55:04","guid":{"rendered":"http:\/\/isitmakablosu.com\/TR\/?page_id=3027"},"modified":"2020-03-14T15:55:04","modified_gmt":"2020-03-14T12:55:04","slug":"fonksiyonellik","status":"publish","type":"page","link":"https:\/\/isitmakablosu.com\/TR\/fonksiyonellik\/","title":{"rendered":"Fonksiyonellik"},"content":{"rendered":"<div class=\"fusion-fullwidth fullwidth-box fusion-builder-row-1 nonhundred-percent-fullwidth non-hundred-percent-height-scrolling\" style=\"--awb-border-radius-top-left:0px;--awb-border-radius-top-right:0px;--awb-border-radius-bottom-right:0px;--awb-border-radius-bottom-left:0px;--awb-flex-wrap:wrap;\" ><div class=\"fusion-builder-row fusion-row\"><div class=\"fusion-layout-column fusion_builder_column fusion-builder-column-0 fusion_builder_column_1_1 1_1 fusion-one-full fusion-column-first fusion-column-last\" style=\"--awb-bg-size:cover;\"><div class=\"fusion-column-wrapper fusion-column-has-shadow fusion-flex-column-wrapper-legacy\"><div class=\"fusion-text fusion-text-1\"><p>Elektrikli yerden \u0131s\u0131tma sistemleri i\u00e7 ve d\u0131\u015f mekanlarda kolayl\u0131kla uygulan\u0131p bir \u00e7ok avantaj sa\u011flamaktad\u0131r. Eviniz de dekorasyon yada tadilat yapt\u0131r\u0131yorsan\u0131z, mevcut \u0131s\u0131tma sistemleriniz den memnun de\u011filseniz kalorifer petekleri ve borular g\u00f6rmek istemiyorsan\u0131z, d\u00f6\u015feme alt\u0131 \u0131s\u0131tma kablosu sistemlerini tercih edebilirsiniz.<\/p>\n<p><img decoding=\"async\" class=\"size-full wp-image-1712 aligncenter\" src=\"http:\/\/isitmakablosu.com\/TR\/wp-content\/uploads\/2016\/02\/fonks.jpg\" alt=\"\" width=\"500\" height=\"100\" srcset=\"https:\/\/isitmakablosu.com\/TR\/wp-content\/uploads\/2016\/02\/fonks-200x40.jpg 200w, https:\/\/isitmakablosu.com\/TR\/wp-content\/uploads\/2016\/02\/fonks-300x60.jpg 300w, https:\/\/isitmakablosu.com\/TR\/wp-content\/uploads\/2016\/02\/fonks-400x80.jpg 400w, https:\/\/isitmakablosu.com\/TR\/wp-content\/uploads\/2016\/02\/fonks.jpg 500w\" sizes=\"(max-width: 500px) 100vw, 500px\" \/><\/p>\n<p>Is\u0131 t\u00fcm d\u00f6\u015femeye homojen bir \u015fekilde yay\u0131ld\u0131\u011f\u0131ndan ihtiya\u00e7 duyulan s\u0131cakl\u0131k, normal radyat\u00f6rlerin gerektir di\u011finden \u00e7ok daha azd\u0131r. Ara\u015ft\u0131rmalar, d\u00fc\u015f\u00fck dereceli \u0131s\u0131tma sistemi kullan\u0131c\u0131lar\u0131n\u0131n oda s\u0131cakl\u0131\u011f\u0131 ve hava kalitesinden \u00e7ok memnun oldu\u011funu g\u00f6stermektedir. Sa\u011flanan termal konfor, klasik radyat\u00f6r sistemlerine k\u0131yasla \u00e7ok y\u00fcksektir.<\/p>\n<p>Zorlu k\u0131\u015f \u00a0\u015fartlar\u0131nda otopark ve yaya y\u00fcr\u00fcy\u00fc\u015f yollar\u0131nda buzlanmay\u0131, \u00e7at\u0131larda olu\u015fabilecek sark\u0131tlar\u0131 borularda, a\u00e7\u0131k havada bulunan su tanklar\u0131nda olu\u015fabilecek donmay\u0131 engellemede kullanabilirsiniz.<\/p>\n<ul>\n<li>Kurulumu kolayd\u0131r, k\u0131sa zamanda uygulan\u0131r.<\/li>\n<li>Bak\u0131m gerektirmez.<\/li>\n<li>Yer kaplamaz.<\/li>\n<li>Sa\u011fl\u0131kl\u0131d\u0131r.<\/li>\n<li>G\u00fcvenlidir.<\/li>\n<li>B\u00f6lgesel kontrol sa\u011flanabilir.<\/li>\n<\/ul>\n<\/div><div class=\"fusion-clearfix\"><\/div><\/div><\/div><\/div><\/div>\n","protected":false},"excerpt":{"rendered":"","protected":false},"author":1,"featured_media":0,"parent":0,"menu_order":0,"comment_status":"closed","ping_status":"closed","template":"","meta":{"footnotes":""},"class_list":["post-3027","page","type-page","status-publish","hentry"],"_links":{"self":[{"href":"https:\/\/isitmakablosu.com\/TR\/wp-json\/wp\/v2\/pages\/3027","targetHints":{"allow":["GET"]}}],"collection":[{"href":"https:\/\/isitmakablosu.com\/TR\/wp-json\/wp\/v2\/pages"}],"about":[{"href":"https:\/\/isitmakablosu.com\/TR\/wp-json\/wp\/v2\/types\/page"}],"author":[{"embeddable":true,"href":"https:\/\/isitmakablosu.com\/TR\/wp-json\/wp\/v2\/users\/1"}],"replies":[{"embeddable":true,"href":"https:\/\/isitmakablosu.com\/TR\/wp-json\/wp\/v2\/comments?post=3027"}],"version-history":[{"count":1,"href":"https:\/\/isitmakablosu.com\/TR\/wp-json\/wp\/v2\/pages\/3027\/revisions"}],"predecessor-version":[{"id":3028,"href":"https:\/\/isitmakablosu.com\/TR\/wp-json\/wp\/v2\/pages\/3027\/revisions\/3028"}],"wp:attachment":[{"href":"https:\/\/isitmakablosu.com\/TR\/wp-json\/wp\/v2\/media?parent=3027"}],"curies":[{"name":"wp","href":"https:\/\/api.w.org\/{rel}","templated":true}]}}