{"id":3067,"date":"2020-03-14T16:22:41","date_gmt":"2020-03-14T13:22:41","guid":{"rendered":"http:\/\/isitmakablosu.com\/TR\/?page_id=3067"},"modified":"2020-03-14T16:22:41","modified_gmt":"2020-03-14T13:22:41","slug":"occ-2","status":"publish","type":"page","link":"https:\/\/isitmakablosu.com\/TR\/urunler\/oj-electronics\/occ-2\/","title":{"rendered":"OCC 2"},"content":{"rendered":"<div class=\"fusion-fullwidth fullwidth-box fusion-builder-row-1 nonhundred-percent-fullwidth non-hundred-percent-height-scrolling\" style=\"--awb-border-radius-top-left:0px;--awb-border-radius-top-right:0px;--awb-border-radius-bottom-right:0px;--awb-border-radius-bottom-left:0px;--awb-flex-wrap:wrap;\" ><div class=\"fusion-builder-row fusion-row\"><div class=\"fusion-layout-column fusion_builder_column fusion-builder-column-0 fusion_builder_column_3_4 3_4 fusion-three-fourth fusion-column-first\" style=\"--awb-bg-size:cover;width:75%;width:calc(75% - ( ( 4% ) * 0.75 ) );margin-right: 4%;\"><div class=\"fusion-column-wrapper fusion-column-has-shadow fusion-flex-column-wrapper-legacy\"><div class=\"fusion-text fusion-text-1\"><table>\n<tbody>\n<tr bgcolor=\"#F6F6F6\">\n<td width=\"1200\">\n<h4><strong><a href=\"http:\/\/isitmakablosu.com\/TR\/oj-electonics\/\">\u00a0\u00a0OJ Electronics<\/a> &#8211; OCC 2<\/strong><\/h4>\n<\/td>\n<\/tr>\n<\/tbody>\n<\/table>\n<p><img decoding=\"async\" class=\"wp-image-1487 alignright\" src=\"http:\/\/isitmakablosu.com\/TR\/wp-content\/uploads\/2016\/02\/occ22.jpg\" alt=\"occ22\" width=\"222\" height=\"305\" srcset=\"https:\/\/isitmakablosu.com\/TR\/wp-content\/uploads\/2016\/02\/occ22-200x275.jpg 200w, https:\/\/isitmakablosu.com\/TR\/wp-content\/uploads\/2016\/02\/occ22-218x300.jpg 218w, https:\/\/isitmakablosu.com\/TR\/wp-content\/uploads\/2016\/02\/occ22-400x550.jpg 400w, https:\/\/isitmakablosu.com\/TR\/wp-content\/uploads\/2016\/02\/occ22.jpg 450w\" sizes=\"(max-width: 222px) 100vw, 222px\" \/><\/p>\n<table border=\"1\">\n<tbody>\n<tr>\n<td colspan=\"5\" width=\"650\"><span style=\"color: #748cd4;\"><strong>Model<\/strong><\/span><\/td>\n<\/tr>\n<tr>\n<td width=\"157\">OCC2-1991 H1<\/td>\n<td width=\"164\">D\u00f6\u015feme Sens\u00f6rl\u00fc, 16A<\/td>\n<\/tr>\n<tr>\n<td width=\"157\">Koruma S\u0131n\u0131f\u0131<\/td>\n<td width=\"164\">IP 21<\/td>\n<\/tr>\n<tr>\n<td width=\"157\">OCC2-1999 H1<\/td>\n<td width=\"164\">Oda Sens\u00f6rl\u00fc, 16A<\/td>\n<\/tr>\n<tr>\n<td width=\"157\">Koruma S\u0131n\u0131f\u0131<\/td>\n<td width=\"164\">IP 21<\/td>\n<\/tr>\n<tr>\n<td width=\"157\">Montaj \u015eekli<\/td>\n<td width=\"164\">S\u0131va Alt\u0131 (Flush Mount)<\/td>\n<\/tr>\n<tr>\n<td width=\"157\">Gerilimi<\/td>\n<td width=\"164\">230V, 50\/60 Hz<\/td>\n<\/tr>\n<tr>\n<td width=\"157\">Devre Kesici<\/td>\n<td width=\"164\">2 Kutup, 16A<\/td>\n<\/tr>\n<tr>\n<td width=\"157\">S\u0131cakl\u0131k Ayar\u0131<\/td>\n<td width=\"164\">+5\/+40\u00b0C<\/td>\n<\/tr>\n<tr>\n<td width=\"157\">Gece Ayar\u0131 D\u00fc\u015f\u00fck De- \u011fer<\/td>\n<td width=\"164\">5 \u00b0C<\/td>\n<\/tr>\n<tr>\n<td width=\"157\">Saat Fonksiyonu<\/td>\n<td width=\"164\">4-Dilim program\u0131<\/td>\n<\/tr>\n<tr>\n<td width=\"157\">Hassasiyet<\/td>\n<td width=\"164\">0.4 \u00b0C<\/td>\n<\/tr>\n<tr>\n<td width=\"157\">\u00d6l\u00e7\u00fcler<\/td>\n<td width=\"164\">80 x 80 x 48 mm<\/td>\n<\/tr>\n<\/tbody>\n<\/table>\n<p>&#8211; OCC2 modeli 16A kapasiteli elektronik on\/off kontroll\u00fc bir termostatt\u0131r.<\/p>\n<p>&#8211; Termostat 4-zaman diliminde farkl\u0131 s\u0131cakl\u0131k ayar\u0131 ile \u00e7al\u0131\u015facak \u015fekilde programlanabilir.<\/p>\n<p>&#8211; Dilim ayar\u0131 4-tarife dilimli elektronik saya\u00e7lara uyarlanabilir.<\/p>\n<p>&#8211; Tam ev veya ofis \u0131s\u0131tmas\u0131 i\u00e7in idealdir.<\/p>\n<p>&#8211; Dijital ekran\u0131 sayesinde s\u0131cakl\u0131k ayar\u0131n\u0131 en hassas \u015fekilde yapmak m\u00fcmk\u00fcnd\u00fcr.<\/p>\n<p>&#8211; OCC2-1999 H1 modeli oda, OCC2-1991 H1banyo \u0131s\u0131tmas\u0131nda kullan\u0131l\u0131r.<\/p>\n<p>&#8211; OCC2 serisinin koruma s\u0131n\u0131f\u0131 21 olup banyo i\u00e7ine yerle\u015ftirilebilir.<\/p>\n<p>&#8211; 2900 watt kapasitesinde kablo(lar) direk olarak ba\u011flan\u0131r.<\/p>\n<p>&#8211; Birden fazla kablo paralel olarak ilgili klemenslere girebilir.<\/p>\n<p>&#8211; Zamanlay\u0131c\u0131 vas\u0131tas\u0131 ile d\u00fc\u015f\u00fck \u0131s\u0131 konumunda ( gece ayar\u0131) \u00e7al\u0131\u015f\u0131r.<\/p>\n<p>&#8211; Termostat duvar i\u00e7i veya \u00fcst\u00fc monte edilebilir.<\/p>\n<p>&#8211; D\u00f6\u015feme veya oda s\u0131cakl\u0131k ayar\u0131 ayar d\u00fc\u011fmesi kullan\u0131larak yap\u0131l\u0131r.<\/p>\n<p>&#8211; A\u00e7ma\/Kapama d\u00fc\u011fmesi vard\u0131r.<\/p>\n<p>&#8211; D\u00fcz beyaz veya koyu renk al\u00fcminyum \u00e7er\u00e7eveli modelleri mevcuttur. Renkli modellerde E2 uzant\u0131s\u0131 vard\u0131r;\u00a0OCC2-1991H1-E2 veya OCC2-1999 H1-E2<\/p>\n<\/div><div class=\"fusion-clearfix\"><\/div><\/div><\/div><div class=\"fusion-layout-column fusion_builder_column fusion-builder-column-1 fusion_builder_column_1_4 1_4 fusion-one-fourth fusion-column-last\" style=\"--awb-bg-size:cover;width:25%;width:calc(25% - ( ( 4% ) * 0.25 ) );\"><div class=\"fusion-column-wrapper fusion-column-has-shadow fusion-flex-column-wrapper-legacy\"><div class=\"fusion-widget-area awb-widget-area-element fusion-widget-area-1 fusion-content-widget-area\" style=\"--awb-title-color:#333333;--awb-padding:0px 0px 0px 0px;\"><div id=\"nav_menu-3\" class=\"widget widget_nav_menu\"><div class=\"menu-oj-container\"><ul id=\"menu-oj\" class=\"menu\"><li id=\"menu-item-3062\" class=\"menu-item menu-item-type-post_type menu-item-object-page menu-item-3062\"><a href=\"https:\/\/isitmakablosu.com\/TR\/urunler\/oj-electronics\/mtu\/\">MTU<\/a><\/li>\n<li id=\"menu-item-3065\" class=\"menu-item menu-item-type-post_type menu-item-object-page menu-item-3065\"><a href=\"https:\/\/isitmakablosu.com\/TR\/urunler\/oj-electronics\/otn\/\">OTN<\/a><\/li>\n<li id=\"menu-item-3066\" class=\"menu-item menu-item-type-post_type menu-item-object-page menu-item-3066\"><a href=\"https:\/\/isitmakablosu.com\/TR\/urunler\/oj-electronics\/otn2\/\">OTN2<\/a><\/li>\n<li id=\"menu-item-3069\" class=\"menu-item menu-item-type-post_type menu-item-object-page menu-item-3069\"><a href=\"https:\/\/isitmakablosu.com\/TR\/urunler\/oj-electronics\/occ-2\/\">OCC 2<\/a><\/li>\n<li id=\"menu-item-3102\" class=\"menu-item menu-item-type-post_type menu-item-object-page menu-item-3102\"><a href=\"https:\/\/isitmakablosu.com\/TR\/urunler\/oj-electronics\/ocd-2\/\">OCD 2<\/a><\/li>\n<li id=\"menu-item-3063\" class=\"menu-item menu-item-type-post_type menu-item-object-page menu-item-3063\"><a href=\"https:\/\/isitmakablosu.com\/TR\/urunler\/oj-electronics\/otd\/\">OTD<\/a><\/li>\n<li id=\"menu-item-3064\" class=\"menu-item menu-item-type-post_type menu-item-object-page menu-item-3064\"><a href=\"https:\/\/isitmakablosu.com\/TR\/urunler\/oj-electronics\/otd2\/\">OTD2<\/a><\/li>\n<li id=\"menu-item-3101\" class=\"menu-item menu-item-type-post_type menu-item-object-page menu-item-3101\"><a href=\"https:\/\/isitmakablosu.com\/TR\/urunler\/oj-electronics\/etv\/\">ETV<\/a><\/li>\n<li id=\"menu-item-3096\" class=\"menu-item menu-item-type-post_type menu-item-object-page menu-item-3096\"><a href=\"https:\/\/isitmakablosu.com\/TR\/urunler\/oj-electronics\/eti-1221-2\/\">ETI 1221<\/a><\/li>\n<li id=\"menu-item-3097\" class=\"menu-item menu-item-type-post_type menu-item-object-page menu-item-3097\"><a href=\"https:\/\/isitmakablosu.com\/TR\/urunler\/oj-electronics\/eti-1551\/\">ETI 1551<\/a><\/li>\n<li id=\"menu-item-3098\" class=\"menu-item menu-item-type-post_type menu-item-object-page menu-item-3098\"><a href=\"https:\/\/isitmakablosu.com\/TR\/urunler\/oj-electronics\/etn-2\/\">ETN<\/a><\/li>\n<li id=\"menu-item-3099\" class=\"menu-item menu-item-type-post_type menu-item-object-page menu-item-3099\"><a href=\"https:\/\/isitmakablosu.com\/TR\/urunler\/oj-electronics\/eto2-4550\/\">ETO2 4550<\/a><\/li>\n<li id=\"menu-item-3100\" class=\"menu-item menu-item-type-post_type menu-item-object-page menu-item-3100\"><a href=\"https:\/\/isitmakablosu.com\/TR\/urunler\/oj-electronics\/etr2\/\">ETR2<\/a><\/li>\n<li id=\"menu-item-3103\" class=\"menu-item menu-item-type-post_type menu-item-object-page menu-item-3103\"><a href=\"https:\/\/isitmakablosu.com\/TR\/urunler\/oj-electronics\/sensorler\/\">Sens\u00f6rler<\/a><\/li>\n<\/ul><\/div><\/div><div class=\"fusion-additional-widget-content\"><\/div><\/div><div class=\"fusion-clearfix\"><\/div><\/div><\/div><\/div><\/div>\n","protected":false},"excerpt":{"rendered":"","protected":false},"author":1,"featured_media":0,"parent":1364,"menu_order":0,"comment_status":"closed","ping_status":"closed","template":"","meta":{"footnotes":""},"class_list":["post-3067","page","type-page","status-publish","hentry"],"_links":{"self":[{"href":"https:\/\/isitmakablosu.com\/TR\/wp-json\/wp\/v2\/pages\/3067","targetHints":{"allow":["GET"]}}],"collection":[{"href":"https:\/\/isitmakablosu.com\/TR\/wp-json\/wp\/v2\/pages"}],"about":[{"href":"https:\/\/isitmakablosu.com\/TR\/wp-json\/wp\/v2\/types\/page"}],"author":[{"embeddable":true,"href":"https:\/\/isitmakablosu.com\/TR\/wp-json\/wp\/v2\/users\/1"}],"replies":[{"embeddable":true,"href":"https:\/\/isitmakablosu.com\/TR\/wp-json\/wp\/v2\/comments?post=3067"}],"version-history":[{"count":1,"href":"https:\/\/isitmakablosu.com\/TR\/wp-json\/wp\/v2\/pages\/3067\/revisions"}],"predecessor-version":[{"id":3068,"href":"https:\/\/isitmakablosu.com\/TR\/wp-json\/wp\/v2\/pages\/3067\/revisions\/3068"}],"up":[{"embeddable":true,"href":"https:\/\/isitmakablosu.com\/TR\/wp-json\/wp\/v2\/pages\/1364"}],"wp:attachment":[{"href":"https:\/\/isitmakablosu.com\/TR\/wp-json\/wp\/v2\/media?parent=3067"}],"curies":[{"name":"wp","href":"https:\/\/api.w.org\/{rel}","templated":true}]}}