{"id":3076,"date":"2020-03-14T16:28:15","date_gmt":"2020-03-14T13:28:15","guid":{"rendered":"http:\/\/isitmakablosu.com\/TR\/?page_id=3076"},"modified":"2020-03-14T16:37:10","modified_gmt":"2020-03-14T13:37:10","slug":"etv","status":"publish","type":"page","link":"https:\/\/isitmakablosu.com\/TR\/urunler\/oj-electronics\/etv\/","title":{"rendered":"ETV"},"content":{"rendered":"<div class=\"fusion-fullwidth fullwidth-box fusion-builder-row-1 nonhundred-percent-fullwidth non-hundred-percent-height-scrolling\" style=\"--awb-border-radius-top-left:0px;--awb-border-radius-top-right:0px;--awb-border-radius-bottom-right:0px;--awb-border-radius-bottom-left:0px;--awb-flex-wrap:wrap;\" ><div class=\"fusion-builder-row fusion-row\"><div class=\"fusion-layout-column fusion_builder_column fusion-builder-column-0 fusion_builder_column_3_4 3_4 fusion-three-fourth fusion-column-first\" style=\"--awb-bg-size:cover;width:75%;width:calc(75% - ( ( 4% ) * 0.75 ) );margin-right: 4%;\"><div class=\"fusion-column-wrapper fusion-column-has-shadow fusion-flex-column-wrapper-legacy\"><div class=\"fusion-text fusion-text-1\"><table>\n<tbody>\n<tr bgcolor=\"#F6F6F6\">\n<td width=\"1200\">\n<h4><strong><a href=\"http:\/\/isitmakablosu.com\/tr\/oj-electonics\/\">\u00a0\u00a0OJ Electronics<\/a>   &#8211;   ETV<\/h4>\n<\/td>\n<\/tr>\n<\/tbody>\n<\/table>\n<p>&nbsp;<br \/>\n<img decoding=\"async\" class=\"wp-image-1506 alignright\" src=\"http:\/\/isitmakablosu.com\/TR\/wp-content\/uploads\/2016\/02\/etv11.jpg\" alt=\"etv11\" width=\"222\" height=\"205\" srcset=\"https:\/\/isitmakablosu.com\/TR\/wp-content\/uploads\/2016\/02\/etv11-200x185.jpg 200w, https:\/\/isitmakablosu.com\/TR\/wp-content\/uploads\/2016\/02\/etv11-300x277.jpg 300w, https:\/\/isitmakablosu.com\/TR\/wp-content\/uploads\/2016\/02\/etv11.jpg 327w\" sizes=\"(max-width: 222px) 100vw, 222px\" \/><\/p>\n<table border=\"1\">\n<tbody>\n<tr>\n<td colspan=\"5\" width=\"650\"><span style=\"color: #748cd4;\"><strong>Model<\/strong><\/span><\/td>\n<\/tr>\n<tr>\n<td width=\"179\">ETV-1999<\/td>\n<td width=\"146\">Uzak Oda Sens\u00f6r\u00fc<\/td>\n<\/tr>\n<tr>\n<td width=\"179\">ETV-1991<\/td>\n<td width=\"146\">D\u00f6\u015feme Sens\u00f6r\u00fc<\/td>\n<\/tr>\n<tr>\n<td width=\"179\">R\u00f6le<\/td>\n<td width=\"146\">16A<\/td>\n<\/tr>\n<tr>\n<td width=\"179\">Koruma S\u0131n\u0131f\u0131<\/td>\n<td width=\"146\">IP 20<\/td>\n<\/tr>\n<tr>\n<td width=\"179\">Montaj \u015eekli<\/td>\n<td width=\"146\">Pano i\u00e7i rayl\u0131<\/td>\n<\/tr>\n<tr>\n<td width=\"179\">Gerilimi<\/td>\n<td width=\"146\">230V, 50\/60 Hz<\/td>\n<\/tr>\n<tr>\n<td width=\"179\">Devre Kesici<\/td>\n<td width=\"146\">\u0130ki Kutup<\/td>\n<\/tr>\n<tr>\n<td width=\"179\">S\u0131cakl\u0131k Ayar\u0131<\/td>\n<td width=\"146\">+0\/+40\u00b0C<\/td>\n<\/tr>\n<tr>\n<td width=\"179\">Gece Ayar\u0131 D\u00fc\u015f\u00fck De\u011fer<\/td>\n<td width=\"146\">5 \u00b0C<\/td>\n<\/tr>\n<tr>\n<td width=\"179\">Enerji T\u00fcketimi<\/td>\n<td width=\"146\">3 VA<\/td>\n<\/tr>\n<tr>\n<td width=\"179\">Hassasiyet<\/td>\n<td width=\"146\">0.4 \u00b0C aras\u0131<\/td>\n<\/tr>\n<tr>\n<td width=\"179\">\u00d6l\u00e7\u00fcler<\/td>\n<td width=\"146\">88 x 36 x 58 mm<\/td>\n<\/tr>\n<\/tbody>\n<\/table>\n<p>&nbsp;<\/p>\n<p>&#8211; ETV serisi oda veya d\u00f6\u015feme sens\u00f6r\u00fc ile kullan\u0131labilen elektronik on\/off kontroll\u00fc pano i\u00e7i bir termostatt\u0131r.<\/p>\n<p>&#8211; Pano i\u00e7i termostatlar otel odas\u0131 veya fuaye gibi termostat\u0131n kolay eri\u015filebilir noktada olmas\u0131n\u0131n istenmedi\u011fi durumlarda tercih edilir.<\/p>\n<p>&#8211; D\u00f6\u015feme sens\u00f6rl\u00fc olan ETN\/F-2P-1441 \u00f6zellikle \u0131slak zeminlerde tercih edilir.<\/p>\n<p>&#8211; ETN serisinin koruma s\u0131n\u0131f\u0131 20 olup banyo i\u00e7ine yerle\u015ftirilemez.<\/p>\n<p>&#8211; ETN serisinin modelleri 16A kapasitesindedir.<\/p>\n<p>&#8211; Uzak oda sens\u00f6rl\u00fc olan ETN\/F-2P-1449 \u00f6zellikle oda \u0131s\u0131tmas\u0131nda tercih edilir.<\/p>\n<p>&#8211; ETN serisinin modellerine 3600 watt kapasitesinde kablo(lar) direk olarak ba\u011flan\u0131r.<\/p>\n<p>&#8211; Zamanlay\u0131c\u0131 vas\u0131tas\u0131 ile d\u00fc\u015f\u00fck \u0131s\u0131 modunda ( gece ayar\u0131) \u00e7al\u0131\u015f\u0131r.<\/p>\n<p>&#8211; Termostat duvar \u00fcst\u00fc monte edilebilir.<\/p>\n<p>&#8211; D\u00f6\u015feme veya oda s\u0131cakl\u0131k ayar\u0131 ayar d\u00fc\u011fmesi kullan\u0131larak yap\u0131l\u0131r.<\/p>\n<p>&#8211; A\u00e7ma\/Kapama d\u00fc\u011fmesi yoktur.<\/p>\n<p>&#8211; Elektrik \u00e7ekildi\u011fi an (ON durumu) termostat\u0131n \u00fczerindeki LED yanar aksi takdirde s\u00f6n\u00fck kal\u0131r.<\/p>\n<\/div><div class=\"fusion-clearfix\"><\/div><\/div><\/div><div class=\"fusion-layout-column fusion_builder_column fusion-builder-column-1 fusion_builder_column_1_4 1_4 fusion-one-fourth fusion-column-last\" style=\"--awb-bg-size:cover;width:25%;width:calc(25% - ( ( 4% ) * 0.25 ) );\"><div class=\"fusion-column-wrapper fusion-column-has-shadow fusion-flex-column-wrapper-legacy\"><div class=\"fusion-widget-area awb-widget-area-element fusion-widget-area-1 fusion-content-widget-area\" style=\"--awb-title-color:#333333;--awb-padding:0px 0px 0px 0px;\"><div id=\"nav_menu-3\" class=\"widget widget_nav_menu\"><div class=\"menu-oj-container\"><ul id=\"menu-oj\" class=\"menu\"><li id=\"menu-item-3062\" class=\"menu-item menu-item-type-post_type menu-item-object-page menu-item-3062\"><a href=\"https:\/\/isitmakablosu.com\/TR\/urunler\/oj-electronics\/mtu\/\">MTU<\/a><\/li>\n<li id=\"menu-item-3065\" class=\"menu-item menu-item-type-post_type menu-item-object-page menu-item-3065\"><a href=\"https:\/\/isitmakablosu.com\/TR\/urunler\/oj-electronics\/otn\/\">OTN<\/a><\/li>\n<li id=\"menu-item-3066\" class=\"menu-item menu-item-type-post_type menu-item-object-page menu-item-3066\"><a href=\"https:\/\/isitmakablosu.com\/TR\/urunler\/oj-electronics\/otn2\/\">OTN2<\/a><\/li>\n<li id=\"menu-item-3069\" class=\"menu-item menu-item-type-post_type menu-item-object-page menu-item-3069\"><a href=\"https:\/\/isitmakablosu.com\/TR\/urunler\/oj-electronics\/occ-2\/\">OCC 2<\/a><\/li>\n<li id=\"menu-item-3102\" class=\"menu-item menu-item-type-post_type menu-item-object-page menu-item-3102\"><a href=\"https:\/\/isitmakablosu.com\/TR\/urunler\/oj-electronics\/ocd-2\/\">OCD 2<\/a><\/li>\n<li id=\"menu-item-3063\" class=\"menu-item menu-item-type-post_type menu-item-object-page menu-item-3063\"><a href=\"https:\/\/isitmakablosu.com\/TR\/urunler\/oj-electronics\/otd\/\">OTD<\/a><\/li>\n<li id=\"menu-item-3064\" class=\"menu-item menu-item-type-post_type menu-item-object-page menu-item-3064\"><a href=\"https:\/\/isitmakablosu.com\/TR\/urunler\/oj-electronics\/otd2\/\">OTD2<\/a><\/li>\n<li id=\"menu-item-3101\" class=\"menu-item menu-item-type-post_type menu-item-object-page menu-item-3101\"><a href=\"https:\/\/isitmakablosu.com\/TR\/urunler\/oj-electronics\/etv\/\">ETV<\/a><\/li>\n<li id=\"menu-item-3096\" class=\"menu-item menu-item-type-post_type menu-item-object-page menu-item-3096\"><a href=\"https:\/\/isitmakablosu.com\/TR\/urunler\/oj-electronics\/eti-1221-2\/\">ETI 1221<\/a><\/li>\n<li id=\"menu-item-3097\" class=\"menu-item menu-item-type-post_type menu-item-object-page menu-item-3097\"><a href=\"https:\/\/isitmakablosu.com\/TR\/urunler\/oj-electronics\/eti-1551\/\">ETI 1551<\/a><\/li>\n<li id=\"menu-item-3098\" class=\"menu-item menu-item-type-post_type menu-item-object-page menu-item-3098\"><a href=\"https:\/\/isitmakablosu.com\/TR\/urunler\/oj-electronics\/etn-2\/\">ETN<\/a><\/li>\n<li id=\"menu-item-3099\" class=\"menu-item menu-item-type-post_type menu-item-object-page menu-item-3099\"><a href=\"https:\/\/isitmakablosu.com\/TR\/urunler\/oj-electronics\/eto2-4550\/\">ETO2 4550<\/a><\/li>\n<li id=\"menu-item-3100\" class=\"menu-item menu-item-type-post_type menu-item-object-page menu-item-3100\"><a href=\"https:\/\/isitmakablosu.com\/TR\/urunler\/oj-electronics\/etr2\/\">ETR2<\/a><\/li>\n<li id=\"menu-item-3103\" class=\"menu-item menu-item-type-post_type menu-item-object-page menu-item-3103\"><a href=\"https:\/\/isitmakablosu.com\/TR\/urunler\/oj-electronics\/sensorler\/\">Sens\u00f6rler<\/a><\/li>\n<\/ul><\/div><\/div><div class=\"fusion-additional-widget-content\"><\/div><\/div><div class=\"fusion-clearfix\"><\/div><\/div><\/div><\/div><\/div>\n","protected":false},"excerpt":{"rendered":"","protected":false},"author":1,"featured_media":0,"parent":1364,"menu_order":0,"comment_status":"closed","ping_status":"closed","template":"","meta":{"footnotes":""},"class_list":["post-3076","page","type-page","status-publish","hentry"],"_links":{"self":[{"href":"https:\/\/isitmakablosu.com\/TR\/wp-json\/wp\/v2\/pages\/3076","targetHints":{"allow":["GET"]}}],"collection":[{"href":"https:\/\/isitmakablosu.com\/TR\/wp-json\/wp\/v2\/pages"}],"about":[{"href":"https:\/\/isitmakablosu.com\/TR\/wp-json\/wp\/v2\/types\/page"}],"author":[{"embeddable":true,"href":"https:\/\/isitmakablosu.com\/TR\/wp-json\/wp\/v2\/users\/1"}],"replies":[{"embeddable":true,"href":"https:\/\/isitmakablosu.com\/TR\/wp-json\/wp\/v2\/comments?post=3076"}],"version-history":[{"count":2,"href":"https:\/\/isitmakablosu.com\/TR\/wp-json\/wp\/v2\/pages\/3076\/revisions"}],"predecessor-version":[{"id":3078,"href":"https:\/\/isitmakablosu.com\/TR\/wp-json\/wp\/v2\/pages\/3076\/revisions\/3078"}],"up":[{"embeddable":true,"href":"https:\/\/isitmakablosu.com\/TR\/wp-json\/wp\/v2\/pages\/1364"}],"wp:attachment":[{"href":"https:\/\/isitmakablosu.com\/TR\/wp-json\/wp\/v2\/media?parent=3076"}],"curies":[{"name":"wp","href":"https:\/\/api.w.org\/{rel}","templated":true}]}}