{"id":3087,"date":"2020-03-14T16:33:00","date_gmt":"2020-03-14T13:33:00","guid":{"rendered":"http:\/\/isitmakablosu.com\/TR\/?page_id=3087"},"modified":"2020-03-14T16:37:10","modified_gmt":"2020-03-14T13:37:10","slug":"eto2-4550","status":"publish","type":"page","link":"https:\/\/isitmakablosu.com\/TR\/urunler\/oj-electronics\/eto2-4550\/","title":{"rendered":"ETO2 4550"},"content":{"rendered":"<div class=\"fusion-fullwidth fullwidth-box fusion-builder-row-1 nonhundred-percent-fullwidth non-hundred-percent-height-scrolling\" style=\"--awb-border-radius-top-left:0px;--awb-border-radius-top-right:0px;--awb-border-radius-bottom-right:0px;--awb-border-radius-bottom-left:0px;--awb-flex-wrap:wrap;\" ><div class=\"fusion-builder-row fusion-row\"><div class=\"fusion-layout-column fusion_builder_column fusion-builder-column-0 fusion_builder_column_3_4 3_4 fusion-three-fourth fusion-column-first\" style=\"--awb-bg-size:cover;width:75%;width:calc(75% - ( ( 4% ) * 0.75 ) );margin-right: 4%;\"><div class=\"fusion-column-wrapper fusion-column-has-shadow fusion-flex-column-wrapper-legacy\"><div class=\"fusion-text fusion-text-1\"><table>\n<tbody>\n<tr bgcolor=\"#F6F6F6\">\n<td width=\"1200\">\n<h4><strong><a href=\"http:\/\/isitmakablosu.com\/tr\/oj-electonics\/\">\u00a0\u00a0OJ Electronics<\/a>   &#8211;   ETO2 4550<\/h4>\n<\/td>\n<\/tr>\n<\/tbody>\n<\/table>\n<p>&nbsp;<br \/>\n<span style=\"color: #808080;\"><img decoding=\"async\" class=\"wp-image-1522 aligncenter\" src=\"http:\/\/isitmakablosu.com\/TR\/wp-content\/uploads\/2016\/02\/eto-2.jpg\" alt=\"eto-2\" width=\"501\" height=\"300\" srcset=\"https:\/\/isitmakablosu.com\/TR\/wp-content\/uploads\/2016\/02\/eto-2-200x120.jpg 200w, https:\/\/isitmakablosu.com\/TR\/wp-content\/uploads\/2016\/02\/eto-2-300x180.jpg 300w, https:\/\/isitmakablosu.com\/TR\/wp-content\/uploads\/2016\/02\/eto-2-400x240.jpg 400w, https:\/\/isitmakablosu.com\/TR\/wp-content\/uploads\/2016\/02\/eto-2-600x360.jpg 600w, https:\/\/isitmakablosu.com\/TR\/wp-content\/uploads\/2016\/02\/eto-2-768x460.jpg 768w, https:\/\/isitmakablosu.com\/TR\/wp-content\/uploads\/2016\/02\/eto-2-800x479.jpg 800w, https:\/\/isitmakablosu.com\/TR\/wp-content\/uploads\/2016\/02\/eto-2.jpg 998w\" sizes=\"(max-width: 501px) 100vw, 501px\" \/><\/span><br \/>\n<span style=\"color: #808080;\"> [row topmargin=&#8221;true&#8221;]<\/span><br \/>\n<span style=\"color: #808080;\"> [header type=&#8221;4&#8243; line=&#8221;twoLines&#8221;]ETO2-4550<\/span><br \/>\n<span style=\"color: #808080;\"> Kontrol \u00dcnitesi ve duvar montaj aparat\u0131[\/header]<\/span><br \/>\n<span style=\"color: #808080;\"> Bu \u00fcnite, elektrikli ve sulu kar\/buz eritme sistemlerinin kontrol\u00fcnde kullan\u0131l\u0131r.<\/span><br \/>\n<span style=\"color: #808080;\"> &#8211; Su ve Elektrik bazl\u0131 kar eritme sistemlerinin asgari enerji t\u00fcketimi ile \u00e7al\u0131\u015fmas\u0131n\u0131 sa\u011flar.<\/span><br \/>\n<span style=\"color: #808080;\"> &#8211; Hava s\u0131cakl\u0131\u011f\u0131n\u0131n yan\u0131 s\u0131ra \u0131slakl\u0131\u011f\u0131 alg\u0131layarak kar\/buz olu\u015fumunu takip eder.<\/span><br \/>\n<span style=\"color: #808080;\"> &#8211; Kontakt\u00f6rs\u00fcz Elektronik ON\/OFF kontrol\u00fc (11000 W\u2019a kadar)<\/span><br \/>\n<span style=\"color: #808080;\"> &#8211; 2 B\u00f6lge kontrol\u00fc ve ayn\u0131 kontrol \u00fcnitesinden ba\u011f\u0131ms\u0131z garaj ve \u00e7at\u0131 \u0131s\u0131tmas\u0131 kontrol\u00fc sa\u011flar<\/span><br \/>\n<span style=\"color: #808080;\"> &#8211; Dijital ekran ve kolay kullan\u0131m\u0131 sa\u011flayan men\u00fc kullan\u0131m ve se\u00e7im d\u00fc\u011fmesi<\/span><br \/>\n<span style=\"color: #808080;\"> &#8211; Pano i\u00e7i rayl\u0131 veya duvara montaj<\/span><br \/>\n<span style=\"color: #808080;\"> &#8211; 24V transformat\u00f6r<\/span><br \/>\n<span style=\"color: #808080;\"> OJ Electronics, ETO 2 kontrol \u00fcnitesini \u00e7at\u0131 ve beton alt\u0131 yer uygulamalar\u0131nda kar\/buz sens\u00f6rleri kullan\u0131m\u0131 ile en ekonomik \u015fekilde \u00e7al\u0131\u015facak \u015fekilde tasarlam\u0131\u015ft\u0131r.<\/span><br \/>\n<span style=\"color: #808080;\"> Dijital ekran \u00fczerindeki men\u00fc se\u00e7eneklerine d\u00fc\u011fmeyi \u00e7evirerek eri\u015febilir, ayarlar\u0131 de\u011fi\u015ftirebilir ve sens\u00f6rlerin anl\u0131k okuma de\u011ferlerini g\u00f6rebilirsiniz. Cihaz\u0131n kullan\u0131m\u0131 son derece kolayd\u0131r.<\/span><br \/>\n<span style=\"color: #808080;\"> Uzak Kontrol<\/span><br \/>\n<span style=\"color: #808080;\"> Kar eritme sistemi kontrol \u00fcnitesini GSM data kart\u0131,uzak zamanlay\u0131c\u0131 vb. \u00fcr\u00fcnler ile uzaktan kumanda edebilirsiniz. \u00d6rne\u011fin GSM \u015febekenizden mesaj yollay\u0131p sistemi a\u00e7\u0131k\/kapatabilir, \u0131slakl\u0131k alg\u0131lamad\u0131\u011f\u0131 i\u00e7in durmas\u0131na ra\u011fmen \u00e7al\u0131\u015fmaya zorlayabilir veya eritme sonras\u0131 s\u00fcrd\u00fcrebilir.<\/span><\/p>\n<p>&nbsp;<\/p>\n<table border=\"1\">\n<tbody>\n<tr>\n<td width=\"172\"><span style=\"color: #6f64d1;\">AKSESUARLAR<\/span><\/td>\n<td width=\"179\"><span style=\"color: #808080;\">\u00a0<\/span><\/td>\n<\/tr>\n<tr>\n<td width=\"172\"><span style=\"color: #808080;\">ETOG-55<\/span><\/td>\n<td width=\"179\"><span style=\"color: #808080;\">Yer sens\u00f6r\u00fc, 10 mt<\/span><\/td>\n<\/tr>\n<tr>\n<td width=\"172\"><span style=\"color: #808080;\">ETOR-55<\/span><\/td>\n<td width=\"179\"><span style=\"color: #808080;\">Oluk Sens\u00f6r\u00fc, 10 mt<\/span><\/td>\n<\/tr>\n<tr>\n<td width=\"172\"><span style=\"color: #808080;\">ETF-744\/99<\/span><\/td>\n<td width=\"179\"><span style=\"color: #808080;\">Atmosfer Sens\u00f6r\u00fc, 10 mt<\/span><\/td>\n<\/tr>\n<\/tbody>\n<\/table>\n<p>&nbsp;<\/p>\n<table border=\"1\">\n<tbody>\n<tr>\n<td width=\"172\"><span style=\"color: #808080;\">\u00c7al\u0131\u015fma Gerilimi<\/span><\/td>\n<td width=\"179\"><span style=\"color: #808080;\">230V +- %10<\/span><\/td>\n<\/tr>\n<tr>\n<td width=\"172\"><span style=\"color: #808080;\">Hassasiyeti,S\u0131cakl\u0131k Ayar\u0131<\/span><\/td>\n<td width=\"179\"><span style=\"color: #808080;\">0.3 \u00b0C, 0\/+5 \u00b0C<\/span><\/td>\n<\/tr>\n<tr>\n<td width=\"172\"><span style=\"color: #808080;\"><em>2 B\u00f6lge Uygulamas\u0131<\/em><\/span><\/td>\n<td width=\"179\"><span style=\"color: #808080;\">2*16A<\/span><\/td>\n<\/tr>\n<tr>\n<td width=\"172\"><span style=\"color: #808080;\">Koruma S\u0131n\u0131f\u0131<\/span><\/td>\n<td width=\"179\"><span style=\"color: #808080;\">IP20<\/span><\/td>\n<\/tr>\n<tr>\n<td width=\"172\"><span style=\"color: #808080;\">Kasas\u0131z \u00d6l\u00e7\u00fc (Y\u00fck.,En,Derinlik)<\/span><\/td>\n<td width=\"179\"><span style=\"color: #808080;\">90,156,45 mm<\/span><\/td>\n<\/tr>\n<tr>\n<td width=\"172\"><span style=\"color: #808080;\">Kasal\u0131 \u00d6l\u00e7\u00fc (Y\u00fck.,En,Der.,A\u011f)<\/span><\/td>\n<td width=\"179\"><span style=\"color: #808080;\">170,162,45 mm, 495 gr.<\/span><\/td>\n<\/tr>\n<\/tbody>\n<\/table>\n<p>&nbsp;<\/p>\n<table border=\"1\">\n<tbody>\n<tr>\n<td width=\"172\"><span style=\"color: #6f64d1;\"><strong>Yer Sens\u00f6r\u00fc<\/strong><\/span><\/td>\n<td width=\"179\"><span style=\"color: #6f64d1;\"><strong>ETOG-55<\/strong><\/span><\/td>\n<\/tr>\n<tr>\n<td width=\"172\"><span style=\"color: #808080;\">Alg\u0131lama<\/span><\/td>\n<td width=\"179\"><span style=\"color: #808080;\">Nem ve S\u0131cakl\u0131k<\/span><\/td>\n<\/tr>\n<tr>\n<td width=\"172\"><span style=\"color: #808080;\">S\u0131cakl\u0131k Ayar\u0131 ve Atmosfer<\/span><\/td>\n<td width=\"179\"><span style=\"color: #808080;\">0\/+5 \u00b0C (-20\/+70 \u00b0C)<\/span><\/td>\n<\/tr>\n<tr>\n<td width=\"172\"><span style=\"color: #808080;\">Koruma S\u0131n\u0131f\u0131<\/span><\/td>\n<td width=\"179\"><span style=\"color: #808080;\">IP68, A\u00e7\u0131k havada kullan\u0131l\u0131r<\/span><\/td>\n<\/tr>\n<\/tbody>\n<\/table>\n<p>&nbsp;<\/p>\n<table border=\"1\">\n<tbody>\n<tr>\n<td width=\"172\"><span style=\"color: #6f64d1;\"><strong>Oluk Sens\u00f6r\u00fc<\/strong><\/span><\/td>\n<td width=\"179\"><span style=\"color: #6f64d1;\"><strong>ETOR-55<\/strong><\/span><\/td>\n<\/tr>\n<tr>\n<td width=\"172\"><span style=\"color: #808080;\">Alg\u0131lama<\/span><\/td>\n<td width=\"179\"><span style=\"color: #808080;\">Nem<\/span><\/td>\n<\/tr>\n<tr>\n<td width=\"172\"><span style=\"color: #808080;\">S\u0131cakl\u0131k Ayar\u0131 ve Atmosfer<\/span><\/td>\n<td width=\"179\"><span style=\"color: #808080;\">0\/+5 \u00b0C (-20\/+70 \u00b0C)<\/span><\/td>\n<\/tr>\n<tr>\n<td width=\"172\"><span style=\"color: #808080;\">Koruma S\u0131n\u0131f\u0131<\/span><\/td>\n<td width=\"179\"><span style=\"color: #808080;\">IP68, A\u00e7\u0131k havada kullan\u0131l\u0131r<\/span><\/td>\n<\/tr>\n<tr>\n<td width=\"172\"><span style=\"color: #808080;\">\u00d6l\u00e7\u00fc (Y\u00fck.,En,Derinlik)<\/span><\/td>\n<td width=\"179\"><span style=\"color: #808080;\">105,30,13 mm<\/span><\/td>\n<\/tr>\n<\/tbody>\n<\/table>\n<p>&nbsp;<\/p>\n<table border=\"1\">\n<tbody>\n<tr>\n<td width=\"172\"><span style=\"color: #6f64d1;\"><strong>Ortam Sens\u00f6r\u00fc<\/strong><\/span><\/td>\n<td width=\"179\"><span style=\"color: #6f64d1;\"><strong>ETF-744\/99<\/strong><\/span><\/td>\n<\/tr>\n<tr>\n<td width=\"172\"><span style=\"color: #808080;\">Alg\u0131lama<\/span><\/td>\n<td width=\"179\"><span style=\"color: #808080;\">S\u0131cakl\u0131k<\/span><\/td>\n<\/tr>\n<tr>\n<td width=\"172\"><span style=\"color: #808080;\">S\u0131cakl\u0131k Ayar\u0131 ve Atmosfer<\/span><\/td>\n<td width=\"179\"><span style=\"color: #808080;\">0\/+5 \u00b0C (-20\/+70 \u00b0C)<\/span><\/td>\n<\/tr>\n<tr>\n<td width=\"172\"><span style=\"color: #808080;\">Koruma S\u0131n\u0131f\u0131<\/span><\/td>\n<td width=\"179\"><span style=\"color: #808080;\">IP54, Duvara montaj<\/span><\/td>\n<\/tr>\n<tr>\n<td width=\"172\"><span style=\"color: #808080;\">\u00d6l\u00e7\u00fc (Y\u00fck.,En,Derinlik)<\/span><\/td>\n<td width=\"179\"><span style=\"color: #808080;\">86,45,35 mm<\/span><\/td>\n<\/tr>\n<\/tbody>\n<\/table>\n<p>&nbsp;<\/p>\n<\/div><div class=\"fusion-clearfix\"><\/div><\/div><\/div><div class=\"fusion-layout-column fusion_builder_column fusion-builder-column-1 fusion_builder_column_1_4 1_4 fusion-one-fourth fusion-column-last\" style=\"--awb-bg-size:cover;width:25%;width:calc(25% - ( ( 4% ) * 0.25 ) );\"><div class=\"fusion-column-wrapper fusion-column-has-shadow fusion-flex-column-wrapper-legacy\"><div class=\"fusion-widget-area awb-widget-area-element fusion-widget-area-1 fusion-content-widget-area\" style=\"--awb-title-color:#333333;--awb-padding:0px 0px 0px 0px;\"><div id=\"nav_menu-3\" class=\"widget widget_nav_menu\"><div class=\"menu-oj-container\"><ul id=\"menu-oj\" class=\"menu\"><li id=\"menu-item-3062\" class=\"menu-item menu-item-type-post_type menu-item-object-page menu-item-3062\"><a href=\"https:\/\/isitmakablosu.com\/TR\/urunler\/oj-electronics\/mtu\/\">MTU<\/a><\/li>\n<li id=\"menu-item-3065\" class=\"menu-item menu-item-type-post_type menu-item-object-page menu-item-3065\"><a href=\"https:\/\/isitmakablosu.com\/TR\/urunler\/oj-electronics\/otn\/\">OTN<\/a><\/li>\n<li id=\"menu-item-3066\" class=\"menu-item menu-item-type-post_type menu-item-object-page menu-item-3066\"><a href=\"https:\/\/isitmakablosu.com\/TR\/urunler\/oj-electronics\/otn2\/\">OTN2<\/a><\/li>\n<li id=\"menu-item-3069\" class=\"menu-item menu-item-type-post_type menu-item-object-page menu-item-3069\"><a href=\"https:\/\/isitmakablosu.com\/TR\/urunler\/oj-electronics\/occ-2\/\">OCC 2<\/a><\/li>\n<li id=\"menu-item-3102\" class=\"menu-item menu-item-type-post_type menu-item-object-page menu-item-3102\"><a href=\"https:\/\/isitmakablosu.com\/TR\/urunler\/oj-electronics\/ocd-2\/\">OCD 2<\/a><\/li>\n<li id=\"menu-item-3063\" class=\"menu-item menu-item-type-post_type menu-item-object-page menu-item-3063\"><a href=\"https:\/\/isitmakablosu.com\/TR\/urunler\/oj-electronics\/otd\/\">OTD<\/a><\/li>\n<li id=\"menu-item-3064\" class=\"menu-item menu-item-type-post_type menu-item-object-page menu-item-3064\"><a href=\"https:\/\/isitmakablosu.com\/TR\/urunler\/oj-electronics\/otd2\/\">OTD2<\/a><\/li>\n<li id=\"menu-item-3101\" class=\"menu-item menu-item-type-post_type menu-item-object-page menu-item-3101\"><a href=\"https:\/\/isitmakablosu.com\/TR\/urunler\/oj-electronics\/etv\/\">ETV<\/a><\/li>\n<li id=\"menu-item-3096\" class=\"menu-item menu-item-type-post_type menu-item-object-page menu-item-3096\"><a href=\"https:\/\/isitmakablosu.com\/TR\/urunler\/oj-electronics\/eti-1221-2\/\">ETI 1221<\/a><\/li>\n<li id=\"menu-item-3097\" class=\"menu-item menu-item-type-post_type menu-item-object-page menu-item-3097\"><a href=\"https:\/\/isitmakablosu.com\/TR\/urunler\/oj-electronics\/eti-1551\/\">ETI 1551<\/a><\/li>\n<li id=\"menu-item-3098\" class=\"menu-item menu-item-type-post_type menu-item-object-page menu-item-3098\"><a href=\"https:\/\/isitmakablosu.com\/TR\/urunler\/oj-electronics\/etn-2\/\">ETN<\/a><\/li>\n<li id=\"menu-item-3099\" class=\"menu-item menu-item-type-post_type menu-item-object-page menu-item-3099\"><a href=\"https:\/\/isitmakablosu.com\/TR\/urunler\/oj-electronics\/eto2-4550\/\">ETO2 4550<\/a><\/li>\n<li id=\"menu-item-3100\" class=\"menu-item menu-item-type-post_type menu-item-object-page menu-item-3100\"><a href=\"https:\/\/isitmakablosu.com\/TR\/urunler\/oj-electronics\/etr2\/\">ETR2<\/a><\/li>\n<li id=\"menu-item-3103\" class=\"menu-item menu-item-type-post_type menu-item-object-page menu-item-3103\"><a href=\"https:\/\/isitmakablosu.com\/TR\/urunler\/oj-electronics\/sensorler\/\">Sens\u00f6rler<\/a><\/li>\n<\/ul><\/div><\/div><div class=\"fusion-additional-widget-content\"><\/div><\/div><div class=\"fusion-clearfix\"><\/div><\/div><\/div><\/div><\/div>\n","protected":false},"excerpt":{"rendered":"","protected":false},"author":1,"featured_media":0,"parent":1364,"menu_order":0,"comment_status":"closed","ping_status":"closed","template":"","meta":{"footnotes":""},"class_list":["post-3087","page","type-page","status-publish","hentry"],"_links":{"self":[{"href":"https:\/\/isitmakablosu.com\/TR\/wp-json\/wp\/v2\/pages\/3087","targetHints":{"allow":["GET"]}}],"collection":[{"href":"https:\/\/isitmakablosu.com\/TR\/wp-json\/wp\/v2\/pages"}],"about":[{"href":"https:\/\/isitmakablosu.com\/TR\/wp-json\/wp\/v2\/types\/page"}],"author":[{"embeddable":true,"href":"https:\/\/isitmakablosu.com\/TR\/wp-json\/wp\/v2\/users\/1"}],"replies":[{"embeddable":true,"href":"https:\/\/isitmakablosu.com\/TR\/wp-json\/wp\/v2\/comments?post=3087"}],"version-history":[{"count":1,"href":"https:\/\/isitmakablosu.com\/TR\/wp-json\/wp\/v2\/pages\/3087\/revisions"}],"predecessor-version":[{"id":3088,"href":"https:\/\/isitmakablosu.com\/TR\/wp-json\/wp\/v2\/pages\/3087\/revisions\/3088"}],"up":[{"embeddable":true,"href":"https:\/\/isitmakablosu.com\/TR\/wp-json\/wp\/v2\/pages\/1364"}],"wp:attachment":[{"href":"https:\/\/isitmakablosu.com\/TR\/wp-json\/wp\/v2\/media?parent=3087"}],"curies":[{"name":"wp","href":"https:\/\/api.w.org\/{rel}","templated":true}]}}