{"id":3089,"date":"2020-03-14T16:34:00","date_gmt":"2020-03-14T13:34:00","guid":{"rendered":"http:\/\/isitmakablosu.com\/TR\/?page_id=3089"},"modified":"2020-03-14T16:37:10","modified_gmt":"2020-03-14T13:37:10","slug":"etr2","status":"publish","type":"page","link":"https:\/\/isitmakablosu.com\/TR\/urunler\/oj-electronics\/etr2\/","title":{"rendered":"ETR2"},"content":{"rendered":"<div class=\"fusion-fullwidth fullwidth-box fusion-builder-row-1 nonhundred-percent-fullwidth non-hundred-percent-height-scrolling\" style=\"--awb-border-radius-top-left:0px;--awb-border-radius-top-right:0px;--awb-border-radius-bottom-right:0px;--awb-border-radius-bottom-left:0px;--awb-flex-wrap:wrap;\" ><div class=\"fusion-builder-row fusion-row\"><div class=\"fusion-layout-column fusion_builder_column fusion-builder-column-0 fusion_builder_column_3_4 3_4 fusion-three-fourth fusion-column-first\" style=\"--awb-bg-size:cover;width:75%;width:calc(75% - ( ( 4% ) * 0.75 ) );margin-right: 4%;\"><div class=\"fusion-column-wrapper fusion-column-has-shadow fusion-flex-column-wrapper-legacy\"><div class=\"fusion-text fusion-text-1\"><table>\n<tbody>\n<tr bgcolor=\"#F6F6F6\">\n<td width=\"1200\">\n<h4><strong><a href=\"http:\/\/isitmakablosu.com\/tr\/oj-electonics\/\">\u00a0\u00a0OJ Electronics<\/a>   &#8211;   ETR2<\/h4>\n<\/td>\n<\/tr>\n<\/tbody>\n<\/table>\n<p>&nbsp;<br \/>\n<img decoding=\"async\" class=\"wp-image-1530 alignright\" src=\"http:\/\/isitmakablosu.com\/TR\/wp-content\/uploads\/2016\/02\/etr_2.jpg\" alt=\"etr_2\" width=\"222\" height=\"221\" srcset=\"https:\/\/isitmakablosu.com\/TR\/wp-content\/uploads\/2016\/02\/etr_2-66x66.jpg 66w, https:\/\/isitmakablosu.com\/TR\/wp-content\/uploads\/2016\/02\/etr_2-150x150.jpg 150w, https:\/\/isitmakablosu.com\/TR\/wp-content\/uploads\/2016\/02\/etr_2-200x199.jpg 200w, https:\/\/isitmakablosu.com\/TR\/wp-content\/uploads\/2016\/02\/etr_2-300x300.jpg 300w, https:\/\/isitmakablosu.com\/TR\/wp-content\/uploads\/2016\/02\/etr_2-400x398.jpg 400w, https:\/\/isitmakablosu.com\/TR\/wp-content\/uploads\/2016\/02\/etr_2.jpg 403w\" sizes=\"(max-width: 222px) 100vw, 222px\" \/><\/p>\n<table border=\"1\">\n<tbody>\n<tr>\n<td colspan=\"5\" width=\"650\"><span style=\"color: #748cd4;\"><strong>ETR 2<\/strong><\/span><\/td>\n<\/tr>\n<tr>\n<td width=\"171\">AKSESUARLAR<\/td>\n<td width=\"181\"><\/td>\n<\/tr>\n<tr>\n<td width=\"171\">ETOG-55<\/td>\n<td width=\"181\">Yer sens\u00f6r\u00fc, 10 mt<\/td>\n<\/tr>\n<tr>\n<td width=\"171\">ETOR-55<\/td>\n<td width=\"181\">Oluk Sens\u00f6r\u00fc, 10 mt<\/td>\n<\/tr>\n<tr>\n<td width=\"171\">ETF-744\/99<\/td>\n<td width=\"181\">Atmosfer Sens\u00f6r\u00fc, 10 mt<\/td>\n<\/tr>\n<tr>\n<td width=\"171\">\u00c7al\u0131\u015fma Gerilimi<\/td>\n<td width=\"181\">230V +- %10<\/td>\n<\/tr>\n<tr>\n<td width=\"171\">Hassasiyeti,S\u0131cakl\u0131k Ayar\u0131<\/td>\n<td width=\"181\">0.4 \u00b0C, 0\/+5 \u00b0C<\/td>\n<\/tr>\n<tr>\n<td width=\"171\">Koruma S\u0131n\u0131f\u0131<\/td>\n<td width=\"181\">IP20<\/td>\n<\/tr>\n<tr>\n<td width=\"172\"><strong>Yer Sens\u00f6r\u00fc<\/strong><\/td>\n<td width=\"179\"><strong>ETOG-55<\/strong><\/td>\n<\/tr>\n<tr>\n<td width=\"172\">Alg\u0131lama<\/td>\n<td width=\"179\">Nem ve S\u0131cakl\u0131k<\/td>\n<\/tr>\n<tr>\n<td width=\"172\">S\u0131cakl\u0131k Ayar\u0131 ve Atmosfer<\/td>\n<td width=\"179\">0\/+5 \u00b0C (-20\/+70 \u00b0C)<\/td>\n<\/tr>\n<tr>\n<td width=\"172\">Koruma S\u0131n\u0131f\u0131<\/td>\n<td width=\"179\">IP68, A\u00e7\u0131k havada kullan\u0131l\u0131r<\/td>\n<\/tr>\n<tr>\n<td width=\"172\"><strong>Oluk Sens\u00f6r\u00fc<\/strong><\/td>\n<td width=\"179\"><strong>ETOR-55<\/strong><\/td>\n<\/tr>\n<tr>\n<td width=\"172\">Alg\u0131lama<\/td>\n<td width=\"179\">Nem<\/td>\n<\/tr>\n<tr>\n<td width=\"172\">S\u0131cakl\u0131k Ayar\u0131 ve Atmosfer<\/td>\n<td width=\"179\">0\/+5 \u00b0C (-20\/+70 \u00b0C)<\/td>\n<\/tr>\n<tr>\n<td width=\"172\">Koruma S\u0131n\u0131f\u0131<\/td>\n<td width=\"179\">IP68, A\u00e7\u0131k havada kullan\u0131l\u0131r<\/td>\n<\/tr>\n<tr>\n<td width=\"172\">\u00d6l\u00e7\u00fc (Y\u00fck.,En,Derinlik)<\/td>\n<td width=\"179\">105,30,13 mm<\/td>\n<\/tr>\n<tr>\n<td width=\"172\"><strong>Ortam Sens\u00f6r\u00fc<\/strong><\/td>\n<td width=\"179\"><strong>ETF-744\/99<\/strong><\/td>\n<\/tr>\n<tr>\n<td width=\"172\">Alg\u0131lama<\/td>\n<td width=\"179\">S\u0131cakl\u0131k<\/td>\n<\/tr>\n<tr>\n<td width=\"172\">S\u0131cakl\u0131k Ayar\u0131 ve Atmosfer<\/td>\n<td width=\"179\">0\/+5 \u00b0C (-20\/+70 \u00b0C)<\/td>\n<\/tr>\n<tr>\n<td width=\"172\">Koruma S\u0131n\u0131f\u0131<\/td>\n<td width=\"179\">IP54, Duvara montaj<\/td>\n<\/tr>\n<tr>\n<td width=\"172\">\u00d6l\u00e7\u00fc (Y\u00fck.,En,Derinlik)<\/td>\n<td width=\"179\">86,45,35 mm<\/td>\n<\/tr>\n<\/tbody>\n<\/table>\n<p>&nbsp;<\/p>\n<p><strong>Bu \u00fcnite, elektrikli kar\/buz eritme sistemlerinin kontrol\u00fcnde kullan\u0131l\u0131r.<\/strong><br \/>\n&#8211; Islakl\u0131k sens\u00f6rleri ile beraber kullan\u0131ld\u0131\u011f\u0131ndan kar ve buz eritme sisteminin asgari enerji t\u00fcketimi ile<br \/>\n\u00e7al\u0131\u015fmas\u0131n\u0131 sa\u011flar. Hava s\u0131cakl\u0131\u011f\u0131n\u0131n yan\u0131 s\u0131ra \u0131slakl\u0131\u011f\u0131 alg\u0131layarak kar\/buz olu\u015fumunu takip eder.<\/p>\n<p>&#8211; ON\/OFF prensibi ile \u00e7al\u0131\u015fan termosatat \u00fczreindeki r\u00f6leler sayesinde 3600 watt\u2019a kadar kontakt\u00f6rs\u00fcz \u0131s\u0131tma kablosu ba\u011flant\u0131s\u0131 yap\u0131labilir.<\/p>\n<p>&#8211; OJ Electronics, ETR 2 serisi termostatlar\u0131 k\u00fc\u00e7\u00fck \u00f6l\u00e7ekli beton alt\u0131 uygulamalar veya \u00e7at\u0131 oluklar\u0131 \u0131s\u0131tmas\u0131nda kullanmak amac\u0131yla tasarlam\u0131\u015ft\u0131r.<\/p>\n<p>&#8211; Termostat ETO 2 serisi ile beraber kullan\u0131lan ETOG-55 ve ETOR-55 \u0131slakl\u0131k sens\u00f6rleriyle beraber kullan\u0131l\u0131r.<\/p>\n<p>&#8211; ETOG-55 sens\u00f6r\u00fc \u0131slakl\u0131\u011f\u0131 ve y\u00fczey \u0131s\u0131s\u0131n\u0131 alg\u0131lar. 6 damarl\u0131 10 metrelik uzatma kablosu i\u00e7eren bu \u00fcnite, rampan\u0131n y\u00fczeyine metal halkalar\u0131 yukar\u0131 do\u011fru bakacak \u015fekilde yerle\u015ftirilir. Konumland\u0131rma i\u00e7in uygulama alan\u0131n\u0131n en yo\u011fun kar alan b\u00f6l\u00fcmleri tercih edilmelidir.<\/p>\n<p>&#8211; ETOR-55 sens\u00f6r sadece \u0131slakl\u0131\u011f\u0131 alg\u0131lar. Sens\u00f6r, d\u0131\u015f ortam sens\u00f6r\u00fc (ETF) ile beraber kullan\u0131l\u0131r. 4 damarl\u0131 10 metrelik uzatma kablosu i\u00e7eren bu \u00fcnite, kullan\u0131m amac\u0131na g\u00f6re olu\u011fa eriyen kar\u0131n akaca\u011f\u0131 y\u00f6nde, metal \u00e7ubuklar\u0131 yukar\u0131 do\u011fru bakacak \u015fekilde yerle\u015ftirilir veya ini\u015flere sark\u0131t\u0131l\u0131r. Konumland\u0131rma i\u00e7in binan\u0131n g\u00fcne\u015f alan taraf\u0131 tercih edilmelidir.<\/p>\n<p>&#8211; ETF sens\u00f6r d\u0131\u015f ortam s\u0131cakl\u0131\u011f\u0131n\u0131 alg\u0131lamak i\u00e7in kullan\u0131l\u0131r. ETOR-55 \u00fcnitesinin s\u0131cakl\u0131k alg\u0131lama \u00f6zelli\u011fi olmad\u0131\u011f\u0131 i\u00e7in \u00e7at\u0131 uygulamalar\u0131nda ETOR-55 ile beraber kullanmak zorunludur. D\u0131\u015f ortam sens\u00f6r\u00fc ETF sa\u00e7ak alt\u0131na ve binan\u0131n kuzey taraf\u0131na yerle\u015ftirilmelidir. ETOG-55 kullan\u0131lan beton alt\u0131 uygulamalarda ETF ortam sens\u00f6r\u00fc gerekli de\u011fildir. Beton alt\u0131 uygulamalarda d\u0131\u015f ortam sens\u00f6r\u00fc kritik sadece kar eritme sistemle rinde anl\u0131k ortam \u0131s\u0131s\u0131 de\u011fi\u015fikliklerini takip etmek amac\u0131yla kullan\u0131labilir.<\/p>\n<\/div><div class=\"fusion-clearfix\"><\/div><\/div><\/div><div class=\"fusion-layout-column fusion_builder_column fusion-builder-column-1 fusion_builder_column_1_4 1_4 fusion-one-fourth fusion-column-last\" style=\"--awb-bg-size:cover;width:25%;width:calc(25% - ( ( 4% ) * 0.25 ) );\"><div class=\"fusion-column-wrapper fusion-column-has-shadow fusion-flex-column-wrapper-legacy\"><div class=\"fusion-widget-area awb-widget-area-element fusion-widget-area-1 fusion-content-widget-area\" style=\"--awb-title-color:#333333;--awb-padding:0px 0px 0px 0px;\"><div id=\"nav_menu-3\" class=\"widget widget_nav_menu\"><div class=\"menu-oj-container\"><ul id=\"menu-oj\" class=\"menu\"><li id=\"menu-item-3062\" class=\"menu-item menu-item-type-post_type menu-item-object-page menu-item-3062\"><a href=\"https:\/\/isitmakablosu.com\/TR\/urunler\/oj-electronics\/mtu\/\">MTU<\/a><\/li>\n<li id=\"menu-item-3065\" class=\"menu-item menu-item-type-post_type menu-item-object-page menu-item-3065\"><a href=\"https:\/\/isitmakablosu.com\/TR\/urunler\/oj-electronics\/otn\/\">OTN<\/a><\/li>\n<li id=\"menu-item-3066\" class=\"menu-item menu-item-type-post_type menu-item-object-page menu-item-3066\"><a href=\"https:\/\/isitmakablosu.com\/TR\/urunler\/oj-electronics\/otn2\/\">OTN2<\/a><\/li>\n<li id=\"menu-item-3069\" class=\"menu-item menu-item-type-post_type menu-item-object-page menu-item-3069\"><a href=\"https:\/\/isitmakablosu.com\/TR\/urunler\/oj-electronics\/occ-2\/\">OCC 2<\/a><\/li>\n<li id=\"menu-item-3102\" class=\"menu-item menu-item-type-post_type menu-item-object-page menu-item-3102\"><a href=\"https:\/\/isitmakablosu.com\/TR\/urunler\/oj-electronics\/ocd-2\/\">OCD 2<\/a><\/li>\n<li id=\"menu-item-3063\" class=\"menu-item menu-item-type-post_type menu-item-object-page menu-item-3063\"><a href=\"https:\/\/isitmakablosu.com\/TR\/urunler\/oj-electronics\/otd\/\">OTD<\/a><\/li>\n<li id=\"menu-item-3064\" class=\"menu-item menu-item-type-post_type menu-item-object-page menu-item-3064\"><a href=\"https:\/\/isitmakablosu.com\/TR\/urunler\/oj-electronics\/otd2\/\">OTD2<\/a><\/li>\n<li id=\"menu-item-3101\" class=\"menu-item menu-item-type-post_type menu-item-object-page menu-item-3101\"><a href=\"https:\/\/isitmakablosu.com\/TR\/urunler\/oj-electronics\/etv\/\">ETV<\/a><\/li>\n<li id=\"menu-item-3096\" class=\"menu-item menu-item-type-post_type menu-item-object-page menu-item-3096\"><a href=\"https:\/\/isitmakablosu.com\/TR\/urunler\/oj-electronics\/eti-1221-2\/\">ETI 1221<\/a><\/li>\n<li id=\"menu-item-3097\" class=\"menu-item menu-item-type-post_type menu-item-object-page menu-item-3097\"><a href=\"https:\/\/isitmakablosu.com\/TR\/urunler\/oj-electronics\/eti-1551\/\">ETI 1551<\/a><\/li>\n<li id=\"menu-item-3098\" class=\"menu-item menu-item-type-post_type menu-item-object-page menu-item-3098\"><a href=\"https:\/\/isitmakablosu.com\/TR\/urunler\/oj-electronics\/etn-2\/\">ETN<\/a><\/li>\n<li id=\"menu-item-3099\" class=\"menu-item menu-item-type-post_type menu-item-object-page menu-item-3099\"><a href=\"https:\/\/isitmakablosu.com\/TR\/urunler\/oj-electronics\/eto2-4550\/\">ETO2 4550<\/a><\/li>\n<li id=\"menu-item-3100\" class=\"menu-item menu-item-type-post_type menu-item-object-page menu-item-3100\"><a href=\"https:\/\/isitmakablosu.com\/TR\/urunler\/oj-electronics\/etr2\/\">ETR2<\/a><\/li>\n<li id=\"menu-item-3103\" class=\"menu-item menu-item-type-post_type menu-item-object-page menu-item-3103\"><a href=\"https:\/\/isitmakablosu.com\/TR\/urunler\/oj-electronics\/sensorler\/\">Sens\u00f6rler<\/a><\/li>\n<\/ul><\/div><\/div><div class=\"fusion-additional-widget-content\"><\/div><\/div><div class=\"fusion-clearfix\"><\/div><\/div><\/div><\/div><\/div>\n","protected":false},"excerpt":{"rendered":"","protected":false},"author":1,"featured_media":0,"parent":1364,"menu_order":0,"comment_status":"closed","ping_status":"closed","template":"","meta":{"footnotes":""},"class_list":["post-3089","page","type-page","status-publish","hentry"],"_links":{"self":[{"href":"https:\/\/isitmakablosu.com\/TR\/wp-json\/wp\/v2\/pages\/3089","targetHints":{"allow":["GET"]}}],"collection":[{"href":"https:\/\/isitmakablosu.com\/TR\/wp-json\/wp\/v2\/pages"}],"about":[{"href":"https:\/\/isitmakablosu.com\/TR\/wp-json\/wp\/v2\/types\/page"}],"author":[{"embeddable":true,"href":"https:\/\/isitmakablosu.com\/TR\/wp-json\/wp\/v2\/users\/1"}],"replies":[{"embeddable":true,"href":"https:\/\/isitmakablosu.com\/TR\/wp-json\/wp\/v2\/comments?post=3089"}],"version-history":[{"count":1,"href":"https:\/\/isitmakablosu.com\/TR\/wp-json\/wp\/v2\/pages\/3089\/revisions"}],"predecessor-version":[{"id":3090,"href":"https:\/\/isitmakablosu.com\/TR\/wp-json\/wp\/v2\/pages\/3089\/revisions\/3090"}],"up":[{"embeddable":true,"href":"https:\/\/isitmakablosu.com\/TR\/wp-json\/wp\/v2\/pages\/1364"}],"wp:attachment":[{"href":"https:\/\/isitmakablosu.com\/TR\/wp-json\/wp\/v2\/media?parent=3089"}],"curies":[{"name":"wp","href":"https:\/\/api.w.org\/{rel}","templated":true}]}}