{"id":3093,"date":"2020-03-14T16:36:37","date_gmt":"2020-03-14T13:36:37","guid":{"rendered":"http:\/\/isitmakablosu.com\/TR\/?page_id=3093"},"modified":"2020-03-14T16:36:37","modified_gmt":"2020-03-14T13:36:37","slug":"sensorler","status":"publish","type":"page","link":"https:\/\/isitmakablosu.com\/TR\/urunler\/oj-electronics\/sensorler\/","title":{"rendered":"Sens\u00f6rler"},"content":{"rendered":"<div class=\"fusion-fullwidth fullwidth-box fusion-builder-row-1 nonhundred-percent-fullwidth non-hundred-percent-height-scrolling\" style=\"--awb-border-radius-top-left:0px;--awb-border-radius-top-right:0px;--awb-border-radius-bottom-right:0px;--awb-border-radius-bottom-left:0px;--awb-flex-wrap:wrap;\" ><div class=\"fusion-builder-row fusion-row\"><div class=\"fusion-layout-column fusion_builder_column fusion-builder-column-0 fusion_builder_column_3_4 3_4 fusion-three-fourth fusion-column-first\" style=\"--awb-bg-size:cover;width:75%;width:calc(75% - ( ( 4% ) * 0.75 ) );margin-right: 4%;\"><div class=\"fusion-column-wrapper fusion-column-has-shadow fusion-flex-column-wrapper-legacy\"><div class=\"fusion-text fusion-text-1\"><table>\n<tbody>\n<tr bgcolor=\"#F6F6F6\">\n<td width=\"1200\">\n<h4><strong><a href=\"http:\/\/isitmakablosu.com\/tr\/oj-electonics\/\">\u00a0\u00a0Oj Electronics<\/a>   &#8211;   Sens\u00f6rler<\/h4>\n<\/td>\n<\/tr>\n<\/tbody>\n<\/table>\n<p>&nbsp;<\/p>\n<h3><span style=\"color: #000000;\">\u0130\u00e7 Mekan Sens\u00f6rleri<\/span><\/h3>\n<p style=\"text-align: justify;\"><span style=\"color: #808080;\">[row topmargin=&#8221;true&#8221;][full_column]<img decoding=\"async\" class=\"alignright wp-image-1438\" src=\"http:\/\/isitmakablosu.com\/TR\/wp-content\/uploads\/2016\/02\/termostat-2.jpg\" alt=\"termostat-2\" width=\"183\" height=\"182\" srcset=\"https:\/\/isitmakablosu.com\/TR\/wp-content\/uploads\/2016\/02\/termostat-2-66x66.jpg 66w, https:\/\/isitmakablosu.com\/TR\/wp-content\/uploads\/2016\/02\/termostat-2-150x150.jpg 150w, https:\/\/isitmakablosu.com\/TR\/wp-content\/uploads\/2016\/02\/termostat-2-200x199.jpg 200w, https:\/\/isitmakablosu.com\/TR\/wp-content\/uploads\/2016\/02\/termostat-2-300x300.jpg 300w, https:\/\/isitmakablosu.com\/TR\/wp-content\/uploads\/2016\/02\/termostat-2-400x399.jpg 400w, https:\/\/isitmakablosu.com\/TR\/wp-content\/uploads\/2016\/02\/termostat-2.jpg 552w\" sizes=\"(max-width: 183px) 100vw, 183px\" \/><\/span><br \/>\n<span style=\"color: #808080;\"> [header type=&#8221;4&#8243; line=&#8221;twoLines&#8221;]<span style=\"color: #000000;\">ETF-144\/99A D\u00f6\u015feme Sens\u00f6r\u00fc<\/span>[\/header]<\/span><br \/>\n<span style=\"color: #808080;\"> D\u00f6\u015feme sens\u00f6rleri ev i\u00e7i uygulamalarda beton alt\u0131 s\u0131cakl\u0131\u011f\u0131 \u00f6l\u00e7mek amac\u0131yla kullan\u0131l\u0131rlar. Yer sens\u00f6r\u00fc, 1991 kodu i\u00e7eren termostatlar ile beraber paketlenir.\u00a0Sens\u00f6r\u00fcn, ar\u0131za durumunda de\u011fi\u015ftirilmesini kolayla\u015ft\u0131rmak i\u00e7in ( geri \u00e7ekebilmek i\u00e7in) beton alt\u0131na a\u011fz\u0131 bantlanm\u0131\u015f spiral plastik boru i\u00e7inde yerle\u015ftirilmesi \u00f6nerilmektedir.\u00a0ETF 144\/ 99A serisi yer sens\u00f6rleri bu dok\u00fcmanda a\u00e7\u0131klanan t\u00fcm termostat modellerinde kullan\u0131lmaktad\u0131r.<\/span><br \/>\n<span style=\"color: #808080;\"> [\/full_column][\/row]<\/span><\/p>\n<p>&nbsp;<\/p>\n<p style=\"text-align: justify;\"><span style=\"color: #808080;\">[row topmargin=&#8221;true&#8221;][full_column]<img decoding=\"async\" class=\" wp-image-1516 alignright\" src=\"http:\/\/isitmakablosu.com\/tr\/wp-content\/uploads\/2016\/02\/etf-944-99-h.jpg\" alt=\"etf-944-99-h\" width=\"158\" height=\"178\" srcset=\"https:\/\/isitmakablosu.com\/TR\/wp-content\/uploads\/2016\/02\/etf-944-99-h-200x225.jpg 200w, https:\/\/isitmakablosu.com\/TR\/wp-content\/uploads\/2016\/02\/etf-944-99-h-266x300.jpg 266w, https:\/\/isitmakablosu.com\/TR\/wp-content\/uploads\/2016\/02\/etf-944-99-h.jpg 324w\" sizes=\"(max-width: 158px) 100vw, 158px\" \/><\/span><br \/>\n<span style=\"color: #808080;\"> [header type=&#8221;4&#8243; line=&#8221;twoLines&#8221;]<span style=\"color: #000000;\">ETF-944\/99-H Uzak Oda Sens\u00f6r\u00fc<\/span>[\/header]<\/span><br \/>\n<span style=\"color: #808080;\"> Uzak sens\u00f6r pano i\u00e7i termostatlara oda sens\u00f6r\u00fc veya duvar tipi termostattan konumundan farkl\u0131 bir noktaya sens\u00f6r yerle\u015ftirme ihtiyac\u0131 do\u011fdu\u011funda kullan\u0131l\u0131r.<\/span><br \/>\n<span style=\"color: #808080;\"> [\/full_column][\/row]<\/span><\/p>\n<h3><span style=\"color: #000000;\">D\u0131\u015f Mekan Sens\u00f6rleri<\/span><\/h3>\n<p><span style=\"color: #808080;\">[row topmargin=&#8221;true&#8221;][full_column]<\/span><\/p>\n<p style=\"text-align: justify;\"><span style=\"color: #808080;\">[header type=&#8221;4&#8243; line=&#8221;twoLines&#8221;]ETOG-55 Yer Tipi Sens\u00f6r[\/header]<\/span><br \/>\n<span style=\"color: #808080;\"> <img decoding=\"async\" class=\"size-full wp-image-2556 alignright\" src=\"http:\/\/isitmakablosu.com\/tr\/wp-content\/uploads\/2016\/02\/etog-55.jpg\" alt=\"etog-55\" width=\"206\" height=\"174\" srcset=\"https:\/\/isitmakablosu.com\/TR\/wp-content\/uploads\/2016\/02\/etog-55-200x169.jpg 200w, https:\/\/isitmakablosu.com\/TR\/wp-content\/uploads\/2016\/02\/etog-55.jpg 206w\" sizes=\"(max-width: 206px) 100vw, 206px\" \/>ETOG-55 sens\u00f6r\u00fc \u0131slakl\u0131\u011f\u0131 ve y\u00fczey \u0131s\u0131s\u0131n\u0131 alg\u0131lar. 6 damarl\u0131 10 metrelik uzatma kablosu i\u00e7eren bu \u00fcnite, rampan\u0131n y\u00fczeyine metal halkalar\u0131 yukar\u0131 do\u011fru bakacak \u015fekilde yerle\u015ftirilir. Konumland\u0131rma i\u00e7in uygulama alan\u0131n\u0131n en yo\u011fun kar alan b\u00f6l\u00fcmleri tercih edilmelidir.\u00a0ETOG-55 \u0131s\u0131tma kablolar\u0131 aras\u0131na a\u015fa\u011f\u0131daki \u015fekilde g\u00f6r\u00fcld\u00fc\u011f\u00fc gibi yerle\u015ftirilir. Kaplama y\u00fczeyi ile seviye sa\u011flamak amac\u0131yla \u00fcnitenin ortas\u0131na vidalanan metal \u00e7ubuk bir aparat mevcuttur. Sens\u00f6r\u00fcn etraf\u0131na \u015fap d\u00f6k\u00fcld\u00fckten sonra bu aparat \u00e7\u0131kart\u0131larak vida deli\u011fi yine paketten \u00e7\u0131kan plastik tapa ile kapat\u0131l\u0131r.\u00a0Bir ETO2-1550 kontrol \u00fcnitesine 2 adet ETOG-55 \u00fcnitesi ba\u011flamak m\u00fcmk\u00fcnd\u00fcr. Birden fazla ETOG sens\u00f6r \u00f6zellikle b\u00fcy\u00fck alan uygulamalar\u0131nda tercih edilmektedir. Kontrol \u00fcnitesi her iki sens\u00f6rdeki \u0131slakl\u0131k bitinceye kadar sistemin \u00e7al\u0131\u015fmas\u0131n\u0131 durdurmayacakt\u0131r. ETOG-55 \u00fcnitesi \u0131slakl\u0131\u011f\u0131n yan\u0131 s\u0131ra y\u00fczey s\u0131cakl\u0131\u011f\u0131n\u0131 \u00f6l\u00e7er ve d\u0131\u015f ortam sens\u00f6r\u00fc normal \u015fartlarda gerekli de\u011fildir.<\/span><\/p>\n<p><span style=\"color: #808080;\">[\/full_column][\/row]<\/span><\/p>\n<p><span style=\"color: #808080;\">[row topmargin=&#8221;true&#8221;][full_column]<\/span><\/p>\n<p style=\"text-align: justify;\"><span style=\"color: #808080;\">[header type=&#8221;4&#8243; line=&#8221;twoLines&#8221;]ETOR-55\u00a0\u00c7at\u0131 Tipi Sens\u00f6r[\/header]<\/span><br \/>\n<span style=\"color: #808080;\"> <img decoding=\"async\" class=\"size-full wp-image-2558 alignright\" src=\"http:\/\/isitmakablosu.com\/tr\/wp-content\/uploads\/2016\/02\/etor-55.jpg\" alt=\"etor-55\" width=\"209\" height=\"177\" srcset=\"https:\/\/isitmakablosu.com\/TR\/wp-content\/uploads\/2016\/02\/etor-55-200x169.jpg 200w, https:\/\/isitmakablosu.com\/TR\/wp-content\/uploads\/2016\/02\/etor-55.jpg 209w\" sizes=\"(max-width: 209px) 100vw, 209px\" \/>ETOR-55 sens\u00f6r sadece \u0131slakl\u0131\u011f\u0131 alg\u0131lar. Sens\u00f6r, d\u0131\u015f ortam sens\u00f6r\u00fc (ETF) ile beraber kullan\u0131l\u0131r. 4 damarl\u0131 10 metrelik uzatma kablosu i\u00e7eren bu \u00fcnite, kullan\u0131m amac\u0131na g\u00f6re olu\u011fa eriyen kar\u0131n akaca\u011f\u0131 y\u00f6nde, metal \u00e7ubuklar\u0131 yukar\u0131 do\u011fru bakacak \u015fekilde yerle\u015ftirilir veya ini\u015flere sark\u0131t\u0131l\u0131r. Konumland\u0131rma i\u00e7in binan\u0131n g\u00fcne\u015f alan taraf\u0131 tercih edilmelidir.\u00a0Bir ETO2-1550 kontrol \u00fcnitesine 2 adet ETOR-55 \u00fcnitesi ba\u011flamak m\u00fcmk\u00fcnd\u00fcr. Birden fazla ETOR sens\u00f6r \u00f6zellikle b\u00fcy\u00fck oluk uygulamalar\u0131nda tercih edilmektedir. Kontrol \u00fcnitesi her iki sens\u00f6rdeki \u0131slakl\u0131k bitinceye kadar sistemin \u00e7al\u0131\u015fmas\u0131n\u0131 durdurmayacakt\u0131r. ETOR-55 \u00fcnitesi, ETOG\u2019un aksine \u0131slakl\u0131\u011f\u0131n yan\u0131 s\u0131ra y\u00fczey s\u0131cakl\u0131\u011f\u0131n\u0131 \u00f6l\u00e7mez, bu ama\u00e7la d\u0131\u015f ortam sens\u00f6r\u00fc ETF kullan\u0131l\u0131r.<\/span><\/p>\n<p><span style=\"color: #808080;\">[\/full_column][\/row]<\/span><\/p>\n<p><span style=\"color: #808080;\">[row topmargin=&#8221;true&#8221;][full_column]<\/span><\/p>\n<p style=\"text-align: justify;\"><span style=\"color: #808080;\">[header type=&#8221;4&#8243; line=&#8221;twoLines&#8221;]ETF 744\/99\u00a0\u00c7at\u0131 Tipi Nem Sens\u00f6r\u00fc[\/header]<\/span><br \/>\n<span style=\"color: #808080;\"> <img decoding=\"async\" class=\"size-full wp-image-2560 alignright\" src=\"http:\/\/isitmakablosu.com\/tr\/wp-content\/uploads\/2016\/02\/etf744-99.jpg\" alt=\"etf744-99\" width=\"208\" height=\"178\" srcset=\"https:\/\/isitmakablosu.com\/TR\/wp-content\/uploads\/2016\/02\/etf744-99-200x171.jpg 200w, https:\/\/isitmakablosu.com\/TR\/wp-content\/uploads\/2016\/02\/etf744-99.jpg 208w\" sizes=\"(max-width: 208px) 100vw, 208px\" \/>ETF 744\/99 sens\u00f6r d\u0131\u015f ortam s\u0131cakl\u0131\u011f\u0131n\u0131 alg\u0131lamak i\u00e7in kullan\u0131l\u0131r. ETOR-55 \u00fcnitesinin s\u0131cakl\u0131k alg\u0131lama \u00f6zelli\u011fi olmad\u0131\u011f\u0131 i\u00e7in \u00e7at\u0131 uygulamalar\u0131nda ETOR-55 ile beraber kullanmak zorunludur. D\u0131\u015f ortam sens\u00f6r\u00fc ETF 744\/99 sa\u00e7ak alt\u0131na ve binan\u0131n kuzey taraf\u0131na yerle\u015ftirilmelidir.\u00a0ETOG-55 kullan\u0131lan beton alt\u0131 uygulamalarda ETF 744\/99 ortam sens\u00f6r\u00fc gerekli de\u011fildir. Beton alt\u0131 uygulamalarda d\u0131\u015f ortam sens\u00f6r\u00fc kritik sadece kar eritme sistemle rinde anl\u0131k ortam \u0131s\u0131s\u0131 de\u011fi\u015fikliklerini takip etmek amac\u0131yla kullan\u0131labilir.\u00a0Sistemin \u00e7al\u0131\u015fmas\u0131 \u0131slakl\u0131k sona erince veya s\u0131cakl\u0131\u011f\u0131n ayarlanan de\u011ferin \u00fczerine \u00e7\u0131kmas\u0131 ile durur. Sistem bu \u015fekilde durduktan sonra bile eritme sonras\u0131 olarak tan\u0131mlanan kullan\u0131c\u0131n\u0131n belirledi\u011fi ek s\u00fcre ile \u00e7al\u0131\u015fmas\u0131na devam eder.<\/span><\/p>\n<p><span style=\"color: #808080;\">[\/full_column][\/row]<\/span><\/p>\n<p><span style=\"color: #808080;\">[row topmargin=&#8221;true&#8221;][full_column]<img decoding=\"async\" class=\"size-full wp-image-2562 alignright\" src=\"http:\/\/isitmakablosu.com\/tr\/wp-content\/uploads\/2016\/02\/etf622.jpg\" alt=\"etf622\" width=\"80\" height=\"240\" \/><\/span><\/p>\n<p style=\"text-align: justify;\"><span style=\"color: #808080;\">[header type=&#8221;4&#8243; line=&#8221;twoLines&#8221;]ETF 622 Tank\/Boru Sens\u00f6r\u00fc[\/header]<\/span><\/p>\n<p style=\"text-align: justify;\"><span style=\"color: #808080;\">Elektrikli \u0131s\u0131tma kablolar\u0131 so\u011fuk hava \u015fartlar\u0131ndaki borular\u0131n veya tanklar\u0131n i\u00e7indeki s\u0131v\u0131lar\u0131n donmas\u0131n\u0131 \u00f6nlemek yada i\u00e7teki s\u0131v\u0131n\u0131n s\u00fcrekli olarak istenen s\u0131cakl\u0131k ayar\u0131nda tutulmas\u0131n\u0131 sa\u011flamak i\u00e7in kullan\u0131l\u0131r.\u00a0Bu ama\u00e7la \u0131s\u0131tma kablolar boru\/tank d\u0131\u015f y\u00fczeylerine sar\u0131l\u0131r ve \u00fczerlerine \u0131s\u0131 yal\u0131t\u0131m\u0131 uygulan\u0131r. OJ termostatlar\u0131 boru\/tank d\u0131\u015f y\u00fczeyine yerle\u015ftirilir ve y\u00fczey s\u0131cakl\u0131\u011f\u0131 istenen s\u0131cakl\u0131\u011fa gelinceye kadar \u0131s\u0131tma kablolar\u0131n\u0131n \u00e7al\u0131\u015fmas\u0131n\u0131 sa\u011flar. Y\u00fczey istenen s\u0131cakl\u0131\u011fa ula\u015ft\u0131\u011f\u0131nda boru i\u00e7i s\u0131v\u0131 da istenen s\u0131cakl\u0131\u011fa ula\u015fm\u0131\u015f demektir.<\/span><\/p>\n<p><span style=\"color: #808080;\">[\/full_column][\/row]<\/span><\/p>\n<\/div><div class=\"fusion-clearfix\"><\/div><\/div><\/div><div class=\"fusion-layout-column fusion_builder_column fusion-builder-column-1 fusion_builder_column_1_4 1_4 fusion-one-fourth fusion-column-last\" style=\"--awb-bg-size:cover;width:25%;width:calc(25% - ( ( 4% ) * 0.25 ) );\"><div class=\"fusion-column-wrapper fusion-column-has-shadow fusion-flex-column-wrapper-legacy\"><div class=\"fusion-widget-area awb-widget-area-element fusion-widget-area-1 fusion-content-widget-area\" style=\"--awb-title-color:#333333;--awb-padding:0px 0px 0px 0px;\"><div id=\"nav_menu-3\" class=\"widget widget_nav_menu\"><div class=\"menu-oj-container\"><ul id=\"menu-oj\" class=\"menu\"><li id=\"menu-item-3062\" class=\"menu-item menu-item-type-post_type menu-item-object-page menu-item-3062\"><a href=\"https:\/\/isitmakablosu.com\/TR\/urunler\/oj-electronics\/mtu\/\">MTU<\/a><\/li>\n<li id=\"menu-item-3065\" class=\"menu-item menu-item-type-post_type menu-item-object-page menu-item-3065\"><a href=\"https:\/\/isitmakablosu.com\/TR\/urunler\/oj-electronics\/otn\/\">OTN<\/a><\/li>\n<li id=\"menu-item-3066\" class=\"menu-item menu-item-type-post_type menu-item-object-page menu-item-3066\"><a href=\"https:\/\/isitmakablosu.com\/TR\/urunler\/oj-electronics\/otn2\/\">OTN2<\/a><\/li>\n<li id=\"menu-item-3069\" class=\"menu-item menu-item-type-post_type menu-item-object-page menu-item-3069\"><a href=\"https:\/\/isitmakablosu.com\/TR\/urunler\/oj-electronics\/occ-2\/\">OCC 2<\/a><\/li>\n<li id=\"menu-item-3102\" class=\"menu-item menu-item-type-post_type menu-item-object-page menu-item-3102\"><a href=\"https:\/\/isitmakablosu.com\/TR\/urunler\/oj-electronics\/ocd-2\/\">OCD 2<\/a><\/li>\n<li id=\"menu-item-3063\" class=\"menu-item menu-item-type-post_type menu-item-object-page menu-item-3063\"><a href=\"https:\/\/isitmakablosu.com\/TR\/urunler\/oj-electronics\/otd\/\">OTD<\/a><\/li>\n<li id=\"menu-item-3064\" class=\"menu-item menu-item-type-post_type menu-item-object-page menu-item-3064\"><a href=\"https:\/\/isitmakablosu.com\/TR\/urunler\/oj-electronics\/otd2\/\">OTD2<\/a><\/li>\n<li id=\"menu-item-3101\" class=\"menu-item menu-item-type-post_type menu-item-object-page menu-item-3101\"><a href=\"https:\/\/isitmakablosu.com\/TR\/urunler\/oj-electronics\/etv\/\">ETV<\/a><\/li>\n<li id=\"menu-item-3096\" class=\"menu-item menu-item-type-post_type menu-item-object-page menu-item-3096\"><a href=\"https:\/\/isitmakablosu.com\/TR\/urunler\/oj-electronics\/eti-1221-2\/\">ETI 1221<\/a><\/li>\n<li id=\"menu-item-3097\" class=\"menu-item menu-item-type-post_type menu-item-object-page menu-item-3097\"><a href=\"https:\/\/isitmakablosu.com\/TR\/urunler\/oj-electronics\/eti-1551\/\">ETI 1551<\/a><\/li>\n<li id=\"menu-item-3098\" class=\"menu-item menu-item-type-post_type menu-item-object-page menu-item-3098\"><a href=\"https:\/\/isitmakablosu.com\/TR\/urunler\/oj-electronics\/etn-2\/\">ETN<\/a><\/li>\n<li id=\"menu-item-3099\" class=\"menu-item menu-item-type-post_type menu-item-object-page menu-item-3099\"><a href=\"https:\/\/isitmakablosu.com\/TR\/urunler\/oj-electronics\/eto2-4550\/\">ETO2 4550<\/a><\/li>\n<li id=\"menu-item-3100\" class=\"menu-item menu-item-type-post_type menu-item-object-page menu-item-3100\"><a href=\"https:\/\/isitmakablosu.com\/TR\/urunler\/oj-electronics\/etr2\/\">ETR2<\/a><\/li>\n<li id=\"menu-item-3103\" class=\"menu-item menu-item-type-post_type menu-item-object-page menu-item-3103\"><a href=\"https:\/\/isitmakablosu.com\/TR\/urunler\/oj-electronics\/sensorler\/\">Sens\u00f6rler<\/a><\/li>\n<\/ul><\/div><\/div><div class=\"fusion-additional-widget-content\"><\/div><\/div><div class=\"fusion-clearfix\"><\/div><\/div><\/div><\/div><\/div>\n","protected":false},"excerpt":{"rendered":"","protected":false},"author":1,"featured_media":0,"parent":1364,"menu_order":0,"comment_status":"closed","ping_status":"closed","template":"","meta":{"footnotes":""},"class_list":["post-3093","page","type-page","status-publish","hentry"],"_links":{"self":[{"href":"https:\/\/isitmakablosu.com\/TR\/wp-json\/wp\/v2\/pages\/3093","targetHints":{"allow":["GET"]}}],"collection":[{"href":"https:\/\/isitmakablosu.com\/TR\/wp-json\/wp\/v2\/pages"}],"about":[{"href":"https:\/\/isitmakablosu.com\/TR\/wp-json\/wp\/v2\/types\/page"}],"author":[{"embeddable":true,"href":"https:\/\/isitmakablosu.com\/TR\/wp-json\/wp\/v2\/users\/1"}],"replies":[{"embeddable":true,"href":"https:\/\/isitmakablosu.com\/TR\/wp-json\/wp\/v2\/comments?post=3093"}],"version-history":[{"count":1,"href":"https:\/\/isitmakablosu.com\/TR\/wp-json\/wp\/v2\/pages\/3093\/revisions"}],"predecessor-version":[{"id":3094,"href":"https:\/\/isitmakablosu.com\/TR\/wp-json\/wp\/v2\/pages\/3093\/revisions\/3094"}],"up":[{"embeddable":true,"href":"https:\/\/isitmakablosu.com\/TR\/wp-json\/wp\/v2\/pages\/1364"}],"wp:attachment":[{"href":"https:\/\/isitmakablosu.com\/TR\/wp-json\/wp\/v2\/media?parent=3093"}],"curies":[{"name":"wp","href":"https:\/\/api.w.org\/{rel}","templated":true}]}}