{"id":3112,"date":"2020-03-14T23:06:32","date_gmt":"2020-03-14T20:06:32","guid":{"rendered":"http:\/\/isitmakablosu.com\/TR\/?page_id=3112"},"modified":"2020-03-14T23:49:22","modified_gmt":"2020-03-14T20:49:22","slug":"futbol-sahasi-isitma","status":"publish","type":"page","link":"https:\/\/isitmakablosu.com\/TR\/kullanim-alanlari\/futbol-sahasi-isitma\/","title":{"rendered":"Futbol Sahas\u0131 Is\u0131tma"},"content":{"rendered":"<div class=\"fusion-fullwidth fullwidth-box fusion-builder-row-1 nonhundred-percent-fullwidth non-hundred-percent-height-scrolling\" style=\"--awb-border-radius-top-left:0px;--awb-border-radius-top-right:0px;--awb-border-radius-bottom-right:0px;--awb-border-radius-bottom-left:0px;--awb-flex-wrap:wrap;\" ><div class=\"fusion-builder-row fusion-row\"><div class=\"fusion-layout-column fusion_builder_column fusion-builder-column-0 fusion_builder_column_3_4 3_4 fusion-three-fourth fusion-column-first\" style=\"--awb-bg-size:cover;width:75%;width:calc(75% - ( ( 4% ) * 0.75 ) );margin-right: 4%;\"><div class=\"fusion-column-wrapper fusion-column-has-shadow fusion-flex-column-wrapper-legacy\"><div class=\"fusion-text fusion-text-1\"><p><img decoding=\"async\" class=\"alignnone wp-image-2374 size-large\" src=\"http:\/\/isitmakablosu.com\/TR\/wp-content\/uploads\/2016\/02\/futbol-sahas\u0131-\u0131s\u0131tma-sistemleri-resmi--1024x380.jpg\" alt=\"\" width=\"1024\" height=\"380\" srcset=\"https:\/\/isitmakablosu.com\/TR\/wp-content\/uploads\/2016\/02\/futbol-sahas\u0131-\u0131s\u0131tma-sistemleri-resmi--200x74.jpg 200w, https:\/\/isitmakablosu.com\/TR\/wp-content\/uploads\/2016\/02\/futbol-sahas\u0131-\u0131s\u0131tma-sistemleri-resmi--300x111.jpg 300w, https:\/\/isitmakablosu.com\/TR\/wp-content\/uploads\/2016\/02\/futbol-sahas\u0131-\u0131s\u0131tma-sistemleri-resmi--400x148.jpg 400w, https:\/\/isitmakablosu.com\/TR\/wp-content\/uploads\/2016\/02\/futbol-sahas\u0131-\u0131s\u0131tma-sistemleri-resmi--600x223.jpg 600w, https:\/\/isitmakablosu.com\/TR\/wp-content\/uploads\/2016\/02\/futbol-sahas\u0131-\u0131s\u0131tma-sistemleri-resmi--768x285.jpg 768w, https:\/\/isitmakablosu.com\/TR\/wp-content\/uploads\/2016\/02\/futbol-sahas\u0131-\u0131s\u0131tma-sistemleri-resmi--800x297.jpg 800w, https:\/\/isitmakablosu.com\/TR\/wp-content\/uploads\/2016\/02\/futbol-sahas\u0131-\u0131s\u0131tma-sistemleri-resmi--1024x380.jpg 1024w, https:\/\/isitmakablosu.com\/TR\/wp-content\/uploads\/2016\/02\/futbol-sahas\u0131-\u0131s\u0131tma-sistemleri-resmi--1200x445.jpg 1200w, https:\/\/isitmakablosu.com\/TR\/wp-content\/uploads\/2016\/02\/futbol-sahas\u0131-\u0131s\u0131tma-sistemleri-resmi-.jpg 1280w\" sizes=\"(max-width: 1024px) 100vw, 1024px\" \/><\/p>\n<p>Is\u0131tma kablolar\u0131n toprak \u0131s\u0131tmas\u0131nda kullan\u0131lmas\u0131na en uygun \u00f6rneklerden biri de kar ve buz \u00f6nleme ama\u00e7l\u0131 spor sahas\u0131 \u0131s\u0131tmas\u0131d\u0131r. Avrupa\u2019daki futbol sahalar\u0131n\u0131n bir \u00e7o\u011fu elektrikli \u0131s\u0131tma kablolar\u0131 ile donat\u0131lm\u0131\u015ft\u0131r.<br \/>\nSaha \u0131s\u0131tma sistemin kontrol\u00fc tamamen otomatiktir. Daha ilk kar d\u00fc\u015fmesi ile tetiklenen sistem kablolara an\u0131nda enerji verir ve ma\u00e7 saatinde saha ko\u015fullar\u0131n\u0131n futbol oynamaya elveri\u015fli olmas\u0131n\u0131 sa\u011flar. Ayr\u0131ca toprak \u0131s\u0131n\u0131nca \u00e7imin baharda erken b\u00fcy\u00fcmesi sa\u011flan\u0131r<br \/>\nK\u00f6klerin \u0131s\u0131nmas\u0131yla b\u00fcy\u00fcme d\u00f6nemi uzat\u0131larak sonbaharda futbol sezonu da uzat\u0131l\u0131r.<\/p>\n<\/div><div class=\"fusion-clearfix\"><\/div><\/div><\/div><div class=\"fusion-layout-column fusion_builder_column fusion-builder-column-1 fusion_builder_column_1_4 1_4 fusion-one-fourth fusion-column-last\" style=\"--awb-bg-size:cover;width:25%;width:calc(25% - ( ( 4% ) * 0.25 ) );\"><div class=\"fusion-column-wrapper fusion-column-has-shadow fusion-flex-column-wrapper-legacy\"><div class=\"fusion-widget-area awb-widget-area-element fusion-widget-area-1 fusion-content-widget-area\" style=\"--awb-title-color:#333333;--awb-padding:0px 0px 0px 0px;\"><div id=\"nav_menu-4\" class=\"widget widget_nav_menu\"><div class=\"heading\"><h4 class=\"widget-title\">Kullan\u0131m Alanlar\u0131<\/h4><\/div><div class=\"menu-kullanim-container\"><ul id=\"menu-kullanim\" class=\"menu\"><li id=\"menu-item-3046\" class=\"menu-item menu-item-type-post_type menu-item-object-page menu-item-3046\"><a href=\"https:\/\/isitmakablosu.com\/TR\/kullanim-alanlari\/acik-alanlarda-yaya-guvenligi\/\">A\u00e7\u0131k alanlarda Yaya G\u00fcvenli\u011fi<\/a><\/li>\n<li id=\"menu-item-3047\" class=\"menu-item menu-item-type-post_type menu-item-object-page menu-item-3047\"><a href=\"https:\/\/isitmakablosu.com\/TR\/kullanim-alanlari\/beton-kurutma-sistemleri\/\">Beton Kurutma Sistemleri<\/a><\/li>\n<li id=\"menu-item-3048\" class=\"menu-item menu-item-type-post_type menu-item-object-page menu-item-3048\"><a href=\"https:\/\/isitmakablosu.com\/TR\/kullanim-alanlari\/boru-koruma-sistemleri\/\">Boru Koruma Sistemleri<\/a><\/li>\n<li id=\"menu-item-3049\" class=\"menu-item menu-item-type-post_type menu-item-object-page menu-item-3049\"><a href=\"https:\/\/isitmakablosu.com\/TR\/kullanim-alanlari\/cati-sacaklari\/\">Buz \u00c7\u00f6zme, Sark\u0131t \u00d6nleme<\/a><\/li>\n<li id=\"menu-item-3050\" class=\"menu-item menu-item-type-post_type menu-item-object-page menu-item-3050\"><a href=\"https:\/\/isitmakablosu.com\/TR\/kullanim-alanlari\/cami-ve-tarihi-eser-isitma\/\">Cami ve Tarihi Eser Is\u0131tma<\/a><\/li>\n<li id=\"menu-item-3051\" class=\"menu-item menu-item-type-post_type menu-item-object-page menu-item-3051\"><a href=\"https:\/\/isitmakablosu.com\/TR\/kullanim-alanlari\/cati-oluk-buz-onleme\/\">\u00c7at\u0131 Oluk Buz \u00d6nleme<\/a><\/li>\n<li id=\"menu-item-3052\" class=\"menu-item menu-item-type-post_type menu-item-object-page menu-item-3052\"><a href=\"https:\/\/isitmakablosu.com\/TR\/kullanim-alanlari\/fuaye-ve-lobi-isitma\/\">Fuaye ve Lobi \u0131s\u0131tma<\/a><\/li>\n<li id=\"menu-item-3115\" class=\"menu-item menu-item-type-post_type menu-item-object-page menu-item-3115\"><a href=\"https:\/\/isitmakablosu.com\/TR\/kullanim-alanlari\/futbol-sahasi-isitma\/\">Futbol Sahas\u0131 Is\u0131tma<\/a><\/li>\n<li id=\"menu-item-3044\" class=\"menu-item menu-item-type-post_type menu-item-object-page menu-item-3044\"><a href=\"https:\/\/isitmakablosu.com\/TR\/kullanim-alanlari\/hamam-isitmasi\/\">Hamam Is\u0131tmas\u0131<\/a><\/li>\n<li id=\"menu-item-3053\" class=\"menu-item menu-item-type-post_type menu-item-object-page menu-item-3053\"><a href=\"https:\/\/isitmakablosu.com\/TR\/kullanim-alanlari\/hayvan-barinagi-isitma\/\">Hayvan Bar\u0131na\u011f\u0131 \u0131s\u0131tma<\/a><\/li>\n<li id=\"menu-item-3054\" class=\"menu-item menu-item-type-post_type menu-item-object-page menu-item-3054\"><a href=\"https:\/\/isitmakablosu.com\/TR\/kullanim-alanlari\/kapali-havuz-isitma\/\">Kapal\u0131 Havuz \u0131s\u0131tma<\/a><\/li>\n<li id=\"menu-item-3056\" class=\"menu-item menu-item-type-post_type menu-item-object-page menu-item-3056\"><a href=\"https:\/\/isitmakablosu.com\/TR\/kullanim-alanlari\/kis-bahceleri\/\">K\u0131\u015f Bah\u00e7eleri<\/a><\/li>\n<li id=\"menu-item-3058\" class=\"menu-item menu-item-type-post_type menu-item-object-page menu-item-3058\"><a href=\"https:\/\/isitmakablosu.com\/TR\/kullanim-alanlari\/soguk-oda-dosemeleri\/\">So\u011fuk Oda D\u00f6\u015femeleri<\/a><\/li>\n<li id=\"menu-item-3045\" class=\"menu-item menu-item-type-post_type menu-item-object-page menu-item-3045\"><a href=\"https:\/\/isitmakablosu.com\/TR\/kullanim-alanlari\/tam-ev-isitmasi\/\">Tam Ev Is\u0131tmas\u0131<\/a><\/li>\n<li id=\"menu-item-3059\" class=\"menu-item menu-item-type-post_type menu-item-object-page menu-item-3059\"><a href=\"https:\/\/isitmakablosu.com\/TR\/kullanim-alanlari\/tank-isitma-sistemleri\/\">Tank \u0131s\u0131tma Sistemleri<\/a><\/li>\n<li id=\"menu-item-3060\" class=\"menu-item menu-item-type-post_type menu-item-object-page menu-item-3060\"><a href=\"https:\/\/isitmakablosu.com\/TR\/kullanim-alanlari\/toprak-isitma\/\">Toprak Is\u0131tma<\/a><\/li>\n<li id=\"menu-item-3061\" class=\"menu-item menu-item-type-post_type menu-item-object-page menu-item-3061\"><a href=\"https:\/\/isitmakablosu.com\/TR\/kullanim-alanlari\/uydu-anten-sistemleri\/\">Uydu Anten Is\u0131tma<\/a><\/li>\n<\/ul><\/div><\/div><div class=\"fusion-additional-widget-content\"><\/div><\/div><div class=\"fusion-clearfix\"><\/div><\/div><\/div><\/div><\/div>\n","protected":false},"excerpt":{"rendered":"","protected":false},"author":1,"featured_media":0,"parent":1293,"menu_order":0,"comment_status":"closed","ping_status":"closed","template":"","meta":{"footnotes":""},"class_list":["post-3112","page","type-page","status-publish","hentry"],"_links":{"self":[{"href":"https:\/\/isitmakablosu.com\/TR\/wp-json\/wp\/v2\/pages\/3112","targetHints":{"allow":["GET"]}}],"collection":[{"href":"https:\/\/isitmakablosu.com\/TR\/wp-json\/wp\/v2\/pages"}],"about":[{"href":"https:\/\/isitmakablosu.com\/TR\/wp-json\/wp\/v2\/types\/page"}],"author":[{"embeddable":true,"href":"https:\/\/isitmakablosu.com\/TR\/wp-json\/wp\/v2\/users\/1"}],"replies":[{"embeddable":true,"href":"https:\/\/isitmakablosu.com\/TR\/wp-json\/wp\/v2\/comments?post=3112"}],"version-history":[{"count":2,"href":"https:\/\/isitmakablosu.com\/TR\/wp-json\/wp\/v2\/pages\/3112\/revisions"}],"predecessor-version":[{"id":3128,"href":"https:\/\/isitmakablosu.com\/TR\/wp-json\/wp\/v2\/pages\/3112\/revisions\/3128"}],"up":[{"embeddable":true,"href":"https:\/\/isitmakablosu.com\/TR\/wp-json\/wp\/v2\/pages\/1293"}],"wp:attachment":[{"href":"https:\/\/isitmakablosu.com\/TR\/wp-json\/wp\/v2\/media?parent=3112"}],"curies":[{"name":"wp","href":"https:\/\/api.w.org\/{rel}","templated":true}]}}