{"id":3248,"date":"2020-03-15T17:50:45","date_gmt":"2020-03-15T14:50:45","guid":{"rendered":"http:\/\/isitmakablosu.com\/TR\/?page_id=3248"},"modified":"2020-03-15T17:50:45","modified_gmt":"2020-03-15T14:50:45","slug":"uygulama","status":"publish","type":"page","link":"https:\/\/isitmakablosu.com\/TR\/uygulama\/","title":{"rendered":"Uygulama"},"content":{"rendered":"<div class=\"fusion-fullwidth fullwidth-box fusion-builder-row-1 nonhundred-percent-fullwidth non-hundred-percent-height-scrolling\" style=\"--awb-border-radius-top-left:0px;--awb-border-radius-top-right:0px;--awb-border-radius-bottom-right:0px;--awb-border-radius-bottom-left:0px;--awb-flex-wrap:wrap;\" ><div class=\"fusion-builder-row fusion-row\"><div class=\"fusion-layout-column fusion_builder_column fusion-builder-column-0 fusion_builder_column_1_1 1_1 fusion-one-full fusion-column-first fusion-column-last\" style=\"--awb-bg-size:cover;\"><div class=\"fusion-column-wrapper fusion-column-has-shadow fusion-flex-column-wrapper-legacy\"><div class=\"fusion-text fusion-text-1\"><p style=\"text-align: justify;\"><span style=\"color: #808080;\"><img decoding=\"async\" class=\"alignright wp-image-1717\" src=\"http:\/\/isitmakablosu.com\/tr\/wp-content\/uploads\/2016\/02\/s\u0131tma-kablosu-on-hazirlik-fizibilitesi.png\" alt=\"\u0131s\u0131tma-kablosu-on-hazirlik-fizibilitesi\" width=\"210\" height=\"204\" srcset=\"https:\/\/isitmakablosu.com\/TR\/wp-content\/uploads\/2016\/02\/s\u0131tma-kablosu-on-hazirlik-fizibilitesi-200x195.png 200w, https:\/\/isitmakablosu.com\/TR\/wp-content\/uploads\/2016\/02\/s\u0131tma-kablosu-on-hazirlik-fizibilitesi-300x292.png 300w, https:\/\/isitmakablosu.com\/TR\/wp-content\/uploads\/2016\/02\/s\u0131tma-kablosu-on-hazirlik-fizibilitesi-400x389.png 400w, https:\/\/isitmakablosu.com\/TR\/wp-content\/uploads\/2016\/02\/s\u0131tma-kablosu-on-hazirlik-fizibilitesi.png 526w\" sizes=\"(max-width: 210px) 100vw, 210px\" \/>Elektrikli \u0131s\u0131tma kablosu sistemleri uygulanacak alanlarda, \u00f6n haz\u0131rl\u0131k olarak alan\u0131n \u00f6l\u00e7\u00fcleri al\u0131n\u0131r ve dijital ortamda \u00e7izimleri yap\u0131l\u0131r. Bu plana g\u00f6re fizibilite haz\u0131rlan\u0131r. B\u00f6ylece kullan\u0131lacak \u0131s\u0131tma kablosu yard\u0131mc\u0131 elemanlar\u0131 ve d\u00f6\u015feme aral\u0131\u011f\u0131 belirlenir.\u00a0Bu bilgiler \u0131\u015f\u0131\u011f\u0131nda,\u00a0uygulaman\u0131n projesi dijital ortamda haz\u0131rlan\u0131r ve montaj a\u015famas\u0131na ge\u00e7ilir.<\/span><br \/>\n<span style=\"color: #808080;\"> Is\u0131tma kablolar\u0131 montaj\u0131nda farkl\u0131 y\u00f6ntemler kullan\u0131lmaktad\u0131r.<\/span><\/p>\n<ul>\n<li style=\"text-align: justify;\"><span style=\"color: #808080;\">\u00c7elik haz\u0131r y\u00f6ntemi<\/span><\/li>\n<li style=\"text-align: justify;\"><span style=\"color: #808080;\">K\u00fcmes y\u00f6ntemi<\/span><\/li>\n<li style=\"text-align: justify;\"><span style=\"color: #808080;\">Montaj band\u0131<\/span><\/li>\n<\/ul>\n<p style=\"text-align: justify;\"><span style=\"color: #333333;\"><strong>\u00c7elik Montaj Band\u0131<\/strong><\/span><br \/>\n<span style=\"color: #808080;\"> Is\u0131tma kablosunda montaj\u0131 i\u00e7in en uygun aparatlar\u0131ndan biri \u00e7elik montaj band\u0131d\u0131r. Her 2.5 cm\u2019de bir kilitleme \u00e7enti\u011fi olan montaj band\u0131, kablo d\u00f6ng\u00fclerinin istenilen C-C aral\u0131\u011f\u0131na uygun d\u00f6\u015fenmesine olanak sa\u011flar. Kilitleme mekanizmas\u0131 \u015fap d\u00f6k\u00fcm\u00fc a\u015famas\u0131nda kablolar\u0131n \u00e7entikten kurtularak kaymalar\u0131n\u0131 \u00f6nler.\u00a0Montaj bantlar\u0131 zemine \u00e7ak\u0131labilir veya yap\u0131\u015ft\u0131r\u0131labilir.\u00a0Montaj bantlar\u0131 aras\u0131nda kablonun gerginli\u011fini korumas\u0131 i\u00e7in 50-60 cm mesafe b\u0131rakmak genellikle yeterlidir. Ancak, C-C aral\u0131\u011f\u0131 5 cm veya daha d\u00fc\u015f\u00fckse bu mesafe 30-35 cm\u2019e d\u00fc\u015f\u00fcr\u00fclmelidir.<\/span><\/p>\n<p style=\"text-align: justify;\"><span style=\"color: #333333;\"><strong>\u00c7elik Has\u0131r Montaj Y\u00f6ntemi\u00a0<\/strong><\/span><br \/>\n<span style=\"color: #808080;\"> \u00c7elik has\u0131r betona mukavemet kazand\u0131rmak amac\u0131yla zemine d\u00f6\u015fenen bir in\u015faat donat\u0131s\u0131d\u0131r. Bu donat\u0131, \u0131s\u0131tma kablolar\u0131n\u0131n montaj\u0131 i\u00e7in son derece uygun bir alt yap\u0131 olu\u015fturur.\u00a0Is\u0131tma kablolar\u0131 yandaki resimde g\u00f6r\u00fcld\u00fc\u011f\u00fc gibi has\u0131r \u00e7elik \u00fczerine sabitlenir ve \u00fczerine tek seferde \u015fap d\u00f6k\u00fcl\u00fcr.<\/span><br \/>\n<span style=\"color: #808080;\"> \u2022 \u00c7elik has\u0131r y\u00f6ntemi, \u0131s\u0131tma kablosu montaj\u0131 i\u00e7in ek malzeme ve in\u015faat i\u015f\u00e7ili\u011fi maliyeti \u00e7\u0131karmaz.<\/span><br \/>\n<span style=\"color: #808080;\"> \u2022 Kablo montaj\u0131 kolay ve h\u0131zl\u0131d\u0131r.<\/span><br \/>\n<span style=\"color: #808080;\"> \u2022 \u015eap tek seferde d\u00f6k\u00fcl\u00fcr<\/span><br \/>\n<span style=\"color: #808080;\"> \u2022 Montaj bant\u0131 sabitlemesi harcanan s\u00fcre ortadan kalkar.<\/span><\/p>\n<p style=\"text-align: justify;\"><span style=\"color: #333333;\"><strong>K\u00fcmes Teli Montaj Y\u00f6ntemi<\/strong><\/span><br \/>\n<span style=\"color: #808080;\"> Is\u0131tma kablolar\u0131 montaj\u0131nda s\u0131k kullan\u0131lan di\u011fer bir y\u00f6ntem k\u00fcmes teli \u00fczerine yap\u0131lan imalatt\u0131r. \u00c7elik has\u0131r uygulamas\u0131na benzer, ancak k\u00fcmes teli daha hafif ve incedir.\u00a0K\u00fcmes teli \u0131s\u0131tma kablolar\u0131n\u0131n \u0131s\u0131 yal\u0131t\u0131m levhalar\u0131na direk temas etmesini \u00f6nler ve has\u0131r \u00e7elik y\u00f6nteminde oldu\u011fu gibi tek seferde \u015fap d\u00f6k\u00fclmesine olanak verir.\u00a0K\u00fcmes telinin ince olmas\u0131 y\u00fckseltme pay\u0131n\u0131n az oldu\u011fu d\u00f6\u015femelerde kullan\u0131lmas\u0131na olanak verir.<\/span><\/p>\n<\/div><div class=\"fusion-clearfix\"><\/div><\/div><\/div><\/div><\/div>\n","protected":false},"excerpt":{"rendered":"","protected":false},"author":1,"featured_media":0,"parent":0,"menu_order":0,"comment_status":"closed","ping_status":"closed","template":"","meta":{"footnotes":""},"class_list":["post-3248","page","type-page","status-publish","hentry"],"_links":{"self":[{"href":"https:\/\/isitmakablosu.com\/TR\/wp-json\/wp\/v2\/pages\/3248","targetHints":{"allow":["GET"]}}],"collection":[{"href":"https:\/\/isitmakablosu.com\/TR\/wp-json\/wp\/v2\/pages"}],"about":[{"href":"https:\/\/isitmakablosu.com\/TR\/wp-json\/wp\/v2\/types\/page"}],"author":[{"embeddable":true,"href":"https:\/\/isitmakablosu.com\/TR\/wp-json\/wp\/v2\/users\/1"}],"replies":[{"embeddable":true,"href":"https:\/\/isitmakablosu.com\/TR\/wp-json\/wp\/v2\/comments?post=3248"}],"version-history":[{"count":1,"href":"https:\/\/isitmakablosu.com\/TR\/wp-json\/wp\/v2\/pages\/3248\/revisions"}],"predecessor-version":[{"id":3249,"href":"https:\/\/isitmakablosu.com\/TR\/wp-json\/wp\/v2\/pages\/3248\/revisions\/3249"}],"wp:attachment":[{"href":"https:\/\/isitmakablosu.com\/TR\/wp-json\/wp\/v2\/media?parent=3248"}],"curies":[{"name":"wp","href":"https:\/\/api.w.org\/{rel}","templated":true}]}}