{"id":3250,"date":"2020-03-15T17:52:02","date_gmt":"2020-03-15T14:52:02","guid":{"rendered":"http:\/\/isitmakablosu.com\/TR\/?page_id=3250"},"modified":"2020-03-15T17:52:40","modified_gmt":"2020-03-15T14:52:40","slug":"genel-dagitici","status":"publish","type":"page","link":"https:\/\/isitmakablosu.com\/TR\/genel-dagitici\/","title":{"rendered":"Genel Da\u011f\u0131t\u0131c\u0131"},"content":{"rendered":"<div class=\"fusion-fullwidth fullwidth-box fusion-builder-row-1 nonhundred-percent-fullwidth non-hundred-percent-height-scrolling\" style=\"--awb-border-radius-top-left:0px;--awb-border-radius-top-right:0px;--awb-border-radius-bottom-right:0px;--awb-border-radius-bottom-left:0px;--awb-flex-wrap:wrap;\" ><div class=\"fusion-builder-row fusion-row\"><div class=\"fusion-layout-column fusion_builder_column fusion-builder-column-0 fusion_builder_column_1_1 1_1 fusion-one-full fusion-column-first fusion-column-last\" style=\"--awb-bg-size:cover;\"><div class=\"fusion-column-wrapper fusion-column-has-shadow fusion-flex-column-wrapper-legacy\"><div class=\"fusion-text fusion-text-1\"><p style=\"text-align: justify;\"><img decoding=\"async\" class=\"alignleft wp-image-1611 \" src=\"http:\/\/isitmakablosu.com\/TR\/wp-content\/uploads\/2016\/02\/nex-e1455716492422.jpg\" alt=\"nex\" width=\"394\" height=\"146\" srcset=\"https:\/\/isitmakablosu.com\/TR\/wp-content\/uploads\/2016\/02\/nex-e1455716492422-200x74.jpg 200w, https:\/\/isitmakablosu.com\/TR\/wp-content\/uploads\/2016\/02\/nex-e1455716492422.jpg 300w\" sizes=\"(max-width: 394px) 100vw, 394px\" \/><\/p>\n<h4 style=\"text-align: none;\">Nexans Is\u0131tma Kablosu \u00dcr\u00fcnleri T\u00fcrkiye Genel Da\u011f\u0131t\u0131c\u0131s\u0131<\/h4>\n<p style=\"text-align: justify;\">Partners Yap\u0131 Proje \u0130n\u015f. San. Tic. Ltd. \u015eti. olarak Nexans Is\u0131tma Kablolar\u0131 T\u00fcrkiye Genel Da\u011f\u0131t\u0131c\u0131s\u0131y\u0131z. Sekt\u00f6rde uygulama yapacak firmalara \u00fcr\u00fcn tedari\u011fini sa\u011flamaktay\u0131z. Nexans Is\u0131tma Kablosu grubunun t\u00fcm \u00fcr\u00fcnleri \u0130stanbul&#8217;daki depomuzda mevcut olup ihtiya\u00e7 halinde hemen sevk edilebilir. Proje uygulamalar\u0131nda belirtilen \u0131s\u0131tma kablolar\u0131n\u0131n tedarik s\u00fcreci planlanan s\u00fcrede temin edilerek, projenin\u00a0aksamamas\u0131na\u00a0destek oluyoruz.<\/p>\n<\/div><div class=\"fusion-clearfix\"><\/div><\/div><\/div><\/div><\/div>\n","protected":false},"excerpt":{"rendered":"","protected":false},"author":1,"featured_media":0,"parent":0,"menu_order":0,"comment_status":"closed","ping_status":"closed","template":"","meta":{"footnotes":""},"class_list":["post-3250","page","type-page","status-publish","hentry"],"_links":{"self":[{"href":"https:\/\/isitmakablosu.com\/TR\/wp-json\/wp\/v2\/pages\/3250","targetHints":{"allow":["GET"]}}],"collection":[{"href":"https:\/\/isitmakablosu.com\/TR\/wp-json\/wp\/v2\/pages"}],"about":[{"href":"https:\/\/isitmakablosu.com\/TR\/wp-json\/wp\/v2\/types\/page"}],"author":[{"embeddable":true,"href":"https:\/\/isitmakablosu.com\/TR\/wp-json\/wp\/v2\/users\/1"}],"replies":[{"embeddable":true,"href":"https:\/\/isitmakablosu.com\/TR\/wp-json\/wp\/v2\/comments?post=3250"}],"version-history":[{"count":2,"href":"https:\/\/isitmakablosu.com\/TR\/wp-json\/wp\/v2\/pages\/3250\/revisions"}],"predecessor-version":[{"id":3252,"href":"https:\/\/isitmakablosu.com\/TR\/wp-json\/wp\/v2\/pages\/3250\/revisions\/3252"}],"wp:attachment":[{"href":"https:\/\/isitmakablosu.com\/TR\/wp-json\/wp\/v2\/media?parent=3250"}],"curies":[{"name":"wp","href":"https:\/\/api.w.org\/{rel}","templated":true}]}}