{"id":70,"date":"2013-02-18T16:24:42","date_gmt":"2013-02-18T14:24:42","guid":{"rendered":"http:\/\/septimus.wp.themewoodmen.createit.pl\/?page_id=70"},"modified":"2020-12-16T18:33:55","modified_gmt":"2020-12-16T15:33:55","slug":"iletisim","status":"publish","type":"page","link":"https:\/\/isitmakablosu.com\/TR\/iletisim\/","title":{"rendered":"\u0130leti\u015fim"},"content":{"rendered":"<div class=\"fusion-fullwidth fullwidth-box fusion-builder-row-1 nonhundred-percent-fullwidth non-hundred-percent-height-scrolling\" style=\"--awb-border-radius-top-left:0px;--awb-border-radius-top-right:0px;--awb-border-radius-bottom-right:0px;--awb-border-radius-bottom-left:0px;--awb-flex-wrap:wrap;\" ><div class=\"fusion-builder-row fusion-row\"><div class=\"fusion-layout-column fusion_builder_column fusion-builder-column-0 fusion_builder_column_1_1 1_1 fusion-one-full fusion-column-first fusion-column-last\" style=\"--awb-bg-size:cover;--awb-margin-bottom:0px;\"><div class=\"fusion-column-wrapper fusion-flex-column-wrapper-legacy\"><div class=\"fusion-text fusion-text-1\"><p><center><br \/>\n<center><strong> PARTNERS Yap\u0131 Proje \u0130n\u015f. San.Tic. Ltd.\u015eti.<\/strong><strong>Merkez Ofis\u00a0<\/strong>\u00a0<\/center><center><center>Otomer Galericiler Sitesi Ey\u00fcpsultan Mah.<\/center><center>Yadigar Cad. D\u00fckkan:B-39<\/center><center>Sancaktepe\/\u0130stanbul<\/center><center>Telefon : +90 216 311 6216<\/center><\/center><center>E-Posta : <a href=\"mailto:info@partnersyapi.com\">info@partnersyapi.com<\/a><\/center>\u00a0<\/center><\/p>\n<\/div><div class=\"fusion-clearfix\"><\/div><\/div><\/div><div class=\"fusion-layout-column fusion_builder_column fusion-builder-column-1 fusion_builder_column_1_1 1_1 fusion-one-full fusion-column-first fusion-column-last\" style=\"--awb-bg-size:cover;\"><div class=\"fusion-column-wrapper fusion-column-has-shadow fusion-flex-column-wrapper-legacy\"><div class=\"fusion-aligncenter\"><a class=\"fusion-button button-flat fusion-button-default-size button-default fusion-button-default button-1 fusion-button-default-span fusion-button-default-type\" target=\"_blank\" rel=\"noopener noreferrer\" href=\"http:\/\/isitmakablosu.com\/isitma-kablosu-katalog.pdf\"><span class=\"fusion-button-text awb-button__text awb-button__text--default\">Detayl\u0131 Tan\u0131t\u0131m Dosyam\u0131z\u0131 \u0130ndirebilirsiniz<\/span><\/a><\/div><div class=\"fusion-clearfix\"><\/div><\/div><\/div><\/div><\/div>\n","protected":false},"excerpt":{"rendered":"","protected":false},"author":1,"featured_media":0,"parent":0,"menu_order":0,"comment_status":"closed","ping_status":"closed","template":"","meta":{"footnotes":""},"class_list":["post-70","page","type-page","status-publish","hentry"],"_links":{"self":[{"href":"https:\/\/isitmakablosu.com\/TR\/wp-json\/wp\/v2\/pages\/70","targetHints":{"allow":["GET"]}}],"collection":[{"href":"https:\/\/isitmakablosu.com\/TR\/wp-json\/wp\/v2\/pages"}],"about":[{"href":"https:\/\/isitmakablosu.com\/TR\/wp-json\/wp\/v2\/types\/page"}],"author":[{"embeddable":true,"href":"https:\/\/isitmakablosu.com\/TR\/wp-json\/wp\/v2\/users\/1"}],"replies":[{"embeddable":true,"href":"https:\/\/isitmakablosu.com\/TR\/wp-json\/wp\/v2\/comments?post=70"}],"version-history":[{"count":3,"href":"https:\/\/isitmakablosu.com\/TR\/wp-json\/wp\/v2\/pages\/70\/revisions"}],"predecessor-version":[{"id":3258,"href":"https:\/\/isitmakablosu.com\/TR\/wp-json\/wp\/v2\/pages\/70\/revisions\/3258"}],"wp:attachment":[{"href":"https:\/\/isitmakablosu.com\/TR\/wp-json\/wp\/v2\/media?parent=70"}],"curies":[{"name":"wp","href":"https:\/\/api.w.org\/{rel}","templated":true}]}}