{"id":714,"date":"2013-03-12T12:35:35","date_gmt":"2013-03-12T10:35:35","guid":{"rendered":"http:\/\/invia.wp.themeforest.createit.pl\/?page_id=714"},"modified":"2020-03-14T16:06:05","modified_gmt":"2020-03-14T13:06:05","slug":"hakkimizda","status":"publish","type":"page","link":"https:\/\/isitmakablosu.com\/TR\/hakkimizda\/","title":{"rendered":"Hakk\u0131m\u0131zda"},"content":{"rendered":"<div class=\"fusion-fullwidth fullwidth-box fusion-builder-row-1 nonhundred-percent-fullwidth non-hundred-percent-height-scrolling\" style=\"--awb-border-radius-top-left:0px;--awb-border-radius-top-right:0px;--awb-border-radius-bottom-right:0px;--awb-border-radius-bottom-left:0px;--awb-flex-wrap:wrap;\" ><div class=\"fusion-builder-row fusion-row\"><div class=\"fusion-layout-column fusion_builder_column fusion-builder-column-0 fusion_builder_column_1_1 1_1 fusion-one-full fusion-column-first fusion-column-last\" style=\"--awb-bg-size:cover;--awb-margin-bottom:0px;\"><div class=\"fusion-column-wrapper fusion-flex-column-wrapper-legacy\"><div class=\"fusion-text fusion-text-1\"><h4>Nexans T\u00fcrkiye Distrib\u00fct\u00f6r\u00fc<\/h4>\n<p style=\"text-align: justify;\"><span style=\"color: #808080;\">PARTNERS YAPI 2006 y\u0131l\u0131ndan itibaren Nexans Is\u0131tma kablolar\u0131n\u0131n ve Danimarka k\u00f6kenli OJ Electronics Kontrol sistemlerinin T\u00fcrkiye distrib\u00fct\u00f6r l\u00fc\u011f\u00fcn\u00fc yapmakta, T\u00fcrkiye genelinde anahtar teslimi uygulamalar sunan e\u011fitimli \u00e7\u00f6z\u00fcm ortaklar\u0131yla \u00e7al\u0131\u015fmaktad\u0131r.<\/span><\/p>\n<p style=\"text-align: justify;\"><span style=\"color: #808080;\">2006 y\u0131l\u0131ndan beri \u0131s\u0131tma kablolar\u0131 sekt\u00f6r\u00fcnde faaliyet g\u00f6steren grubumuz bu konuda T\u00fcrkiye\u2019deki say\u0131l\u0131 \u00f6nc\u00fc firmalardan biridir. Firmam\u0131z ve \u00e7\u00f6z\u00fcm ortaklar\u0131m\u0131z sekt\u00f6rdeki 10 y\u0131ll\u0131k s\u00fcrecinde T\u00fcrkiye\u2019nin \u00e7e\u015fitli b\u00f6lgeleri ve T\u00fcrkiye d\u0131\u015f\u0131nda de\u011fi\u015fik \u0131s\u0131tma kablosu uygulamalar\u0131 ger\u00e7ekle\u015ftirmi\u015ftir.<\/span><\/p>\n<p style=\"text-align: justify;\"><span style=\"color: #808080;\">Partners Yap\u0131,Nexans \u0131s\u0131tma kablolar\u0131n\u0131n T\u00fcrkiye\u2019deki tek sat\u0131\u015f yetkilisidir.<\/span><\/p>\n<ul style=\"text-align: justify;\">\n<li><span style=\"color: #808080;\">Seri Rezistansl\u0131 \u0131s\u0131tma Kablolar\u0131<\/span><\/li>\n<li><span style=\"color: #808080;\">Kendinden S\u0131n\u0131rlay\u0131c\u0131 (Kendinden reg\u00fcleli) \u0131s\u0131tma Kablolar\u0131<\/span><\/li>\n<li><span style=\"color: #808080;\">\u0131s\u0131tma Kablolar\u0131 Kontrol Sistemleri (Termostatlar)<\/span><\/li>\n<\/ul>\n<p style=\"text-align: justify;\"><span style=\"color: #808080;\">Seri rezistansl\u0131 \u0131s\u0131tma kablosu kategorisinde, d\u00fcnyada \u0131s\u0131tma kablosu \u00fcretilen en b\u00fcy\u00fck kablo \u00fcreticisi Nexans \u00fcr\u00fcnlerini ve t\u00fcm \u0131s\u0131tma kablolar\u0131n\u0131n tetikleme sistemi olarak Avrupa\u2019n\u0131n en \u00f6nemli termostat \u00fcreticisi OJ Electronics firma s\u0131n\u0131n \u00fcr\u00fcnlerini kullanmaktay\u0131z.<\/span><\/p>\n<p><center><img decoding=\"async\" class=\"alignnone size-full wp-image-2461\" src=\"http:\/\/isitmakablosu.com\/tr\/wp-content\/uploads\/2016\/02\/nex-logo.png\" alt=\"nex-logo\" width=\"300\" height=\"111\" srcset=\"https:\/\/isitmakablosu.com\/TR\/wp-content\/uploads\/2016\/02\/nex-logo-200x74.png 200w, https:\/\/isitmakablosu.com\/TR\/wp-content\/uploads\/2016\/02\/nex-logo.png 300w\" sizes=\"(max-width: 300px) 100vw, 300px\" \/><img decoding=\"async\" class=\"alignnone size-full wp-image-1638\" src=\"http:\/\/isitmakablosu.com\/tr\/wp-content\/uploads\/2013\/03\/oj.png\" alt=\"oj\" width=\"124\" height=\"94\" \/><\/center><\/p>\n<\/div><div class=\"fusion-clearfix\"><\/div><\/div><\/div><\/div><\/div>\n","protected":false},"excerpt":{"rendered":"","protected":false},"author":1,"featured_media":0,"parent":0,"menu_order":0,"comment_status":"closed","ping_status":"closed","template":"","meta":{"footnotes":""},"class_list":["post-714","page","type-page","status-publish","hentry"],"_links":{"self":[{"href":"https:\/\/isitmakablosu.com\/TR\/wp-json\/wp\/v2\/pages\/714","targetHints":{"allow":["GET"]}}],"collection":[{"href":"https:\/\/isitmakablosu.com\/TR\/wp-json\/wp\/v2\/pages"}],"about":[{"href":"https:\/\/isitmakablosu.com\/TR\/wp-json\/wp\/v2\/types\/page"}],"author":[{"embeddable":true,"href":"https:\/\/isitmakablosu.com\/TR\/wp-json\/wp\/v2\/users\/1"}],"replies":[{"embeddable":true,"href":"https:\/\/isitmakablosu.com\/TR\/wp-json\/wp\/v2\/comments?post=714"}],"version-history":[{"count":1,"href":"https:\/\/isitmakablosu.com\/TR\/wp-json\/wp\/v2\/pages\/714\/revisions"}],"predecessor-version":[{"id":3033,"href":"https:\/\/isitmakablosu.com\/TR\/wp-json\/wp\/v2\/pages\/714\/revisions\/3033"}],"wp:attachment":[{"href":"https:\/\/isitmakablosu.com\/TR\/wp-json\/wp\/v2\/media?parent=714"}],"curies":[{"name":"wp","href":"https:\/\/api.w.org\/{rel}","templated":true}]}}